
{"id":64449,"date":"2023-10-30T15:39:22","date_gmt":"2023-10-30T14:39:22","guid":{"rendered":"https:\/\/stonehouse.se\/?post_type=product&#038;p=64449"},"modified":"2026-03-14T18:11:11","modified_gmt":"2026-03-14T17:11:11","slug":"larmdekal-aluminium-liten-a8-52x74mm","status":"publish","type":"product","link":"https:\/\/stonehouse.se\/en\/product\/larmdekal-aluminium-liten-a8-52x74mm\/","title":{"rendered":"Larmdekal Aluminium Sj\u00e4lvh\u00e4ftande Liten (A8) 52x74mm"},"content":{"rendered":"<p><em>V\u00e5ra aluminiumlarmdekaler \u00e4r konstruerade f\u00f6r att s\u00e4kerst\u00e4lla att din s\u00e4kerhet \u00e4r synlig och tydlig, oavsett omgivande f\u00f6rh\u00e5llanden. Tillverkade med noggrannhet f\u00f6r att m\u00f6ta de kr\u00e4vande f\u00f6rh\u00e5llandena i skandinaviskt klimat, \u00e4r dessa dekaler utrustade med \u00f6verl\u00e4gsen h\u00e5llbarhet och motst\u00e5ndskraft. De \u00e4r utformade f\u00f6r att st\u00e5 emot v\u00e4derp\u00e5verkan, fr\u00e5n isande kyla till h\u00e5rda regn, vilket g\u00f6r dem idealiska f\u00f6r utomhusbruk. Med 3M dubbelsidig tejpad v\u00e4vnad p\u00e5 baksidan, erbjuder dessa dekaler enkel och p\u00e5litlig montering p\u00e5 olika ytor.<\/p>\n<p>F\u00f6rtroendeingivande, tydliga och l\u00e5ngvariga &#8211; det \u00e4r vad v\u00e5ra aluminiumlarmdekaler erbjuder f\u00f6r att h\u00f6ja s\u00e4kerheten till n\u00e4sta niv\u00e5.\u00a0<\/em><\/p>\n<p>Larmdekaler fungerar som en stark visuell avskr\u00e4ckande faktor f\u00f6r potentiella intr\u00e5ngsf\u00f6rs\u00f6k.<\/p>\n<p><strong>Robust och T\u00e5lig<\/strong><br \/>\nTillverkad av h\u00f6gkvalitativt aluminium. V\u00e5ra larmdekaler \u00e4r utformade f\u00f6r att st\u00e5 emot b\u00e5de slitage och temperatur. Du kan vara s\u00e4ker p\u00e5 att de kommer att h\u00e5lla sig i toppskick oavsett v\u00e4der.<\/p>\n<p>Denna larmdekal \u00e4r lika effektiv inomhus som utomhus. Anpassa efter dina specifika behov.<\/p>\n<h3>Areas of use:<\/h3>\n<ul>\n<li><strong>Hemmet:<\/strong> Skydda din familj och ditt hem genom att applicera dessa larmdekaler p\u00e5 alla viktiga ing\u00e5ngar.<br \/>\n<strong>F\u00f6retaget:<\/strong> F\u00f6rb\u00e4ttra s\u00e4kerheten p\u00e5 din arbetsplats genom att synligg\u00f6ra de mest kritiska omr\u00e5dena f\u00f6r b\u00e5de anst\u00e4llda och bes\u00f6kare.<br \/>\n<strong>Butiker och Verksamheter:<\/strong> Skapa en tryggare milj\u00f6 f\u00f6r dina kunder och personal genom att markera de mest relevanta ing\u00e5ngarna och utg\u00e5ngarna.<\/li>\n<\/ul>\n<h3>Produktspecifikationer:<\/h3>\n<ul>\n<li>Material: Aluminium<\/li>\n<li>M\u00e5tt: 52x74mm<\/li>\n<\/ul>\n<h3>Paketet Inkluderar:<\/h3>\n<ul>\n<li>1st 52x74mm sj\u00e4lvh\u00e4ftande larmdekal i aluminium\n<p>Varje dekal \u00e4r en investering i din s\u00e4kerhet!<\/li>\n<\/ul>","protected":false},"excerpt":{"rendered":"<p><em>Liten larmdekal. F\u00f6rst\u00e4rk s\u00e4kerheten med v\u00e5ra aluminiumlarmdekaler, skapade f\u00f6r att st\u00e5 emot tuffa skandinaviska klimatf\u00f6rh\u00e5llanden. Perfekta f\u00f6r utomhusbruk.<\/em><\/p>","protected":false},"featured_media":81003,"template":"","meta":{"_acf_changed":false},"product_brand":[],"product_cat":[1688,1687],"product_tag":[2490],"class_list":{"0":"post-64449","1":"product","2":"type-product","3":"status-publish","4":"has-post-thumbnail","6":"product_cat-larmdekaler-standard","7":"product_cat-larmdekaler","8":"product_tag-nyhet","9":"product_shipping_class-dekaler-skyltar","10":"tm-no-options","12":"first","13":"outofstock","14":"sale","15":"featured","16":"taxable","17":"shipping-taxable","18":"product-type-simple"},"acf":[],"_links":{"self":[{"href":"https:\/\/stonehouse.se\/en\/wp-json\/wp\/v2\/product\/64449","targetHints":{"allow":["GET"]}}],"collection":[{"href":"https:\/\/stonehouse.se\/en\/wp-json\/wp\/v2\/product"}],"about":[{"href":"https:\/\/stonehouse.se\/en\/wp-json\/wp\/v2\/types\/product"}],"wp:featuredmedia":[{"embeddable":true,"href":"https:\/\/stonehouse.se\/en\/wp-json\/wp\/v2\/media\/81003"}],"wp:attachment":[{"href":"https:\/\/stonehouse.se\/en\/wp-json\/wp\/v2\/media?parent=64449"}],"wp:term":[{"taxonomy":"product_brand","embeddable":true,"href":"https:\/\/stonehouse.se\/en\/wp-json\/wp\/v2\/product_brand?post=64449"},{"taxonomy":"product_cat","embeddable":true,"href":"https:\/\/stonehouse.se\/en\/wp-json\/wp\/v2\/product_cat?post=64449"},{"taxonomy":"product_tag","embeddable":true,"href":"https:\/\/stonehouse.se\/en\/wp-json\/wp\/v2\/product_tag?post=64449"}],"curies":[{"name":"wp","href":"https:\/\/api.w.org\/{rel}","templated":true}]}}