
{"id":64454,"date":"2023-10-30T15:39:28","date_gmt":"2023-10-30T14:39:28","guid":{"rendered":"https:\/\/stonehouse.se\/?post_type=product&#038;p=64454"},"modified":"2025-12-31T21:04:33","modified_gmt":"2025-12-31T20:04:33","slug":"larmdekal-aluminium-stor-a5-148x210mm","status":"publish","type":"product","link":"https:\/\/stonehouse.se\/en\/product\/larmdekal-aluminium-stor-a5-148x210mm\/","title":{"rendered":"Larmdekal Aluminium Stor (A5) 148x210mm"},"content":{"rendered":"<p><em>Tillverkade med noggrannhet f\u00f6r att m\u00f6ta de kr\u00e4vande f\u00f6rh\u00e5llandena i skandinaviskt klimat, \u00e4r dessa dekaler utrustade med \u00f6verl\u00e4gsen h\u00e5llbarhet och motst\u00e5ndskraft. <\/em><\/p>\n<p><em>De \u00e4r utformade f\u00f6r att st\u00e5 emot v\u00e4derp\u00e5verkan, fr\u00e5n isande kyla till h\u00e5rda regn, vilket g\u00f6r dem idealiska f\u00f6r utomhusbruk. <\/em><\/p>\n<p><em>Med 3M dubbelsidig tejpad v\u00e4vnad p\u00e5 baksidan, erbjuder dessa dekaler enkel och p\u00e5litlig montering p\u00e5 olika ytor.<\/em><\/p>\n<p><strong>Robust och T\u00e5lig<\/strong><br \/>\nTillverkad av h\u00f6gkvalitativt aluminium. V\u00e5ra larmdekaler \u00e4r utformade f\u00f6r att st\u00e5 emot b\u00e5de slitage och temperatur. Du kan vara s\u00e4ker p\u00e5 att de kommer att h\u00e5lla sig i toppskick oavsett v\u00e4der.<\/p>\n<p>Denna larmdekal \u00e4r lika effektiv inomhus som utomhus. Anpassa efter dina specifika behov.<\/p>\n<h3>Produktspecifikationer:<\/h3>\n<ul>\n<li>Material: Aluminium<\/li>\n<li>M\u00e5tt: 148x210mm<\/li>\n<\/ul>\n<h3>Paketet Inkluderar:<\/h3>\n<ul>\n<li>1st 148x210mm sj\u00e4lvh\u00e4ftande larmdekal i aluminium&nbsp;<\/li>\n<\/ul>","protected":false},"excerpt":{"rendered":"<p><em>Extra stor larmdekal. F\u00f6rst\u00e4rk s\u00e4kerheten med v\u00e5ra aluminiumlarmdekaler, skapade f\u00f6r att st\u00e5 emot tuffa skandinaviska klimatf\u00f6rh\u00e5llanden. Perfekta f\u00f6r utomhusbruk.<\/em><\/p>","protected":false},"featured_media":80996,"template":"","meta":{"_acf_changed":false},"product_brand":[],"product_cat":[1688,1687],"product_tag":[2490],"class_list":{"0":"post-64454","1":"product","2":"type-product","3":"status-publish","4":"has-post-thumbnail","6":"product_cat-larmdekaler-standard","7":"product_cat-larmdekaler","8":"product_tag-nyhet","9":"product_shipping_class-dekaler-skyltar","10":"tm-no-options","12":"first","13":"outofstock","14":"sale","15":"featured","16":"taxable","17":"shipping-taxable","18":"product-type-simple"},"acf":[],"_links":{"self":[{"href":"https:\/\/stonehouse.se\/en\/wp-json\/wp\/v2\/product\/64454","targetHints":{"allow":["GET"]}}],"collection":[{"href":"https:\/\/stonehouse.se\/en\/wp-json\/wp\/v2\/product"}],"about":[{"href":"https:\/\/stonehouse.se\/en\/wp-json\/wp\/v2\/types\/product"}],"wp:featuredmedia":[{"embeddable":true,"href":"https:\/\/stonehouse.se\/en\/wp-json\/wp\/v2\/media\/80996"}],"wp:attachment":[{"href":"https:\/\/stonehouse.se\/en\/wp-json\/wp\/v2\/media?parent=64454"}],"wp:term":[{"taxonomy":"product_brand","embeddable":true,"href":"https:\/\/stonehouse.se\/en\/wp-json\/wp\/v2\/product_brand?post=64454"},{"taxonomy":"product_cat","embeddable":true,"href":"https:\/\/stonehouse.se\/en\/wp-json\/wp\/v2\/product_cat?post=64454"},{"taxonomy":"product_tag","embeddable":true,"href":"https:\/\/stonehouse.se\/en\/wp-json\/wp\/v2\/product_tag?post=64454"}],"curies":[{"name":"wp","href":"https:\/\/api.w.org\/{rel}","templated":true}]}}