
{"id":64903,"date":"2023-11-23T09:56:32","date_gmt":"2023-11-23T08:56:32","guid":{"rendered":"https:\/\/stonehouse.se\/?post_type=product&#038;p=64903"},"modified":"2026-04-08T16:40:02","modified_gmt":"2026-04-08T14:40:02","slug":"kombidetektor-ir-mv-dt8012f4","status":"publish","type":"product","link":"https:\/\/stonehouse.se\/en\/product\/kombidetektor-ir-mv-dt8012f4\/","title":{"rendered":"Honeywell DT8012F4 KOMBIDETEKTOR IR\/MV"},"content":{"rendered":"<h1>Honeywell KOMBIDETEKTOR IR\/MV DT8012F4<\/h1>\n<p data-start=\"324\" data-end=\"1290\">Honeywell KOMBIDETEKTOR IR\/MV DT8012F4 \u00e4r en h\u00f6gkvalitativ detektor som kombinerar PIR (spegel) och mikrov\u00e5gsteknik f\u00f6r att ge p\u00e5litligt skydd i kommersiella milj\u00f6er d\u00e4r ett klass 2-system kan kr\u00e4vas.<\/p>\n<p data-start=\"324\" data-end=\"1290\">Den levererar f\u00f6rb\u00e4ttrad falsklarmsimmunitet genom patenterade l\u00f6sningar, inklusive DualCore\u2122 signalbearbetning, vilket g\u00f6r den idealisk f\u00f6r omr\u00e5den som \u00e4r sv\u00e5ra att skydda med standardprodukter.<br data-start=\"750\" data-end=\"753\" \/>Denna detektor \u00e4r enkel att installera med en plug-in-funktion mellan bottendelen och detektordelen, vilket minskar installationstiden och komplexiteten.<\/p>\n<p data-start=\"324\" data-end=\"1290\">DT8012F4 har en r\u00e4ckvidd p\u00e5 12 x 17 m och en X-Band mikrov\u00e5gsteknik vid 10,525 GHz, vilket s\u00e4kerst\u00e4ller optimal prestanda f\u00f6r att skydda ditt utrymme.<br data-start=\"1057\" data-end=\"1060\" \/>Dessutom har den en vitljusimmunitet p\u00e5 6,500 Lux och en husdjursimmunitet p\u00e5 45 kg, vilket g\u00f6r den l\u00e4mplig f\u00f6r milj\u00f6er med husdjur.<\/p>\n<p data-start=\"324\" data-end=\"1290\">Detektorn erbjuder ocks\u00e5 godk\u00e4nnanden enligt EN50131-2-4 Grade 2 Class II f\u00f6r s\u00e4ker installation.<\/p>\n<p data-start=\"1292\" data-end=\"1322\"><strong data-start=\"1292\" data-end=\"1320\">Funktioner och f\u00f6rdelar:<\/strong><\/p>\n<ul data-start=\"1323\" data-end=\"1617\">\n<li data-start=\"1323\" data-end=\"1375\">\n<p data-start=\"1325\" data-end=\"1375\">Kombination av PIR och mikrov\u00e5g f\u00f6r h\u00f6g s\u00e4kerhet<\/p>\n<\/li>\n<li data-start=\"1376\" data-end=\"1444\">\n<p data-start=\"1378\" data-end=\"1444\">F\u00f6rb\u00e4ttrad falsklarmsimmunitet genom DualCore\u2122 signalbearbetning<\/p>\n<\/li>\n<li data-start=\"1445\" data-end=\"1488\">\n<p data-start=\"1447\" data-end=\"1488\">Enkel installation med plug-in-funktion<\/p>\n<\/li>\n<li data-start=\"1489\" data-end=\"1519\">\n<p data-start=\"1491\" data-end=\"1519\">Husdjursimmunitet p\u00e5 45 kg<\/p>\n<\/li>\n<li data-start=\"1520\" data-end=\"1551\">\n<p data-start=\"1522\" data-end=\"1551\">Optimal r\u00e4ckvidd: 12 x 17 m<\/p>\n<\/li>\n<li data-start=\"1552\" data-end=\"1617\">\n<p data-start=\"1554\" data-end=\"1617\">Vitljusimmunitet p\u00e5 6,500 Lux f\u00f6r h\u00f6g prestanda i ljusa milj\u00f6er<\/p>\n<\/li>\n<\/ul>\n<p data-start=\"1619\" data-end=\"1650\"><strong data-start=\"1619\" data-end=\"1648\">Tekniska specifikationer:<\/strong><\/p>\n<ul data-start=\"1651\" data-end=\"2238\">\n<li data-start=\"1651\" data-end=\"1689\">\n<p data-start=\"1653\" data-end=\"1689\">Typ av detektering: PIR + Mikrov\u00e5g<\/p>\n<\/li>\n<li data-start=\"1690\" data-end=\"1713\">\n<p data-start=\"1692\" data-end=\"1713\">Detektionszoner: 36<\/p>\n<\/li>\n<li data-start=\"1714\" data-end=\"1737\">\n<p data-start=\"1716\" data-end=\"1737\">R\u00e4ckvidd: 12 x 17 m<\/p>\n<\/li>\n<li data-start=\"1738\" data-end=\"1771\">\n<p data-start=\"1740\" data-end=\"1771\">Frekvens mikrov\u00e5g: 10,525 GHz<\/p>\n<\/li>\n<li data-start=\"1772\" data-end=\"1833\">\n<p data-start=\"1774\" data-end=\"1833\">RFI-immunitet: 20V\/m (10-1000 MHz), 15V\/m (1000-2700 MHz)<\/p>\n<\/li>\n<li data-start=\"1834\" data-end=\"1866\">\n<p data-start=\"1836\" data-end=\"1866\">Str\u00f6mf\u00f6rs\u00f6rjning: 9 &#8211; 15V DC<\/p>\n<\/li>\n<li data-start=\"1867\" data-end=\"1912\">\n<p data-start=\"1869\" data-end=\"1912\">Str\u00f6mf\u00f6rbrukning: 14 mA (max vid 12 V DC)<\/p>\n<\/li>\n<li data-start=\"1913\" data-end=\"1948\">\n<p data-start=\"1915\" data-end=\"1948\">Monteringsh\u00f6jd: 2,3 m (optimal)<\/p>\n<\/li>\n<li data-start=\"1949\" data-end=\"1978\">\n<p data-start=\"1951\" data-end=\"1978\">Larmrel\u00e4: 30 mA @ 25 V DC<\/p>\n<\/li>\n<li data-start=\"1979\" data-end=\"2008\">\n<p data-start=\"1981\" data-end=\"2008\">Sabotage: 30 mA @ 25 V DC<\/p>\n<\/li>\n<li data-start=\"2009\" data-end=\"2037\">\n<p data-start=\"2011\" data-end=\"2037\">Husdjursimmunitet: 45 kg<\/p>\n<\/li>\n<li data-start=\"2038\" data-end=\"2069\">\n<p data-start=\"2040\" data-end=\"2069\">Vitljusimmunitet: 6,500 Lux<\/p>\n<\/li>\n<li data-start=\"2070\" data-end=\"2106\">\n<p data-start=\"2072\" data-end=\"2106\">Driftstemperatur: -10 till +55\u00b0C<\/p>\n<\/li>\n<li data-start=\"2107\" data-end=\"2134\">\n<p data-start=\"2109\" data-end=\"2134\">M\u00e5tt: 98 x 57 x 43,5 mm<\/p>\n<\/li>\n<li data-start=\"2135\" data-end=\"2150\">\n<p data-start=\"2137\" data-end=\"2150\">Vikt: 135 g<\/p>\n<\/li>\n<li data-start=\"2151\" data-end=\"2238\">\n<p data-start=\"2153\" data-end=\"2238\">Godk\u00e4nnanden: EN50131-2-4 Grade 2 Class II, INCERT, IMQ, SBSC, FG, F&amp;P, NCP, GOST-R<\/p>\n<\/li>\n<\/ul>","protected":false},"excerpt":{"rendered":"<p>Kombidetektor med PIR och mikrov\u00e5gsteknik, idealisk f\u00f6r kommersiella milj\u00f6er.<\/p>\n<p>12 x 17 m r\u00e4ckvidd, f\u00f6rb\u00e4ttrad falsklarmsimmunitet och enkel installation.<\/p>","protected":false},"featured_media":81519,"template":"","meta":{"_acf_changed":false},"product_brand":[],"product_cat":[2615,352],"product_tag":[1460,1848],"class_list":{"0":"post-64903","1":"product","2":"type-product","3":"status-publish","4":"has-post-thumbnail","6":"product_cat-rorelse-detektorer","7":"product_cat-outlet","8":"product_tag-rorelsedetektor-kombidetektorer","9":"product_tag-sbsc-larmklass2","10":"product_shipping_class-postnord-varubrev","11":"pa_brands-honeywell","12":"tm-no-options","14":"first","15":"instock","16":"sale","17":"taxable","18":"shipping-taxable","19":"product-type-simple"},"acf":[],"_links":{"self":[{"href":"https:\/\/stonehouse.se\/en\/wp-json\/wp\/v2\/product\/64903","targetHints":{"allow":["GET"]}}],"collection":[{"href":"https:\/\/stonehouse.se\/en\/wp-json\/wp\/v2\/product"}],"about":[{"href":"https:\/\/stonehouse.se\/en\/wp-json\/wp\/v2\/types\/product"}],"wp:featuredmedia":[{"embeddable":true,"href":"https:\/\/stonehouse.se\/en\/wp-json\/wp\/v2\/media\/81519"}],"wp:attachment":[{"href":"https:\/\/stonehouse.se\/en\/wp-json\/wp\/v2\/media?parent=64903"}],"wp:term":[{"taxonomy":"product_brand","embeddable":true,"href":"https:\/\/stonehouse.se\/en\/wp-json\/wp\/v2\/product_brand?post=64903"},{"taxonomy":"product_cat","embeddable":true,"href":"https:\/\/stonehouse.se\/en\/wp-json\/wp\/v2\/product_cat?post=64903"},{"taxonomy":"product_tag","embeddable":true,"href":"https:\/\/stonehouse.se\/en\/wp-json\/wp\/v2\/product_tag?post=64903"}],"curies":[{"name":"wp","href":"https:\/\/api.w.org\/{rel}","templated":true}]}}