
{"id":64904,"date":"2023-11-23T09:56:36","date_gmt":"2023-11-23T08:56:36","guid":{"rendered":"https:\/\/stonehouse.se\/?post_type=product&#038;p=64904"},"modified":"2026-04-08T16:42:24","modified_gmt":"2026-04-08T14:42:24","slug":"kombidetektor-ir-mv-dt8016f4","status":"publish","type":"product","link":"https:\/\/stonehouse.se\/en\/product\/kombidetektor-ir-mv-dt8016f4\/","title":{"rendered":"Honeywell DT8016F4 KOMBIDETEKTOR IR\/MV"},"content":{"rendered":"<h1>Honeywell KOMBIDETEKTOR IR\/MV DT8016F4<\/h1>\n<p data-start=\"324\" data-end=\"1222\">Honeywell KOMBIDETEKTOR IR\/MV DT8016F4 \u00e4r designad f\u00f6r kommersiella milj\u00f6er d\u00e4r ett klass 2-system kr\u00e4vs.<\/p>\n<p data-start=\"324\" data-end=\"1222\">Den kombinerar PIR (spegel) och mikrov\u00e5gsteknik f\u00f6r att ge tillf\u00f6rlitligt skydd med f\u00f6rb\u00e4ttrad falsklarmsimmunitet, tack vare patenterade l\u00f6sningar som DualCore\u2122 signalbearbetning.<\/p>\n<p data-start=\"324\" data-end=\"1222\">Denna detektor \u00e4r perfekt f\u00f6r omr\u00e5den som \u00e4r sv\u00e5ra att skydda med standardprodukter och integrerar totalt fem patenterade l\u00f6sningar f\u00f6r \u00f6kad tillf\u00f6rlitlighet och enklare installation.<\/p>\n<p data-start=\"324\" data-end=\"1222\">DT8016F4 \u00e4r snabb och enkel att installera med plug-in-funktion mellan bottendelen och detektordelen, vilket sparar installationstid och minimerar installationskomplexitet.<\/p>\n<p data-start=\"324\" data-end=\"1222\">Detektorn har en r\u00e4ckvidd p\u00e5 16 x 22 m och anv\u00e4nder X-Band mikrov\u00e5gsteknik vid 10,525 GHz f\u00f6r h\u00f6g s\u00e4kerhet och exakt detektion.<\/p>\n<p data-start=\"324\" data-end=\"1222\">Den integrerade EOL-motst\u00e5ndsfunktionen och g\u00e5ngtestet g\u00f6r installationen \u00e4nnu mer effektiv.<\/p>\n<p data-start=\"1224\" data-end=\"1254\"><strong data-start=\"1224\" data-end=\"1252\">Funktioner och f\u00f6rdelar:<\/strong><\/p>\n<ul data-start=\"1255\" data-end=\"1566\">\n<li data-start=\"1255\" data-end=\"1309\">\n<p data-start=\"1257\" data-end=\"1309\">Kombination av PIR och mikrov\u00e5g f\u00f6r h\u00f6gre s\u00e4kerhet<\/p>\n<\/li>\n<li data-start=\"1310\" data-end=\"1378\">\n<p data-start=\"1312\" data-end=\"1378\">F\u00f6rb\u00e4ttrad falsklarmsimmunitet genom DualCore\u2122 signalbearbetning<\/p>\n<\/li>\n<li data-start=\"1379\" data-end=\"1422\">\n<p data-start=\"1381\" data-end=\"1422\">Enkel installation med plug-in-funktion<\/p>\n<\/li>\n<li data-start=\"1423\" data-end=\"1471\">\n<p data-start=\"1425\" data-end=\"1471\">Inkluderad EOL-motst\u00e5nd och g\u00e5ngtestfunktion<\/p>\n<\/li>\n<li data-start=\"1472\" data-end=\"1504\">\n<p data-start=\"1474\" data-end=\"1504\">Idealisk r\u00e4ckvidd: 16 x 22 m<\/p>\n<\/li>\n<li data-start=\"1505\" data-end=\"1566\">\n<p data-start=\"1507\" data-end=\"1566\">L\u00e5ng livsl\u00e4ngd och p\u00e5litligt skydd i kommersiella milj\u00f6er<\/p>\n<\/li>\n<\/ul>\n<p data-start=\"1568\" data-end=\"1599\"><strong data-start=\"1568\" data-end=\"1597\">Tekniska specifikationer:<\/strong><\/p>\n<ul data-start=\"1600\" data-end=\"2231\">\n<li data-start=\"1600\" data-end=\"1638\">\n<p data-start=\"1602\" data-end=\"1638\">Typ av detektering: PIR + Mikrov\u00e5g<\/p>\n<\/li>\n<li data-start=\"1639\" data-end=\"1662\">\n<p data-start=\"1641\" data-end=\"1662\">Detektionszoner: 36<\/p>\n<\/li>\n<li data-start=\"1663\" data-end=\"1686\">\n<p data-start=\"1665\" data-end=\"1686\">R\u00e4ckvidd: 16 x 22 m<\/p>\n<\/li>\n<li data-start=\"1687\" data-end=\"1720\">\n<p data-start=\"1689\" data-end=\"1720\">Frekvens mikrov\u00e5g: 10,525 GHz<\/p>\n<\/li>\n<li data-start=\"1721\" data-end=\"1782\">\n<p data-start=\"1723\" data-end=\"1782\">RFI-immunitet: 20V\/m (10-1000 MHz), 15V\/m (1000-2700 MHz)<\/p>\n<\/li>\n<li data-start=\"1783\" data-end=\"1815\">\n<p data-start=\"1785\" data-end=\"1815\">Str\u00f6mf\u00f6rs\u00f6rjning: 9 &#8211; 15V DC<\/p>\n<\/li>\n<li data-start=\"1816\" data-end=\"1861\">\n<p data-start=\"1818\" data-end=\"1861\">Str\u00f6mf\u00f6rbrukning: 14 mA (max vid 12 V DC)<\/p>\n<\/li>\n<li data-start=\"1862\" data-end=\"1897\">\n<p data-start=\"1864\" data-end=\"1897\">Monteringsh\u00f6jd: 2,3 m (optimal)<\/p>\n<\/li>\n<li data-start=\"1898\" data-end=\"1927\">\n<p data-start=\"1900\" data-end=\"1927\">Larmrel\u00e4: 30 mA @ 25 V DC<\/p>\n<\/li>\n<li data-start=\"1928\" data-end=\"1957\">\n<p data-start=\"1930\" data-end=\"1957\">Sabotage: 30 mA @ 25 V DC<\/p>\n<\/li>\n<li data-start=\"1958\" data-end=\"2030\">\n<p data-start=\"1960\" data-end=\"2030\">EOL-motst\u00e5nd: Larm &amp; sabotage: 1K, 2.2K, 4.7K &amp; 5.6K (standard = 1K)<\/p>\n<\/li>\n<li data-start=\"2031\" data-end=\"2062\">\n<p data-start=\"2033\" data-end=\"2062\">Vitljusimmunitet: 6,500 Lux<\/p>\n<\/li>\n<li data-start=\"2063\" data-end=\"2099\">\n<p data-start=\"2065\" data-end=\"2099\">Driftstemperatur: -10 till +55\u00b0C<\/p>\n<\/li>\n<li data-start=\"2100\" data-end=\"2127\">\n<p data-start=\"2102\" data-end=\"2127\">M\u00e5tt: 98 x 57 x 43,5 mm<\/p>\n<\/li>\n<li data-start=\"2128\" data-end=\"2143\">\n<p data-start=\"2130\" data-end=\"2143\">Vikt: 135 g<\/p>\n<\/li>\n<li data-start=\"2144\" data-end=\"2231\">\n<p data-start=\"2146\" data-end=\"2231\">Godk\u00e4nnanden: EN50131-2-4 Grade 2 Class II, INCERT, IMQ, SBSC, FG, F&amp;P, NCP, GOST-R<\/p>\n<\/li>\n<\/ul>","protected":false},"excerpt":{"rendered":"<p>Combination detector with PIR and microwave technology, ideal for commercial environments.<\/p>\n<p>16 x 22 m r\u00e4ckvidd, f\u00f6rb\u00e4ttrad falsklarmsimmunitet och enkel installation.<\/p>","protected":false},"featured_media":81399,"template":"","meta":{"_acf_changed":false},"product_brand":[],"product_cat":[2615],"product_tag":[1460,1848],"class_list":{"0":"post-64904","1":"product","2":"type-product","3":"status-publish","4":"has-post-thumbnail","6":"product_cat-rorelse-detektorer","7":"product_tag-rorelsedetektor-kombidetektorer","8":"product_tag-sbsc-larmklass2","9":"product_shipping_class-tunga-paket","10":"pa_brands-honeywell","11":"tm-no-options","13":"first","14":"outofstock","15":"sale","16":"taxable","17":"shipping-taxable","18":"product-type-simple"},"acf":[],"_links":{"self":[{"href":"https:\/\/stonehouse.se\/en\/wp-json\/wp\/v2\/product\/64904","targetHints":{"allow":["GET"]}}],"collection":[{"href":"https:\/\/stonehouse.se\/en\/wp-json\/wp\/v2\/product"}],"about":[{"href":"https:\/\/stonehouse.se\/en\/wp-json\/wp\/v2\/types\/product"}],"wp:featuredmedia":[{"embeddable":true,"href":"https:\/\/stonehouse.se\/en\/wp-json\/wp\/v2\/media\/81399"}],"wp:attachment":[{"href":"https:\/\/stonehouse.se\/en\/wp-json\/wp\/v2\/media?parent=64904"}],"wp:term":[{"taxonomy":"product_brand","embeddable":true,"href":"https:\/\/stonehouse.se\/en\/wp-json\/wp\/v2\/product_brand?post=64904"},{"taxonomy":"product_cat","embeddable":true,"href":"https:\/\/stonehouse.se\/en\/wp-json\/wp\/v2\/product_cat?post=64904"},{"taxonomy":"product_tag","embeddable":true,"href":"https:\/\/stonehouse.se\/en\/wp-json\/wp\/v2\/product_tag?post=64904"}],"curies":[{"name":"wp","href":"https:\/\/api.w.org\/{rel}","templated":true}]}}