
{"id":64917,"date":"2023-11-21T12:39:15","date_gmt":"2023-11-21T11:39:15","guid":{"rendered":"https:\/\/stonehouse.se\/?post_type=product&#038;p=64917"},"modified":"2026-04-08T16:42:49","modified_gmt":"2026-04-08T14:42:49","slug":"ir-detektor-16x22m-is3016","status":"publish","type":"product","link":"https:\/\/stonehouse.se\/en\/product\/ir-detektor-16x22m-is3016\/","title":{"rendered":"Honeywell IS3016 16&#215;22 meter"},"content":{"rendered":"<h1>Honeywell IR-DETEKTOR 16X22M IS3016 16&#215;22 meter<\/h1>\n<p data-start=\"344\" data-end=\"1182\">Honeywell IR-DETEKTOR 16X22M IS3016 \u00e4r designad f\u00f6r kommersiella milj\u00f6er d\u00e4r upp till larmklass 2-system kan kr\u00e4vas.<\/p>\n<p data-start=\"344\" data-end=\"1182\">Denna IR-detektor levererar p\u00e5litligt skydd och f\u00f6rb\u00e4ttrad falsklarmsimmunitet genom fyra patenterade l\u00f6sningar som \u00f6kar tillf\u00f6rlitligheten och s\u00e4kerheten.<br data-start=\"646\" data-end=\"649\" \/>Detektorn har ett t\u00e4ckningsomr\u00e5de p\u00e5 16 x 22 m och \u00e4r enkel att installera via plug-in-funktion mellan bottendelen och detektordelen.<\/p>\n<p data-start=\"344\" data-end=\"1182\">F\u00f6r ytterligare installationseffektivitet erbjuder IS3016 integrerade EOL-motst\u00e5nd och en f\u00f6rb\u00e4ttrad g\u00e5ngtestfunktion som sparar tid under installationen.<br data-start=\"937\" data-end=\"940\" \/>Med en detekteringsr\u00e4ckvidd p\u00e5 16 x 22 m och 36 detektionszoner, samt en robust RFI-immunitet p\u00e5 15 V\/m (80 MHz \u2013 2,7 GHz), ger denna detektor h\u00f6g s\u00e4kerhet i alla kommersiella milj\u00f6er.<\/p>\n<p data-start=\"344\" data-end=\"1182\">Monteringsh\u00f6jden p\u00e5 2,3 m s\u00e4kerst\u00e4ller optimal prestanda.<\/p>\n<p data-start=\"1184\" data-end=\"1214\"><strong data-start=\"1184\" data-end=\"1212\">Funktioner och f\u00f6rdelar:<\/strong><\/p>\n<ul data-start=\"1215\" data-end=\"1527\">\n<li data-start=\"1215\" data-end=\"1258\">\n<p data-start=\"1217\" data-end=\"1258\">PIR (spegel) detektion f\u00f6r h\u00f6g s\u00e4kerhet<\/p>\n<\/li>\n<li data-start=\"1259\" data-end=\"1289\">\n<p data-start=\"1261\" data-end=\"1289\">16 x 22 m bevakningsomr\u00e5de<\/p>\n<\/li>\n<li data-start=\"1290\" data-end=\"1350\">\n<p data-start=\"1292\" data-end=\"1350\">F\u00f6rb\u00e4ttrad falsklarmsimmunitet med patenterade l\u00f6sningar<\/p>\n<\/li>\n<li data-start=\"1351\" data-end=\"1394\">\n<p data-start=\"1353\" data-end=\"1394\">Enkel installation med plug-in-funktion<\/p>\n<\/li>\n<li data-start=\"1395\" data-end=\"1466\">\n<p data-start=\"1397\" data-end=\"1466\">Integrerat EOL-motst\u00e5nd och g\u00e5ngtestfunktion f\u00f6r snabb installation<\/p>\n<\/li>\n<li data-start=\"1467\" data-end=\"1527\">\n<p data-start=\"1469\" data-end=\"1527\">P\u00e5litlig s\u00e4kerhet med 36 detektionszoner och RFI-immunitet<\/p>\n<\/li>\n<\/ul>\n<p data-start=\"1529\" data-end=\"1560\"><strong data-start=\"1529\" data-end=\"1558\">Tekniska specifikationer:<\/strong><\/p>\n<ul data-start=\"1561\" data-end=\"2255\">\n<li data-start=\"1561\" data-end=\"1597\">\n<p data-start=\"1563\" data-end=\"1597\">Typ av detektering: PIR (spegel)<\/p>\n<\/li>\n<li data-start=\"1598\" data-end=\"1629\">\n<p data-start=\"1600\" data-end=\"1629\">Bevakningsomr\u00e5de: 16 x 22 m<\/p>\n<\/li>\n<li data-start=\"1630\" data-end=\"1702\">\n<p data-start=\"1632\" data-end=\"1702\">EOL-motst\u00e5nd: Larm &amp; sabotage: 1K, 2.2K, 4.7K &amp; 5.6K (standard = 1K)<\/p>\n<\/li>\n<li data-start=\"1703\" data-end=\"1728\">\n<p data-start=\"1705\" data-end=\"1728\">Detekteringszoner: 36<\/p>\n<\/li>\n<li data-start=\"1729\" data-end=\"1747\">\n<p data-start=\"1731\" data-end=\"1747\">G\u00e5ngtest: 20 s<\/p>\n<\/li>\n<li data-start=\"1748\" data-end=\"1791\">\n<p data-start=\"1750\" data-end=\"1791\">RFI-immunitet: 15 V\/m, 80 MHz \u2013 2.7 GHz<\/p>\n<\/li>\n<li data-start=\"1792\" data-end=\"1825\">\n<p data-start=\"1794\" data-end=\"1825\">Str\u00f6mf\u00f6rs\u00f6rjning: 9 &#8211; 15 V DC<\/p>\n<\/li>\n<li data-start=\"1826\" data-end=\"1874\">\n<p data-start=\"1828\" data-end=\"1874\">Str\u00f6mf\u00f6rbrukning: 7 mA (typisk), 11 mA (max)<\/p>\n<\/li>\n<li data-start=\"1875\" data-end=\"1910\">\n<p data-start=\"1877\" data-end=\"1910\">Monteringsh\u00f6jd: 2,3 m (optimal)<\/p>\n<\/li>\n<li data-start=\"1911\" data-end=\"1979\">\n<p data-start=\"1913\" data-end=\"1979\">Larmrel\u00e4: Form A \/ 30 mA@25 V DC, max. 22 Ohm \/ Varaktighet: 3 s<\/p>\n<\/li>\n<li data-start=\"1980\" data-end=\"2034\">\n<p data-start=\"1982\" data-end=\"2034\">Sabotage: Form A \/ 30 mA@25 V DC \u2013 kapsling &amp; v\u00e4gg<\/p>\n<\/li>\n<li data-start=\"2035\" data-end=\"2072\">\n<p data-start=\"2037\" data-end=\"2072\">Temperaturomr\u00e5de: -10 till +55 \u00b0C<\/p>\n<\/li>\n<li data-start=\"2073\" data-end=\"2099\">\n<p data-start=\"2075\" data-end=\"2099\">M\u00e5tt: 116 x 70 x 43 mm<\/p>\n<\/li>\n<li data-start=\"2100\" data-end=\"2115\">\n<p data-start=\"2102\" data-end=\"2115\">Vikt: 118 g<\/p>\n<\/li>\n<li data-start=\"2116\" data-end=\"2255\">\n<p data-start=\"2118\" data-end=\"2255\">Godk\u00e4nnanden: EN50131-2-2 Grade 2 Class II, NF&amp;A2P 3 shields, INCERT, IMQ, SBSC: SSF1014 larmklass 2, FG, F&amp;P, NCP, GOST-R, PD6662:2010<\/p>\n<\/li>\n<\/ul>","protected":false},"excerpt":{"rendered":"<p>IR-detektor med 16 x 22 m r\u00e4ckvidd, PIR (spegel) detektion, integrerat EOL-motst\u00e5nd och f\u00f6rb\u00e4ttrad g\u00e5ngtestfunktion.<\/p>\n<p>Enkel installation och h\u00f6g s\u00e4kerhet f\u00f6r kommersiella milj\u00f6er.<\/p>","protected":false},"featured_media":81815,"template":"","meta":{"_acf_changed":false},"product_brand":[],"product_cat":[2615],"product_tag":[1459,1848],"class_list":{"0":"post-64917","1":"product","2":"type-product","3":"status-publish","4":"has-post-thumbnail","6":"product_cat-rorelse-detektorer","7":"product_tag-rorelsedetektor-ir-detektorer","8":"product_tag-sbsc-larmklass2","9":"product_shipping_class-tunga-paket","10":"pa_brands-honeywell","11":"tm-no-options","13":"first","14":"instock","15":"sale","16":"taxable","17":"shipping-taxable","18":"product-type-simple"},"acf":[],"_links":{"self":[{"href":"https:\/\/stonehouse.se\/en\/wp-json\/wp\/v2\/product\/64917","targetHints":{"allow":["GET"]}}],"collection":[{"href":"https:\/\/stonehouse.se\/en\/wp-json\/wp\/v2\/product"}],"about":[{"href":"https:\/\/stonehouse.se\/en\/wp-json\/wp\/v2\/types\/product"}],"wp:featuredmedia":[{"embeddable":true,"href":"https:\/\/stonehouse.se\/en\/wp-json\/wp\/v2\/media\/81815"}],"wp:attachment":[{"href":"https:\/\/stonehouse.se\/en\/wp-json\/wp\/v2\/media?parent=64917"}],"wp:term":[{"taxonomy":"product_brand","embeddable":true,"href":"https:\/\/stonehouse.se\/en\/wp-json\/wp\/v2\/product_brand?post=64917"},{"taxonomy":"product_cat","embeddable":true,"href":"https:\/\/stonehouse.se\/en\/wp-json\/wp\/v2\/product_cat?post=64917"},{"taxonomy":"product_tag","embeddable":true,"href":"https:\/\/stonehouse.se\/en\/wp-json\/wp\/v2\/product_tag?post=64917"}],"curies":[{"name":"wp","href":"https:\/\/api.w.org\/{rel}","templated":true}]}}