
{"id":65034,"date":"2023-11-28T17:19:34","date_gmt":"2023-11-28T16:19:34","guid":{"rendered":"https:\/\/stonehouse.se\/produkt\/detektorsockel-b401rm1000\/"},"modified":"2025-12-31T21:02:16","modified_gmt":"2025-12-31T20:02:16","slug":"detektorsockel-b401rm1000","status":"publish","type":"product","link":"https:\/\/stonehouse.se\/en\/product\/detektorsockel-b401rm1000\/","title":{"rendered":"DETEKTORSOCKEL B401RM1000"},"content":{"rendered":"<p>Detektorsockel f\u00f6r montering tillsammans med detektorer i System Sensor 300-serien.<br \/>\nB401RM har \u00e4ven utg\u00e5ng f\u00f6r yttre indikering.<\/p>\n<p><span class=\"produkt-egenskap\"><span class=\"label\">F\u00e4rg:\u00a0<\/span><span class=\"value\">Vit<\/span><\/span><\/p>\n<p><span class=\"produkt-egenskap\"><span class=\"label\">H\u00f6jd: 20<\/span><span class=\"value\">\u00a0mm<\/span><\/span><\/p>\n<p><span class=\"produkt-egenskap\"><span class=\"label\">Diameter:\u00a0<\/span><span class=\"value\">102 mm<\/span><\/span><\/p>","protected":false},"excerpt":{"rendered":"<p>Detektorsockel f\u00f6r montering tillsammans med detektorer i System Sensor 300-serien. B401RM har \u00e4ven utg\u00e5ng f\u00f6r yttre indikering. F\u00e4rg:\u00a0Vit H\u00f6jd: 20\u00a0mm<\/p>","protected":false},"featured_media":81635,"template":"","meta":{"_acf_changed":false},"product_brand":[],"product_cat":[3696],"product_tag":[],"class_list":{"0":"post-65034","1":"product","2":"type-product","3":"status-publish","4":"has-post-thumbnail","6":"product_cat-300-serien","7":"product_shipping_class-postnord-varubrev","8":"pa_brands-system-sensor","9":"tm-no-options","11":"first","12":"instock","13":"sale","14":"featured","15":"taxable","16":"shipping-taxable","17":"product-type-simple"},"acf":[],"_links":{"self":[{"href":"https:\/\/stonehouse.se\/en\/wp-json\/wp\/v2\/product\/65034","targetHints":{"allow":["GET"]}}],"collection":[{"href":"https:\/\/stonehouse.se\/en\/wp-json\/wp\/v2\/product"}],"about":[{"href":"https:\/\/stonehouse.se\/en\/wp-json\/wp\/v2\/types\/product"}],"wp:featuredmedia":[{"embeddable":true,"href":"https:\/\/stonehouse.se\/en\/wp-json\/wp\/v2\/media\/81635"}],"wp:attachment":[{"href":"https:\/\/stonehouse.se\/en\/wp-json\/wp\/v2\/media?parent=65034"}],"wp:term":[{"taxonomy":"product_brand","embeddable":true,"href":"https:\/\/stonehouse.se\/en\/wp-json\/wp\/v2\/product_brand?post=65034"},{"taxonomy":"product_cat","embeddable":true,"href":"https:\/\/stonehouse.se\/en\/wp-json\/wp\/v2\/product_cat?post=65034"},{"taxonomy":"product_tag","embeddable":true,"href":"https:\/\/stonehouse.se\/en\/wp-json\/wp\/v2\/product_tag?post=65034"}],"curies":[{"name":"wp","href":"https:\/\/api.w.org\/{rel}","templated":true}]}}