
{"id":66800,"date":"2023-12-11T14:06:03","date_gmt":"2023-12-11T13:06:03","guid":{"rendered":"https:\/\/stonehouse.se\/produkt\/rfid-tagg-glasfiber-hd-mifare4k-for-larm-passersystem\/"},"modified":"2026-03-31T18:45:40","modified_gmt":"2026-03-31T16:45:40","slug":"tagg-mifare4k-uranus-hd-mifare4k-svart","status":"publish","type":"product","link":"https:\/\/stonehouse.se\/en\/product\/tagg-mifare4k-uranus-hd-mifare4k-svart\/","title":{"rendered":"Tagg Mifare4k Uranus HD Std.Nr  Vandals\u00e4ker"},"content":{"rendered":"<h1>Tagg Mifare4k Uranus HD<\/h1>\n<p>Uranus HD \u00e4r en t\u00e5lig och p\u00e5litlig tagg f\u00f6r f\u00f6retag, fastigheter och andra verksamheter som beh\u00f6ver en smidig l\u00f6sning f\u00f6r tilltr\u00e4de, identifiering och bokning. Den \u00e4r tillverkad i ett stenh\u00e5rt material, \u00e4r endast 1,6 mm tunn, samt b\u00e5de vattent\u00e4t och vandals\u00e4ker, vilket g\u00f6r den v\u00e4l l\u00e4mpad f\u00f6r daglig anv\u00e4ndning i kr\u00e4vande milj\u00f6er.<\/p>\n<p><span style=\"text-decoration: underline;\"><strong>Mifare:\u00a0 MFR=RCO, MFV=Axema VAKA, MFD=Decimal utl\u00e4sning f\u00f6r \u00f6vriga system inom den svenska marknaden.<\/strong><\/span><\/p>\n<div><\/div>","protected":false},"excerpt":{"rendered":"<p>Tagg Uranus HD. Vandals\u00e4ker,vattent\u00e4t och endast 1.6 mm tunn i ett stenh\u00e5rt glasfibermaterial.<\/p>","protected":false},"featured_media":80564,"template":"","meta":{"_acf_changed":false},"product_brand":[],"product_cat":[3543,362],"product_tag":[1769,1284,3403,2304],"class_list":{"0":"post-66800","1":"product","2":"type-product","3":"status-publish","4":"has-post-thumbnail","6":"product_cat-alla-taggar-i-butiken","7":"product_cat-rfid-tag-hd","8":"product_tag-250-moq-hd","9":"product_tag-ej-lagerfraga","10":"product_tag-nxp","11":"product_tag-stonehouse-produkt","12":"product_shipping_class-postnord-varubrev","13":"pa_brands-stonehouse-security","14":"pa_chip-teknik-mifare1k","15":"pa_farg-svart","16":"pa_tagg-glasfiber-tagg-glasfiber-hd","17":"tm-no-options","19":"first","20":"instock","21":"sale","22":"featured","23":"taxable","24":"shipping-taxable","25":"product-type-simple"},"acf":[],"_links":{"self":[{"href":"https:\/\/stonehouse.se\/en\/wp-json\/wp\/v2\/product\/66800","targetHints":{"allow":["GET"]}}],"collection":[{"href":"https:\/\/stonehouse.se\/en\/wp-json\/wp\/v2\/product"}],"about":[{"href":"https:\/\/stonehouse.se\/en\/wp-json\/wp\/v2\/types\/product"}],"wp:featuredmedia":[{"embeddable":true,"href":"https:\/\/stonehouse.se\/en\/wp-json\/wp\/v2\/media\/80564"}],"wp:attachment":[{"href":"https:\/\/stonehouse.se\/en\/wp-json\/wp\/v2\/media?parent=66800"}],"wp:term":[{"taxonomy":"product_brand","embeddable":true,"href":"https:\/\/stonehouse.se\/en\/wp-json\/wp\/v2\/product_brand?post=66800"},{"taxonomy":"product_cat","embeddable":true,"href":"https:\/\/stonehouse.se\/en\/wp-json\/wp\/v2\/product_cat?post=66800"},{"taxonomy":"product_tag","embeddable":true,"href":"https:\/\/stonehouse.se\/en\/wp-json\/wp\/v2\/product_tag?post=66800"}],"curies":[{"name":"wp","href":"https:\/\/api.w.org\/{rel}","templated":true}]}}