
{"id":67501,"date":"2024-01-11T12:11:56","date_gmt":"2024-01-11T11:11:56","guid":{"rendered":"https:\/\/stonehouse.se\/produkt\/exxact-stromstallare-infalld-valfri-gravyr-oppnaknapp\/"},"modified":"2025-01-29T16:07:43","modified_gmt":"2025-01-29T15:07:43","slug":"exxact-stromstallare-infalld-valfri-gravyr-oppnaknapp","status":"publish","type":"product","link":"https:\/\/stonehouse.se\/en\/product\/exxact-stromstallare-infalld-valfri-gravyr-oppnaknapp\/","title":{"rendered":"Exxact str\u00f6mst\u00e4llare &#8211; Valfri gravyr  &#8220;\u00d6ppnaknapp&#8221;"},"content":{"rendered":"<p>\u00d6ppnaknapp slutande funktion och \u00e5terfj\u00e4drande med ert val av design \u2013 Korrektur kommer allid p\u00e5 nya produkter.<\/p>\n<p>Leveranstiden \u00e4r 2-5 dagar och priser inkluderar gravyr och design.<\/p>\n<p>Om du vill ha \u00f6ppnaknapparna upplagda p\u00e5 ert kundunika lager s\u00e5 meddela oss.<\/p>","protected":false},"excerpt":{"rendered":"<p>\u00d6ppnaknapp slutande funktion och \u00e5terfj\u00e4drande med ert val av design \u2013 Korrektur kommer allid p\u00e5 nya produkter. Leveranstiden \u00e4r 2-5<\/p>","protected":false},"featured_media":81405,"template":"","meta":{"_acf_changed":false},"product_brand":[],"product_cat":[2599],"product_tag":[2367,3552,2259,2260],"class_list":{"0":"post-67501","1":"product","2":"type-product","3":"status-publish","4":"has-post-thumbnail","6":"product_cat-oppnaknappar","7":"product_tag-egen-logo-ej-taggar-kort","8":"product_tag-exxakt-design","9":"product_tag-oppna-brand-design-produkt","10":"product_tag-oppnaknappar","11":"product_shipping_class-postnord-varubrev","12":"pa_brands-stonehouse-security","13":"tm-no-options","15":"first","16":"instock","17":"featured","18":"taxable","19":"shipping-taxable","20":"product-type-simple"},"acf":[],"_links":{"self":[{"href":"https:\/\/stonehouse.se\/en\/wp-json\/wp\/v2\/product\/67501","targetHints":{"allow":["GET"]}}],"collection":[{"href":"https:\/\/stonehouse.se\/en\/wp-json\/wp\/v2\/product"}],"about":[{"href":"https:\/\/stonehouse.se\/en\/wp-json\/wp\/v2\/types\/product"}],"wp:featuredmedia":[{"embeddable":true,"href":"https:\/\/stonehouse.se\/en\/wp-json\/wp\/v2\/media\/81405"}],"wp:attachment":[{"href":"https:\/\/stonehouse.se\/en\/wp-json\/wp\/v2\/media?parent=67501"}],"wp:term":[{"taxonomy":"product_brand","embeddable":true,"href":"https:\/\/stonehouse.se\/en\/wp-json\/wp\/v2\/product_brand?post=67501"},{"taxonomy":"product_cat","embeddable":true,"href":"https:\/\/stonehouse.se\/en\/wp-json\/wp\/v2\/product_cat?post=67501"},{"taxonomy":"product_tag","embeddable":true,"href":"https:\/\/stonehouse.se\/en\/wp-json\/wp\/v2\/product_tag?post=67501"}],"curies":[{"name":"wp","href":"https:\/\/api.w.org\/{rel}","templated":true}]}}