
{"id":67553,"date":"2024-01-15T11:10:10","date_gmt":"2024-01-15T10:10:10","guid":{"rendered":"https:\/\/stonehouse.se\/produkt\/ajax-larm-46\/"},"modified":"2026-04-09T11:34:54","modified_gmt":"2026-04-09T09:34:54","slug":"ajax-larm-46","status":"publish","type":"product","link":"https:\/\/stonehouse.se\/en\/product\/ajax-larm-46\/","title":{"rendered":"Eaton 812013FULL-0114X Fulleon Solista LX Wall LED Beacon, Shallow Base, (I SOL-LX-W\/RF\/R1\/S E34), Red Flash, Red Housing and Base"},"content":{"rendered":"<h1>Eaton 812013FULL-0114X Fulleon Solista LX Wall LED Beacon<\/h1>\n<p data-start=\"167\" data-end=\"286\"><span class=\"relative -mx-px my-[-0.2rem] rounded px-px py-[0.2rem]\">Eaton 812013FULL-0114X, \u00e4ven k\u00e4nd som Solista LX Wall LED Beacon, \u00e4r en h\u00f6gkvalitativ visuell larmgivare designad f\u00f6r att uppfylla de str\u00e4nga kraven i EN 54-23-standarden f\u00f6r visuella larm.<\/span><\/p>\n<p data-start=\"167\" data-end=\"286\"><span class=\"relative -mx-px my-[-0.2rem] rounded px-px py-[0.2rem]\">Denna enhet kombinerar effektiv LED-teknik med en kompakt och diskret design, vilket g\u00f6r den idealisk f\u00f6r en m\u00e4ngd olika applikationer d\u00e4r b\u00e5de p\u00e5litlighet och estetik \u00e4r av st\u00f6rsta vikt.<\/span>\u200b<\/p>\n<p data-start=\"288\" data-end=\"316\"><strong data-start=\"288\" data-end=\"316\">Huvudsakliga egenskaper:<\/strong><\/p>\n<ul data-start=\"318\" data-end=\"1344\">\n<li data-start=\"318\" data-end=\"429\">\n<p data-start=\"320\" data-end=\"429\"><strong data-start=\"320\" data-end=\"347\">Effektiv LED-belysning:<\/strong> <span class=\"relative -mx-px my-[-0.2rem] rounded px-px py-[0.2rem]\">Utrustad med h\u00f6gkvalitativa LED-lampor som erbjuder l\u00e5ng livsl\u00e4ngd och l\u00e5g str\u00f6mf\u00f6rbrukning. Detta minimerar behovet av underh\u00e5ll och s\u00e4kerst\u00e4ller l\u00e5ngvarig drift.<\/span>\u200b<\/p>\n<\/li>\n<li data-start=\"431\" data-end=\"575\">\n<p data-start=\"433\" data-end=\"575\"><strong data-start=\"433\" data-end=\"453\">Unik linsdesign:<\/strong> <span class=\"relative -mx-px my-[-0.2rem] rounded px-px py-[0.2rem]\">Den innovativa linsdesignen distribuerar ljuset j\u00e4mnt \u00f6ver ett omr\u00e5de p\u00e5 upp till 7,5 meter, vilket uppfyller kravet p\u00e5 0,4 lux\/m\u00b2 enligt EN 54-23. F\u00f6r mindre omr\u00e5den kan t\u00e4ckningen justeras till 5 meter, vilket minskar str\u00f6mf\u00f6rbrukningen med upp till 50 %.<\/span><\/p>\n<\/li>\n<li data-start=\"577\" data-end=\"724\">\n<p data-start=\"579\" data-end=\"724\"><strong data-start=\"579\" data-end=\"598\">Flexibel drift:<\/strong> <span class=\"relative -mx-px my-[-0.2rem] rounded px-px py-[0.2rem]\">Enheten erbjuder tv\u00e5 inst\u00e4llbara blixtfrekvenser, 1 Hz och 0,5 Hz. Genom att v\u00e4lja 0,5 Hz kan str\u00f6mf\u00f6rbrukningen minskas med upp till 50 %, vilket ger flexibilitet beroende p\u00e5 applikationens behov.<\/span> \u200b<\/p>\n<\/li>\n<li data-start=\"726\" data-end=\"880\">\n<p data-start=\"728\" data-end=\"880\"><strong data-start=\"728\" data-end=\"754\">Brett sp\u00e4nningsomr\u00e5de:<\/strong> <span class=\"relative -mx-px my-[-0.2rem] rounded px-px py-[0.2rem]\">Solista LX Wall LED Beacon fungerar inom ett brett sp\u00e4nningsomr\u00e5de fr\u00e5n 12 V till 48 V DC, vilket ger flexibilitet i systemdesign och kompatibilitet med olika larmsystem.<\/span><\/p>\n<\/li>\n<li data-start=\"882\" data-end=\"1006\">\n<p data-start=\"884\" data-end=\"1006\"><strong data-start=\"884\" data-end=\"920\">Robust och h\u00e5llbar konstruktion:<\/strong> <span class=\"relative -mx-px my-[-0.2rem] rounded px-px py-[0.2rem]\">Med en IP33-klassificering \u00e4r enheten skyddad mot fasta f\u00f6rem\u00e5l st\u00f6rre \u00e4n 2,5 mm och mot droppande vatten, vilket g\u00f6r den l\u00e4mplig f\u00f6r inomhusbruk i olika milj\u00f6er.<\/span>\u200b<\/p>\n<\/li>\n<li data-start=\"1008\" data-end=\"1119\">\n<p data-start=\"1010\" data-end=\"1119\"><strong data-start=\"1010\" data-end=\"1033\">Enkel installation:<\/strong> <span class=\"relative -mx-px my-[-0.2rem] rounded px-px py-[0.2rem]\">Den grunda basen m\u00f6jligg\u00f6r enkel montering n\u00e4ra v\u00e4ggytan, vilket \u00e4r idealiskt f\u00f6r installationer d\u00e4r utrymmet \u00e4r begr\u00e4nsat.<\/span>\u200b<\/p>\n<\/li>\n<li data-start=\"1121\" data-end=\"1235\">\n<p data-start=\"1123\" data-end=\"1235\"><strong data-start=\"1123\" data-end=\"1149\">M\u00e5ngsidig applikation:<\/strong> <span class=\"relative -mx-px my-[-0.2rem] rounded px-px py-[0.2rem]\">Perfekt f\u00f6r anv\u00e4ndning i sovrum, badrum och toaletter d\u00e4r l\u00e5g str\u00f6mf\u00f6rbrukning \u00e4r avg\u00f6rande.<\/span>\u200b<\/p>\n<\/li>\n<li data-start=\"1237\" data-end=\"1344\">\n<p data-start=\"1239\" data-end=\"1344\"><strong data-start=\"1239\" data-end=\"1258\">Certifieringar:<\/strong> <span class=\"relative -mx-px my-[-0.2rem] rounded px-px py-[0.2rem]\">CE-m\u00e4rkt och uppfyller EN 54-23-standarden f\u00f6r visuella larm, vilket s\u00e4kerst\u00e4ller att produkten m\u00f6ter europeiska s\u00e4kerhets- och kvalitetskrav.<\/span>\u200b<\/p>\n<\/li>\n<\/ul>\n<p data-start=\"1346\" data-end=\"1366\"><strong data-start=\"1346\" data-end=\"1366\">Specifikationer:<\/strong><\/p>\n<ul data-start=\"1368\" data-end=\"1890\">\n<li data-start=\"1368\" data-end=\"1465\">\n<p data-start=\"1370\" data-end=\"1465\"><strong data-start=\"1370\" data-end=\"1379\">F\u00e4rg:<\/strong> <span class=\"relative -mx-px my-[-0.2rem] rounded px-px py-[0.2rem]\">R\u00f6d lins med r\u00f6d kapsling och grund.<\/span>\u200b<\/p>\n<\/li>\n<li data-start=\"1467\" data-end=\"1564\">\n<p data-start=\"1469\" data-end=\"1564\"><strong data-start=\"1469\" data-end=\"1478\">M\u00e5tt:<\/strong> <span class=\"relative -mx-px my-[-0.2rem] rounded px-px py-[0.2rem]\">Bredd: 93 mm, H\u00f6jd: 93 mm, Djup: 37 mm.<\/span>\u200b<\/p>\n<\/li>\n<li data-start=\"1566\" data-end=\"1675\">\n<p data-start=\"1568\" data-end=\"1675\"><strong data-start=\"1568\" data-end=\"1589\">Str\u00f6mf\u00f6rbrukning:<\/strong> <span class=\"relative -mx-px my-[-0.2rem] rounded px-px py-[0.2rem]\">10 mA vid 24 V DC, med m\u00f6jlighet att justera beroende p\u00e5 inst\u00e4lld blixtfrekvens och t\u00e4ckningsomr\u00e5de.<\/span>\u200b<\/p>\n<\/li>\n<li data-start=\"1677\" data-end=\"1786\">\n<p data-start=\"1679\" data-end=\"1786\"><strong data-start=\"1679\" data-end=\"1700\">Temperaturomr\u00e5de:<\/strong> <span class=\"relative -mx-px my-[-0.2rem] rounded px-px py-[0.2rem]\">Driftstemperaturer mellan -25 \u00b0C och +70 \u00b0C, vilket g\u00f6r den l\u00e4mplig f\u00f6r olika klimatf\u00f6rh\u00e5llanden.<\/span>\u200b<\/p>\n<\/li>\n<li data-start=\"1788\" data-end=\"1890\">\n<p data-start=\"1790\" data-end=\"1890\"><strong data-start=\"1790\" data-end=\"1804\">Montering:<\/strong> <span class=\"relative -mx-px my-[-0.2rem] rounded px-px py-[0.2rem]\">Ytmontering med bakre kabeling\u00e5ng f\u00f6r en ren och diskret installation.<\/span>\u200b<\/p>\n<\/li>\n<\/ul>\n<p data-start=\"1892\" data-end=\"2017\"><span class=\"relative -mx-px my-[-0.2rem] rounded px-px py-[0.2rem]\">Eaton 812013FULL-0114X Solista LX Wall LED Beacon \u00e4r den perfekta l\u00f6sningen f\u00f6r dem som s\u00f6ker en p\u00e5litlig, energieffektiv och estetiskt tilltalande visuell larmgivare.<\/span><\/p>\n<p data-start=\"1892\" data-end=\"2017\"><span class=\"relative -mx-px my-[-0.2rem] rounded px-px py-[0.2rem]\">Med dess avancerade funktioner och flexibilitet kan den enkelt integreras i olika s\u00e4kerhetssystem och milj\u00f6er.<\/span><\/p>\n","protected":false},"excerpt":{"rendered":"<p><span class=\"relative -mx-px my-[-0.2rem] rounded px-px py-[0.2rem]\">Eaton 812013FULL-0114X \u00e4r en v\u00e4ggmonterad LED-blixthorn med r\u00f6d blixt, r\u00f6d kapsling och grund.<\/span><\/p>\n<p><span class=\"relative -mx-px my-[-0.2rem] rounded px-px py-[0.2rem]\">Den uppfyller EN 54-23-standarden f\u00f6r visuella larm.<\/span>\u200b<\/p>\n","protected":false},"featured_media":81533,"template":"","meta":{"_acf_changed":false},"product_brand":[],"product_cat":[3802],"product_tag":[],"class_list":{"0":"post-67553","1":"product","2":"type-product","3":"status-publish","4":"has-post-thumbnail","6":"product_cat-kombisiren-blixt-brand","7":"product_shipping_class-tunga-paket","8":"pa_brands-eaton","9":"pa_farg-rod","10":"tm-no-options","12":"first","13":"instock","14":"sale","15":"taxable","16":"shipping-taxable","17":"product-type-simple"},"acf":[],"_links":{"self":[{"href":"https:\/\/stonehouse.se\/en\/wp-json\/wp\/v2\/product\/67553","targetHints":{"allow":["GET"]}}],"collection":[{"href":"https:\/\/stonehouse.se\/en\/wp-json\/wp\/v2\/product"}],"about":[{"href":"https:\/\/stonehouse.se\/en\/wp-json\/wp\/v2\/types\/product"}],"wp:featuredmedia":[{"embeddable":true,"href":"https:\/\/stonehouse.se\/en\/wp-json\/wp\/v2\/media\/81533"}],"wp:attachment":[{"href":"https:\/\/stonehouse.se\/en\/wp-json\/wp\/v2\/media?parent=67553"}],"wp:term":[{"taxonomy":"product_brand","embeddable":true,"href":"https:\/\/stonehouse.se\/en\/wp-json\/wp\/v2\/product_brand?post=67553"},{"taxonomy":"product_cat","embeddable":true,"href":"https:\/\/stonehouse.se\/en\/wp-json\/wp\/v2\/product_cat?post=67553"},{"taxonomy":"product_tag","embeddable":true,"href":"https:\/\/stonehouse.se\/en\/wp-json\/wp\/v2\/product_tag?post=67553"}],"curies":[{"name":"wp","href":"https:\/\/api.w.org\/{rel}","templated":true}]}}