
{"id":67563,"date":"2024-01-15T11:17:57","date_gmt":"2024-01-15T10:17:57","guid":{"rendered":"https:\/\/stonehouse.se\/produkt\/ajax-larm-62\/"},"modified":"2026-04-09T11:34:10","modified_gmt":"2026-04-09T09:34:10","slug":"eaton-1350-dorrhallmagnet","status":"publish","type":"product","link":"https:\/\/stonehouse.se\/en\/product\/eaton-1350-dorrhallmagnet\/","title":{"rendered":"D\u00f6rrh\u00e5llarmagnet med \u00e5terst\u00e4llningsknapp Eaton 1350-CSA 50kg, 24V DC"},"content":{"rendered":"<p>Eaton 1350-CSA D\u00f6rrh\u00e5llarmagnet med ankare, 50kg, 24V DC, Svart<\/p>","protected":false},"excerpt":{"rendered":"<p>Eaton 1350-CSA D\u00f6rrh\u00e5llarmagnet med ankare, 50kg, 24V DC, Svart<\/p>","protected":false},"featured_media":81377,"template":"","meta":{"_acf_changed":false},"product_brand":[],"product_cat":[480],"product_tag":[],"class_list":{"0":"post-67563","1":"product","2":"type-product","3":"status-publish","4":"has-post-thumbnail","6":"product_cat-branddorrstangning","7":"product_shipping_class-tunga-paket","8":"pa_brands-eaton","9":"tm-no-options","11":"first","12":"onbackorder","13":"sale","14":"taxable","15":"shipping-taxable","16":"product-type-simple"},"acf":[],"_links":{"self":[{"href":"https:\/\/stonehouse.se\/en\/wp-json\/wp\/v2\/product\/67563","targetHints":{"allow":["GET"]}}],"collection":[{"href":"https:\/\/stonehouse.se\/en\/wp-json\/wp\/v2\/product"}],"about":[{"href":"https:\/\/stonehouse.se\/en\/wp-json\/wp\/v2\/types\/product"}],"wp:featuredmedia":[{"embeddable":true,"href":"https:\/\/stonehouse.se\/en\/wp-json\/wp\/v2\/media\/81377"}],"wp:attachment":[{"href":"https:\/\/stonehouse.se\/en\/wp-json\/wp\/v2\/media?parent=67563"}],"wp:term":[{"taxonomy":"product_brand","embeddable":true,"href":"https:\/\/stonehouse.se\/en\/wp-json\/wp\/v2\/product_brand?post=67563"},{"taxonomy":"product_cat","embeddable":true,"href":"https:\/\/stonehouse.se\/en\/wp-json\/wp\/v2\/product_cat?post=67563"},{"taxonomy":"product_tag","embeddable":true,"href":"https:\/\/stonehouse.se\/en\/wp-json\/wp\/v2\/product_tag?post=67563"}],"curies":[{"name":"wp","href":"https:\/\/api.w.org\/{rel}","templated":true}]}}