
{"id":67565,"date":"2024-01-15T11:17:59","date_gmt":"2024-01-15T10:17:59","guid":{"rendered":"https:\/\/stonehouse.se\/produkt\/ajax-larm-63\/"},"modified":"2026-04-09T11:34:09","modified_gmt":"2026-04-09T09:34:09","slug":"eaton-1360-dorrhallmagnet","status":"publish","type":"product","link":"https:\/\/stonehouse.se\/en\/product\/eaton-1360-dorrhallmagnet\/","title":{"rendered":"D\u00f6rrh\u00e5llarmagnet med \u00c5terst\u00e4llningsknapp Eaton 1360-CSA 24V, 100kg"},"content":{"rendered":"<p>Eaton 1360-CSA Fulleon Electromagnetic Door Release with Release Button, 24V, 100kg, Aluminium<\/p>","protected":false},"excerpt":{"rendered":"<p>Eaton 1360-CSA Fulleon Electromagnetic Door Release with Release Button, 24V, 100kg, Aluminium<\/p>","protected":false},"featured_media":81366,"template":"","meta":{"_acf_changed":false},"product_brand":[],"product_cat":[480],"product_tag":[],"class_list":{"0":"post-67565","1":"product","2":"type-product","3":"status-publish","4":"has-post-thumbnail","6":"product_cat-branddorrstangning","7":"product_shipping_class-tunga-paket","8":"pa_brands-eaton","9":"tm-no-options","11":"first","12":"instock","13":"sale","14":"taxable","15":"shipping-taxable","16":"product-type-simple"},"acf":[],"_links":{"self":[{"href":"https:\/\/stonehouse.se\/en\/wp-json\/wp\/v2\/product\/67565","targetHints":{"allow":["GET"]}}],"collection":[{"href":"https:\/\/stonehouse.se\/en\/wp-json\/wp\/v2\/product"}],"about":[{"href":"https:\/\/stonehouse.se\/en\/wp-json\/wp\/v2\/types\/product"}],"wp:featuredmedia":[{"embeddable":true,"href":"https:\/\/stonehouse.se\/en\/wp-json\/wp\/v2\/media\/81366"}],"wp:attachment":[{"href":"https:\/\/stonehouse.se\/en\/wp-json\/wp\/v2\/media?parent=67565"}],"wp:term":[{"taxonomy":"product_brand","embeddable":true,"href":"https:\/\/stonehouse.se\/en\/wp-json\/wp\/v2\/product_brand?post=67565"},{"taxonomy":"product_cat","embeddable":true,"href":"https:\/\/stonehouse.se\/en\/wp-json\/wp\/v2\/product_cat?post=67565"},{"taxonomy":"product_tag","embeddable":true,"href":"https:\/\/stonehouse.se\/en\/wp-json\/wp\/v2\/product_tag?post=67565"}],"curies":[{"name":"wp","href":"https:\/\/api.w.org\/{rel}","templated":true}]}}