
{"id":67567,"date":"2024-01-15T11:18:00","date_gmt":"2024-01-15T10:18:00","guid":{"rendered":"https:\/\/stonehouse.se\/produkt\/ajax-larm-64\/"},"modified":"2026-04-09T11:40:22","modified_gmt":"2026-04-09T09:40:22","slug":"eaton-1351-dorrhallmagnet","status":"publish","type":"product","link":"https:\/\/stonehouse.se\/en\/product\/eaton-1351-dorrhallmagnet\/","title":{"rendered":"D\u00f6rrh\u00e5llarmagnet Platta f\u00f6r Eaton 1351-CSA 55mm Diameter, Svart"},"content":{"rendered":"<p>Eaton 1351-CSA Adjustable Keeper Plate for Electromagnetic Door Holders, 55mm Diameter, Black<\/p>","protected":false},"excerpt":{"rendered":"<p>Eaton 1351-CSA Adjustable Keeper Plate for Electromagnetic Door Holders, 55mm Diameter, Black<\/p>","protected":false},"featured_media":81483,"template":"","meta":{"_acf_changed":false},"product_brand":[],"product_cat":[480],"product_tag":[],"class_list":{"0":"post-67567","1":"product","2":"type-product","3":"status-publish","4":"has-post-thumbnail","6":"product_cat-branddorrstangning","7":"product_shipping_class-tunga-paket","8":"pa_brands-eaton","9":"tm-no-options","11":"first","12":"instock","13":"sale","14":"taxable","15":"shipping-taxable","16":"product-type-simple"},"acf":[],"_links":{"self":[{"href":"https:\/\/stonehouse.se\/en\/wp-json\/wp\/v2\/product\/67567","targetHints":{"allow":["GET"]}}],"collection":[{"href":"https:\/\/stonehouse.se\/en\/wp-json\/wp\/v2\/product"}],"about":[{"href":"https:\/\/stonehouse.se\/en\/wp-json\/wp\/v2\/types\/product"}],"wp:featuredmedia":[{"embeddable":true,"href":"https:\/\/stonehouse.se\/en\/wp-json\/wp\/v2\/media\/81483"}],"wp:attachment":[{"href":"https:\/\/stonehouse.se\/en\/wp-json\/wp\/v2\/media?parent=67567"}],"wp:term":[{"taxonomy":"product_brand","embeddable":true,"href":"https:\/\/stonehouse.se\/en\/wp-json\/wp\/v2\/product_brand?post=67567"},{"taxonomy":"product_cat","embeddable":true,"href":"https:\/\/stonehouse.se\/en\/wp-json\/wp\/v2\/product_cat?post=67567"},{"taxonomy":"product_tag","embeddable":true,"href":"https:\/\/stonehouse.se\/en\/wp-json\/wp\/v2\/product_tag?post=67567"}],"curies":[{"name":"wp","href":"https:\/\/api.w.org\/{rel}","templated":true}]}}