
{"id":67569,"date":"2024-01-15T11:18:01","date_gmt":"2024-01-15T10:18:01","guid":{"rendered":"https:\/\/stonehouse.se\/produkt\/ajax-larm-65\/"},"modified":"2026-04-09T11:40:09","modified_gmt":"2026-04-09T09:40:09","slug":"eaton-1380-dorrhallmagnet","status":"publish","type":"product","link":"https:\/\/stonehouse.se\/en\/product\/eaton-1380-dorrhallmagnet\/","title":{"rendered":"D\u00f6rrh\u00e5llarmagnet V\u00e4gg, 100kg, 30cm f\u00e4ste Eaton 1380-30-D"},"content":{"rendered":"<p>Eaton 1380-30-D D\u00f6rrh\u00e5llarmagnet V\u00e4gg, 100kg, 30cm f\u00e4ste<\/p>","protected":false},"excerpt":{"rendered":"<p>Eaton 1380-30-D D\u00f6rrh\u00e5llarmagnet V\u00e4gg, 100kg, 30cm f\u00e4ste<\/p>","protected":false},"featured_media":81473,"template":"","meta":{"_acf_changed":false},"product_brand":[],"product_cat":[480],"product_tag":[],"class_list":{"0":"post-67569","1":"product","2":"type-product","3":"status-publish","4":"has-post-thumbnail","6":"product_cat-branddorrstangning","7":"product_shipping_class-tunga-paket","8":"pa_brands-eaton","9":"tm-no-options","11":"first","12":"instock","13":"sale","14":"taxable","15":"shipping-taxable","16":"product-type-simple"},"acf":[],"_links":{"self":[{"href":"https:\/\/stonehouse.se\/en\/wp-json\/wp\/v2\/product\/67569","targetHints":{"allow":["GET"]}}],"collection":[{"href":"https:\/\/stonehouse.se\/en\/wp-json\/wp\/v2\/product"}],"about":[{"href":"https:\/\/stonehouse.se\/en\/wp-json\/wp\/v2\/types\/product"}],"wp:featuredmedia":[{"embeddable":true,"href":"https:\/\/stonehouse.se\/en\/wp-json\/wp\/v2\/media\/81473"}],"wp:attachment":[{"href":"https:\/\/stonehouse.se\/en\/wp-json\/wp\/v2\/media?parent=67569"}],"wp:term":[{"taxonomy":"product_brand","embeddable":true,"href":"https:\/\/stonehouse.se\/en\/wp-json\/wp\/v2\/product_brand?post=67569"},{"taxonomy":"product_cat","embeddable":true,"href":"https:\/\/stonehouse.se\/en\/wp-json\/wp\/v2\/product_cat?post=67569"},{"taxonomy":"product_tag","embeddable":true,"href":"https:\/\/stonehouse.se\/en\/wp-json\/wp\/v2\/product_tag?post=67569"}],"curies":[{"name":"wp","href":"https:\/\/api.w.org\/{rel}","templated":true}]}}