
{"id":67571,"date":"2024-01-15T11:18:02","date_gmt":"2024-01-15T10:18:02","guid":{"rendered":"https:\/\/stonehouse.se\/produkt\/ajax-larm-66\/"},"modified":"2026-04-09T11:39:52","modified_gmt":"2026-04-09T09:39:52","slug":"eaton-1369-csa","status":"publish","type":"product","link":"https:\/\/stonehouse.se\/en\/product\/eaton-1369-csa\/","title":{"rendered":"D\u00f6rrh\u00e5llarmagnet Golv Eaton 1369-CSA EN1155 Approved, 50kg 24VDC, \u00c5terst\u00e4llningsknapp"},"content":{"rendered":"<p>Eaton 1369-CSA Series-1369 Floor-Mount Electromagnetic Door Holder, EN1155 Approved, 50kg Holding Force, 24VDC, Release Button, Black<\/p>","protected":false},"excerpt":{"rendered":"<p>Eaton 1369-CSA Series-1369 Floor-Mount Electromagnetic Door Holder, EN1155 Approved, 50kg Holding Force, 24VDC, Release Button, Black<\/p>","protected":false},"featured_media":81693,"template":"","meta":{"_acf_changed":false},"product_brand":[],"product_cat":[480],"product_tag":[],"class_list":{"0":"post-67571","1":"product","2":"type-product","3":"status-publish","4":"has-post-thumbnail","6":"product_cat-branddorrstangning","7":"product_shipping_class-tunga-paket","8":"pa_brands-eaton","9":"tm-no-options","11":"first","12":"onbackorder","13":"sale","14":"taxable","15":"shipping-taxable","16":"product-type-simple"},"acf":[],"_links":{"self":[{"href":"https:\/\/stonehouse.se\/en\/wp-json\/wp\/v2\/product\/67571","targetHints":{"allow":["GET"]}}],"collection":[{"href":"https:\/\/stonehouse.se\/en\/wp-json\/wp\/v2\/product"}],"about":[{"href":"https:\/\/stonehouse.se\/en\/wp-json\/wp\/v2\/types\/product"}],"wp:featuredmedia":[{"embeddable":true,"href":"https:\/\/stonehouse.se\/en\/wp-json\/wp\/v2\/media\/81693"}],"wp:attachment":[{"href":"https:\/\/stonehouse.se\/en\/wp-json\/wp\/v2\/media?parent=67571"}],"wp:term":[{"taxonomy":"product_brand","embeddable":true,"href":"https:\/\/stonehouse.se\/en\/wp-json\/wp\/v2\/product_brand?post=67571"},{"taxonomy":"product_cat","embeddable":true,"href":"https:\/\/stonehouse.se\/en\/wp-json\/wp\/v2\/product_cat?post=67571"},{"taxonomy":"product_tag","embeddable":true,"href":"https:\/\/stonehouse.se\/en\/wp-json\/wp\/v2\/product_tag?post=67571"}],"curies":[{"name":"wp","href":"https:\/\/api.w.org\/{rel}","templated":true}]}}