
{"id":67616,"date":"2023-11-28T10:39:01","date_gmt":"2023-11-28T09:39:01","guid":{"rendered":"https:\/\/stonehouse.se\/?post_type=product&#038;p=67616"},"modified":"2025-12-31T21:02:11","modified_gmt":"2025-12-31T20:02:11","slug":"varmedetektor-4-trad","status":"publish","type":"product","link":"https:\/\/stonehouse.se\/en\/product\/varmedetektor-4-trad\/","title":{"rendered":"V\u00e4rmedetektor 4-tr\u00e5d 57 grader med rel\u00e4 C \/ NO universiell till Inbrottslarm TUV EN54-7 Certifierad"},"content":{"rendered":"<div class=\"flex-col gap-1 md:gap-3\">\n<div class=\"flex flex-grow flex-col max-w-full\">\n<div class=\"min-h-[20px] text-message flex flex-col items-start gap-3 whitespace-pre-wrap break-words [.text-message+&amp;]:mt-5 overflow-x-auto\" data-message-author-role=\"assistant\" data-message-id=\"e7343c02-24da-45b1-8141-87ec370e42f4\">\n<div class=\"markdown prose w-full break-words dark:prose-invert light AIPRM__conversation__response\">\n<h1>V\u00e4rmedetektor 4 tr\u00e5d 9-35V HD504<\/h1>\n<p>V\u00e4rmedetektor 4 tr\u00e5d 9-35V med En Effektiv L\u00f6sning f\u00f6r Brandskydd.<\/p>\n<p>V\u00e4rmedetektorn HD504 erbjuder en kombinationsdetektering av temperaturstigning och fast temperatur, 57 grader som\u00a0 passar perfekt f\u00f6r b\u00e5de hemmabruk och kommersiella till\u00e4mpningar.<\/p>\n<p>V\u00e4rmedetektor 4 tr\u00e5d 9-35V detektoralternativ best\u00e5r av en externt monterad termistor med en s\u00e4rskilt utformad huva som skyddar termistorn samtidigt som den m\u00f6jligg\u00f6r maximal luftfl\u00f6de.<\/p>\n<p>Termistorn m\u00e4ter temperaturen i den inkommande luften och \u00f6verf\u00f6r en signal som representerar temperaturen till kontroll-IC.<\/p>\n<p>Om temperaturen n\u00e5r eller \u00f6verstiger tr\u00f6skelv\u00e4rdet utl\u00f6ses detektorn. Status-LED-lampan lyser i r\u00f6tt och alarmets signal aktiveras.<\/p>\n<p><strong>Produktegenskaper f\u00f6r V\u00e4rmedetektor 4 tr\u00e5d 9-35V<\/strong><\/p>\n<ul>\n<li>Stark anpassningsf\u00f6rm\u00e5ga f\u00f6r olika milj\u00f6er.<\/li>\n<li>SMT-teknik anv\u00e4nds f\u00f6r h\u00f6g stabilitet.<\/li>\n<li>L\u00e5g standby-str\u00f6m.<\/li>\n<li>Brett sp\u00e4nningsomr\u00e5de p\u00e5 9-35VDC.<\/li>\n<li>Icke-polariserad str\u00f6ming\u00e5ng.<\/li>\n<li>Blinkande LED-str\u00f6mindikator.<\/li>\n<li>Alarmrel\u00e4 NC\/NO-val (4-tr\u00e5ds).<\/li>\n<li>Fj\u00e4rr-LED-indikatorutg\u00e5ng (2-tr\u00e5ds).<\/li>\n<li>Sj\u00e4lvtestfunktion med magnetbrytare (valfri).<\/li>\n<li>Fast temperaturdetektion (standard).<\/li>\n<li>Kombinerad temperaturstigning och fast temperaturdetektion (valfri).<\/li>\n<\/ul>\n<h3><strong>Tekniska specifikationer V\u00e4rmedetektor 4 tr\u00e5d 9-35V<\/strong><\/h3>\n<p><strong>Produktkategori<\/strong>:\u00a04-tr\u00e5ds<\/p>\n<p><strong>Driftsp\u00e4nning:<\/strong> DC 9 &#8211; 35V<\/p>\n<p><strong>Standby-str\u00f6m:<\/strong> \u2264 50uA, \u2264 50 uA (rel\u00e4 NO)<\/p>\n<p><strong>Alarmstr\u00f6m:<\/strong> 2025 mA @12V, 4050 mA @24V, \u2264 40 mA (rel\u00e4 NO)<\/p>\n<p><strong>Alarmstr\u00f6m<\/strong>: 2025 mA @12V, 4050 mA @24V, \u2264 40 mA (rel\u00e4 NO)<\/p>\n<p><strong>Temperaturomr\u00e5de:<\/strong> 0\u2103+50\u2103<\/p>\n<p><strong>Fuktighet:<\/strong> \u2264 95%RH (ingen kondensation)<\/p>\n<p><strong>Temperaturniv\u00e5:<\/strong> Fast TEMP: 57\u2103(135\u2109)<\/p>\n<p><strong>Detekteringsomr\u00e5de<\/strong>: 50 m\u00b2 vid installationsh\u00f6jd p\u00e5 6~12m<\/p>\n<p><strong>Alarmutg\u00e5ng:<\/strong> Fj\u00e4rr-LED, rel\u00e4utg\u00e5ng Kontaktbetyg: N\/A, 0.5A@DC28V<\/p>\n<p><strong>Standard:<\/strong> EN54-5, UL521, GB4716-2005<\/p>\n<p><strong>Dimensioner:<\/strong> 98.5mm diameter*43.5mm djup<\/p>\n<p><strong>Magnetisk brytare sj\u00e4lvtest:<\/strong><\/p>\n<p>Anslut detektorn till kretsen och placera en magnet n\u00e4ra detektorn. Om detektorn fungerar normalt, lyser den r\u00f6da indikeringslampan.<\/p>\n<p><strong>Test:<\/strong><\/p>\n<p>Simulera en milj\u00f6 f\u00f6r att testa detektorn: placera detektorn i en kammare med termometer och anv\u00e4nd en v\u00e4rmeskapande enhet f\u00f6r att h\u00f6ja lufttemperaturen i kammaren.<\/p>\n<p>N\u00e4r temperaturen n\u00e5r tr\u00f6skelv\u00e4rdet, lyser detektorns LED-lampa kontinuerligt i r\u00f6tt, och alarmsignalen aktiveras.<\/p>\n<p><strong>Observera:<\/strong><\/p>\n<ol>\n<li>Detektorn kan inte installeras p\u00e5 platser som \u00e4r utsatta f\u00f6r direkt solljus eller v\u00e4rme.<\/li>\n<li>Det rekommenderas att installera detektorn n\u00e4ra en r\u00f6kdetektor.<\/li>\n<li>Se till att basen \u00e4r ordentligt f\u00e4st och alla tr\u00e5danslutningar \u00e4r korrekta.<\/li>\n<li>Testa detektorn varje kvartal.<\/li>\n<\/ol>\n<p><strong>Installation:<\/strong><\/p>\n<ol>\n<li>Anslut ledningarna till monteringsbasen.<\/li>\n<li>V\u00e4lj en l\u00e4mplig plats (normalt monterad i mitten av taket). F\u00e4st monteringsbasen och s\u00e4tt sedan in detektorn i basen och vrid f\u00f6r att f\u00e4sta den.<\/li>\n<\/ol>\n<p><strong>Anslutningsbeskrivning:<\/strong><\/p>\n<p>4-tr\u00e5ds v\u00e4rmedetektorer: Basanslutningar &#8220;2&#8221; och &#8220;5&#8221; f\u00f6r DC-str\u00f6ming\u00e5ng, icke-polariserad. &#8220;6&#8221; f\u00f6r rel\u00e4utg\u00e5ng NO, &#8220;3&#8221; f\u00f6r rel\u00e4utg\u00e5ng com.<\/p>\n<p><strong>Tr\u00e5ddiagram:<\/strong> <strong>2-tr\u00e5ds basanslutningar:<\/strong><\/p>\n<ol>\n<li>Str\u00f6mindat uttag 5. Str\u00f6mindata ing\u00e5ng<\/li>\n<li>Str\u00f6mindata ing\u00e5ng 6. Fj\u00e4rr-LED-utg\u00e5ng<\/li>\n<\/ol>\n<p><strong>4-tr\u00e5ds basanslutningar:<\/strong><\/p>\n<p>Anslutningar &#8220;2&#8221; och &#8220;5&#8221; f\u00f6r DC-str\u00f6ming\u00e5ng, icke-polariserad.<\/p>\n<p>&#8220;6&#8221; f\u00f6r rel\u00e4utg\u00e5ng NO och &#8220;3&#8221; f\u00f6r rel\u00e4utg\u00e5ng com.<\/p>\n<\/div>\n<\/div>\n<\/div>\n<div class=\"mt-1 flex justify-start gap-3 empty:hidden\">\n<div class=\"text-gray-400 flex self-end lg:self-center justify-center lg:justify-start mt-0 -ml-1 visible\">\n<div class=\"flex\"><\/div>\n<div class=\"flex items-center gap-1.5 text-xs\"><\/div>\n<\/div>\n<\/div>\n<\/div>\n<div class=\"absolute\">\n<div class=\"flex w-full gap-2 items-center justify-center\"><\/div>\n<\/div>\n","protected":false},"excerpt":{"rendered":"<p><strong>Anslutningsbeskrivning:<\/strong><\/p>\n<p>V\u00e4rmedetektor 4-tr\u00e5d 57 grader med rel\u00e4 C \/ NO och 9-35V driftssp\u00e4nning TUV EN54-7 Certifierad<\/p>\n<p>4-tr\u00e5ds v\u00e4rmedetektorer: Basanslutningar &#8220;2&#8221; och &#8220;5&#8221; f\u00f6r DC-str\u00f6ming\u00e5ng, icke-polariserad. &#8220;6&#8221; f\u00f6r rel\u00e4utg\u00e5ng NO, &#8220;3&#8221; f\u00f6r rel\u00e4utg\u00e5ng com.<\/p>\n<p>Programmera inbrottslarmet till Zon Brandlarm och anslut med \u00e4ndmotst\u00e5nd.<\/p>","protected":false},"featured_media":81806,"template":"","meta":{"_acf_changed":false},"product_brand":[],"product_cat":[581,2789,2695],"product_tag":[2308],"class_list":{"0":"post-67616","1":"product","2":"type-product","3":"status-publish","4":"has-post-thumbnail","6":"product_cat-rokdetektorer-kolmonoxid","7":"product_cat-brandvarnare-rekommenderade-for-dsc","8":"product_cat-varmedetektor","9":"product_tag-certifierad-en54","10":"product_shipping_class-postnord-varubrev","11":"tm-no-options","13":"first","14":"outofstock","15":"sale","16":"taxable","17":"shipping-taxable","18":"product-type-simple"},"acf":[],"_links":{"self":[{"href":"https:\/\/stonehouse.se\/en\/wp-json\/wp\/v2\/product\/67616","targetHints":{"allow":["GET"]}}],"collection":[{"href":"https:\/\/stonehouse.se\/en\/wp-json\/wp\/v2\/product"}],"about":[{"href":"https:\/\/stonehouse.se\/en\/wp-json\/wp\/v2\/types\/product"}],"wp:featuredmedia":[{"embeddable":true,"href":"https:\/\/stonehouse.se\/en\/wp-json\/wp\/v2\/media\/81806"}],"wp:attachment":[{"href":"https:\/\/stonehouse.se\/en\/wp-json\/wp\/v2\/media?parent=67616"}],"wp:term":[{"taxonomy":"product_brand","embeddable":true,"href":"https:\/\/stonehouse.se\/en\/wp-json\/wp\/v2\/product_brand?post=67616"},{"taxonomy":"product_cat","embeddable":true,"href":"https:\/\/stonehouse.se\/en\/wp-json\/wp\/v2\/product_cat?post=67616"},{"taxonomy":"product_tag","embeddable":true,"href":"https:\/\/stonehouse.se\/en\/wp-json\/wp\/v2\/product_tag?post=67616"}],"curies":[{"name":"wp","href":"https:\/\/api.w.org\/{rel}","templated":true}]}}