
{"id":67873,"date":"2024-01-31T15:50:22","date_gmt":"2024-01-31T14:50:22","guid":{"rendered":"https:\/\/stonehouse.se\/produkt\/vaggram-click-8888-26-mm\/"},"modified":"2026-04-08T16:41:29","modified_gmt":"2026-04-08T14:41:29","slug":"vaggram-click-8888-26-mm","status":"publish","type":"product","link":"https:\/\/stonehouse.se\/en\/product\/vaggram-click-8888-26-mm\/","title":{"rendered":"V\u00c4GGRAM CLICK 88*88 26 MM"},"content":{"rendered":"<p>V\u00e4ggram 1-fack 88*88 mm med djup 26 mm f\u00f6r skruvfasts\u00e4ttning av apparater med v\u00e5g- och lodr\u00e4t h\u00e5lbild c\/c 60 mm.<\/p>\n<p>Monteras utanp\u00e5liggande med 4st skruvar.<\/p>\n<p>Best\u00e5r av vit termoplast.<\/p>","protected":false},"excerpt":{"rendered":"<p>V\u00e4ggram 1-fack 88*88 mm med djup 26 mm f\u00f6r skruvfasts\u00e4ttning av apparater med v\u00e5g- och lodr\u00e4t h\u00e5lbild c\/c 60 mm.<\/p>","protected":false},"featured_media":81670,"template":"","meta":{"_acf_changed":false},"product_brand":[],"product_cat":[523],"product_tag":[],"class_list":{"0":"post-67873","1":"product","2":"type-product","3":"status-publish","4":"has-post-thumbnail","6":"product_cat-tillbehor-till-rwc-larm","7":"product_shipping_class-postnord-varubrev","8":"tm-no-options","10":"first","11":"instock","12":"sale","13":"taxable","14":"shipping-taxable","15":"product-type-simple"},"acf":[],"_links":{"self":[{"href":"https:\/\/stonehouse.se\/en\/wp-json\/wp\/v2\/product\/67873","targetHints":{"allow":["GET"]}}],"collection":[{"href":"https:\/\/stonehouse.se\/en\/wp-json\/wp\/v2\/product"}],"about":[{"href":"https:\/\/stonehouse.se\/en\/wp-json\/wp\/v2\/types\/product"}],"wp:featuredmedia":[{"embeddable":true,"href":"https:\/\/stonehouse.se\/en\/wp-json\/wp\/v2\/media\/81670"}],"wp:attachment":[{"href":"https:\/\/stonehouse.se\/en\/wp-json\/wp\/v2\/media?parent=67873"}],"wp:term":[{"taxonomy":"product_brand","embeddable":true,"href":"https:\/\/stonehouse.se\/en\/wp-json\/wp\/v2\/product_brand?post=67873"},{"taxonomy":"product_cat","embeddable":true,"href":"https:\/\/stonehouse.se\/en\/wp-json\/wp\/v2\/product_cat?post=67873"},{"taxonomy":"product_tag","embeddable":true,"href":"https:\/\/stonehouse.se\/en\/wp-json\/wp\/v2\/product_tag?post=67873"}],"curies":[{"name":"wp","href":"https:\/\/api.w.org\/{rel}","templated":true}]}}