
{"id":67879,"date":"2024-01-31T16:34:29","date_gmt":"2024-01-31T15:34:29","guid":{"rendered":"https:\/\/stonehouse.se\/produkt\/transformator-200ma\/"},"modified":"2026-04-08T16:50:15","modified_gmt":"2026-04-08T14:50:15","slug":"transformator-200ma","status":"publish","type":"product","link":"https:\/\/stonehouse.se\/en\/product\/transformator-200ma\/","title":{"rendered":"TRANSFORMATOR 200MA"},"content":{"rendered":"<p>Transformator f\u00f6r montage i apparatdosa med 60mm f\u00e4stskruvavst\u00e5nd eller utanp\u00e5liggande i f\u00f6rh\u00f6jningsram.<\/p>\n<p>Teknisk specifikation Sp\u00e4nning Prim\u00e4r 230V, 5VA, 50Hz.<\/p>\n<p>Sp\u00e4nning sekund\u00e4r 24V. Max str\u00f6m 200mA.<\/p>\n<p>Temperaturs\u00e4kring Automatisk.<\/p>\n<p>S\u00e4kring Prim\u00e4r 50mA.<\/p>\n<p>Isolationsavst\u00e5nd prim\u00e4r \/ sekund\u00e4r 25mm.<\/p>\n<p>Montagedjup 32mm.<\/p>\n<p>F\u00e4rg fj\u00e4llvit<\/p>","protected":false},"excerpt":{"rendered":"<p>Transformator f\u00f6r montage i apparatdosa med 60mm f\u00e4stskruvavst\u00e5nd eller utanp\u00e5liggande i f\u00f6rh\u00f6jningsram. Teknisk specifikation Sp\u00e4nning Prim\u00e4r 230V, 5VA, 50Hz. Sp\u00e4nning<\/p>","protected":false},"featured_media":81668,"template":"","meta":{"_acf_changed":false},"product_brand":[],"product_cat":[524],"product_tag":[],"class_list":{"0":"post-67879","1":"product","2":"type-product","3":"status-publish","4":"has-post-thumbnail","6":"product_cat-stromforsorjning-till-rwc-larm","7":"product_shipping_class-tunga-paket","8":"tm-no-options","10":"first","11":"instock","12":"sale","13":"taxable","14":"shipping-taxable","15":"product-type-simple"},"acf":[],"_links":{"self":[{"href":"https:\/\/stonehouse.se\/en\/wp-json\/wp\/v2\/product\/67879","targetHints":{"allow":["GET"]}}],"collection":[{"href":"https:\/\/stonehouse.se\/en\/wp-json\/wp\/v2\/product"}],"about":[{"href":"https:\/\/stonehouse.se\/en\/wp-json\/wp\/v2\/types\/product"}],"wp:featuredmedia":[{"embeddable":true,"href":"https:\/\/stonehouse.se\/en\/wp-json\/wp\/v2\/media\/81668"}],"wp:attachment":[{"href":"https:\/\/stonehouse.se\/en\/wp-json\/wp\/v2\/media?parent=67879"}],"wp:term":[{"taxonomy":"product_brand","embeddable":true,"href":"https:\/\/stonehouse.se\/en\/wp-json\/wp\/v2\/product_brand?post=67879"},{"taxonomy":"product_cat","embeddable":true,"href":"https:\/\/stonehouse.se\/en\/wp-json\/wp\/v2\/product_cat?post=67879"},{"taxonomy":"product_tag","embeddable":true,"href":"https:\/\/stonehouse.se\/en\/wp-json\/wp\/v2\/product_tag?post=67879"}],"curies":[{"name":"wp","href":"https:\/\/api.w.org\/{rel}","templated":true}]}}