
{"id":68330,"date":"2024-03-11T14:38:33","date_gmt":"2024-03-11T13:38:33","guid":{"rendered":"https:\/\/stonehouse.se\/?post_type=product&#038;p=68330"},"modified":"2025-12-31T21:04:53","modified_gmt":"2025-12-31T20:04:53","slug":"tradlos-dorrklocka-batterifri-med-inomhus-temperaturgivare-150-meter-fri-luft-utbyggbar-med-fler-mottagare","status":"publish","type":"product","link":"https:\/\/stonehouse.se\/en\/product\/tradlos-dorrklocka-batterifri-med-inomhus-temperaturgivare-150-meter-fri-luft-utbyggbar-med-fler-mottagare\/","title":{"rendered":"Tr\u00e5dl\u00f6s d\u00f6rrklocka Batterifri med inomhus temperaturgivare &#8211; 150 meter fri luft Utbyggbar med fler mottagare"},"content":{"rendered":"<h1><strong>Tr\u00e5dl\u00f6s d\u00f6rrklocka utan batteri\u00a0<\/strong><\/h1>\n<h3>Produktbeskrivning<\/h3>\n<div class=\"react-scroll-to-bottom--css-cstes-1n7m0yu\">\n<div class=\"flex flex-col text-sm pb-9\">\n<div class=\"w-full text-token-text-primary sm:AIPRM__conversation__response\" data-testid=\"conversation-turn-9\">\n<div class=\"px-4 py-2 justify-center text-base md:gap-6 m-auto\">\n<div class=\"flex flex-1 text-base mx-auto gap-3 md:px-5 lg:px-1 xl:px-5 md:max-w-3xl lg:max-w-[40rem] xl:max-w-[48rem] group final-completion\">\n<div class=\"relative flex w-full flex-col agent-turn\">\n<div class=\"flex-col gap-1 md:gap-3\">\n<div class=\"flex flex-grow flex-col max-w-full\">\n<div class=\"min-h-[20px] text-message flex flex-col items-start gap-3 whitespace-pre-wrap break-words [.text-message+&amp;]:mt-5 overflow-x-auto\" data-message-author-role=\"assistant\" data-message-id=\"a43ca359-1c26-4cf2-997f-62bbd2ba3738\">\n<div class=\"markdown prose w-full break-words dark:prose-invert light AIPRM__conversation__response\">\n<p><strong>Tr\u00e5dl\u00f6s d\u00f6rrklocka utan batteri\u00a0<\/strong><\/p>\n<p><strong>Produktbeskrivning:<\/strong><\/p>\n<ol>\n<li><strong>Produktfunktioner:<\/strong>\n<ul>\n<li>Tr\u00e5dl\u00f6s d\u00f6rrklocka utan batteri som drivs av tr\u00e5dl\u00f6sa signaler genom att trycka f\u00f6r att generera elektricitet. Ingen batteri, ingen kabeldragning, enkel installation, gr\u00f6n och milj\u00f6v\u00e4nlig.<\/li>\n<li>Enkel, gener\u00f6s och h\u00f6gkvalitativ design som \u00e4r mycket vacker.<\/li>\n<li>Kan anv\u00e4ndas med tr\u00e5dl\u00f6sa mottagare, smarta str\u00f6mbrytare och annan tr\u00e5dl\u00f6s utrustning f\u00f6r fj\u00e4rrstyrning av elektriska apparater. Kan enkelt anv\u00e4ndas f\u00f6r enkelkontroll, dubbelkontroll, flerkontroll och interaktiv kontroll. Kan \u00e4ven anv\u00e4ndas som ljusstyrning f\u00f6r att sl\u00e5 p\u00e5 eller av.<\/li>\n<li>Max antal 4 knappar och 20 mottagare i samma system<\/li>\n<\/ul>\n<\/li>\n<\/ol>\n<p>&nbsp;<\/p>\n<ol>\n<li><strong>Produktillustration: Se \u00f6vriga bilder i v\u00e5r produkt beskrivning f\u00f6r v\u00e5r tr\u00e5dl\u00f6sa d\u00f6rrklocka<\/strong><\/li>\n<li><strong>Tekniska specifikationer:<\/strong>\n<ul>\n<li><strong>D\u00f6rrklocka s\u00e4ndare:<\/strong>\n<ul>\n<li>Sj\u00e4lvgenererad str\u00f6mf\u00f6rs\u00f6rjning<\/li>\n<li>Mottagaren placeras i v\u00e4gguttag f\u00f6r 220 volt och beh\u00f6ver d\u00e4rf\u00f6r inga batterier.<\/li>\n<li>Str\u00f6mf\u00f6rbrukning: 0.25W<\/li>\n<li>38 ringsignaler<\/li>\n<li>Vikt: 29g<\/li>\n<li>\u00d6verf\u00f6ringsavst\u00e5nd (\u00f6ppen yta): \u2265150M<\/li>\n<li>Arbetsfrekvens: RF 433 MHZ<\/li>\n<li>M\u00e5tt: L67mmxW33mmxH18mm<\/li>\n<li>Musikvolym: \u226550dB\/1M<\/li>\n<li>Arbetstemperatur: -20\u2103~+60\u2103<\/li>\n<\/ul>\n<\/li>\n<li><strong>D\u00f6rrklocka mottagare:<\/strong>\n<ul>\n<li>AC100V-230V 50\/60Hz<\/li>\n<li>Vikt: 56g<\/li>\n<li>M\u00e5tt: 85mmx52mmx43-63mm<\/li>\n<li>Arbetsfrekvens: RF 433 MHZ<\/li>\n<li>Musikvolym: \u226550dB\/1M<\/li>\n<li>Arbetstemperatur: -10\u2103~+45\u2103<\/li>\n<\/ul>\n<\/li>\n<\/ul>\n<\/li>\n<\/ol>\n<p><strong>Anv\u00e4ndarinstruktion:<\/strong><\/p>\n<ol>\n<li><strong>Parning:<\/strong> F\u00f6lj instruktionerna f\u00f6r att para ihop s\u00e4ndaren med mottagaren. En s\u00e4ndare kan paras ihop med upp till 5 mottagare.<\/li>\n<li><strong>Rensa parningskod:<\/strong> H\u00e5ll ned mottagarknappen inom 1 minut efter att mottagaren har startats f\u00f6r att rensa alla sparade parningskoder.<\/li>\n<li><strong>\u00c5terg\u00e5 till f\u00f6rsta musiken:<\/strong> L\u00e5ngtryck p\u00e5 &#8220;Volymjustering&#8221; och &#8220;Bak\u00e5t&#8221;-knapparna n\u00e4r mottagaren \u00e4r p\u00e5slagen f\u00f6r att \u00e5terg\u00e5 till f\u00f6rsta musiken.<\/li>\n<li><strong>Val av l\u00e5t:<\/strong> N\u00e4r mottagaren \u00e4r p\u00e5slagen, tryck kort p\u00e5 &#8220;Parning och l\u00e5tval&#8221;-knappen f\u00f6r att bl\u00e4ddra bland de inbyggda 38 ringsignalerna.<\/li>\n<li><strong>Volymjustering:<\/strong> N\u00e4r mottagaren \u00e4r p\u00e5slagen, tryck kort p\u00e5 &#8220;Volymjustering och \u00e5terv\u00e4nd&#8221;-knapparna f\u00f6r att justera volymen mellan h\u00f6g, medel, l\u00e5g och tyst l\u00e4ge.<\/li>\n<\/ol>\n<p><strong>Installationsinstruktion:<\/strong><\/p>\n<ul>\n<li>S\u00e4ndaren kan placeras eller flyttas efter behov och kan antingen f\u00e4stas med dubbelh\u00e4ftande tejp eller genom skruvmontering.<\/li>\n<\/ul>\n<p><strong>Felanalys och fels\u00f6kning:<\/strong><\/p>\n<ol>\n<li><strong>Inget ljud:<\/strong> Kontrollera om mottagaren \u00e4r inkopplad och om den \u00e4r i tyst l\u00e4ge. Kontrollera \u00e4ven om s\u00e4ndaren \u00e4r korrekt ihopparad med mottagaren.<\/li>\n<li><strong>Kort s\u00e4ndningsavst\u00e5nd:<\/strong> Undvik att placera s\u00e4ndaren och mottagaren n\u00e4ra metallf\u00f6rem\u00e5l eller i n\u00e4rheten av v\u00e4ggar och tak f\u00f6r att undvika interferens fr\u00e5n andra tr\u00e5dl\u00f6sa enheter.<\/li>\n<\/ol>\n<\/div>\n<\/div>\n<\/div>\n<div class=\"mt-1 flex justify-start gap-3 empty:hidden\"><\/div>\n<\/div>\n<\/div>\n<\/div>\n<\/div>\n<\/div>\n<\/div>\n<\/div>\n","protected":false},"excerpt":{"rendered":"<p>Tr\u00e5dl\u00f6s d\u00f6rrklocka utan batteri\u00a0 Produktbeskrivning Tr\u00e5dl\u00f6s d\u00f6rrklocka utan batteri\u00a0 Produktbeskrivning: Produktfunktioner: Tr\u00e5dl\u00f6s d\u00f6rrklocka utan batteri som drivs av tr\u00e5dl\u00f6sa signaler<\/p>","protected":false},"featured_media":80592,"template":"","meta":{"_acf_changed":false},"product_brand":[],"product_cat":[2698],"product_tag":[],"class_list":{"0":"post-68330","1":"product","2":"type-product","3":"status-publish","4":"has-post-thumbnail","6":"product_cat-dorrklockor","7":"product_shipping_class-postnord-varubrev","8":"tm-no-options","10":"first","11":"instock","12":"sale","13":"featured","14":"taxable","15":"shipping-taxable","16":"product-type-simple"},"acf":[],"_links":{"self":[{"href":"https:\/\/stonehouse.se\/en\/wp-json\/wp\/v2\/product\/68330","targetHints":{"allow":["GET"]}}],"collection":[{"href":"https:\/\/stonehouse.se\/en\/wp-json\/wp\/v2\/product"}],"about":[{"href":"https:\/\/stonehouse.se\/en\/wp-json\/wp\/v2\/types\/product"}],"wp:featuredmedia":[{"embeddable":true,"href":"https:\/\/stonehouse.se\/en\/wp-json\/wp\/v2\/media\/80592"}],"wp:attachment":[{"href":"https:\/\/stonehouse.se\/en\/wp-json\/wp\/v2\/media?parent=68330"}],"wp:term":[{"taxonomy":"product_brand","embeddable":true,"href":"https:\/\/stonehouse.se\/en\/wp-json\/wp\/v2\/product_brand?post=68330"},{"taxonomy":"product_cat","embeddable":true,"href":"https:\/\/stonehouse.se\/en\/wp-json\/wp\/v2\/product_cat?post=68330"},{"taxonomy":"product_tag","embeddable":true,"href":"https:\/\/stonehouse.se\/en\/wp-json\/wp\/v2\/product_tag?post=68330"}],"curies":[{"name":"wp","href":"https:\/\/api.w.org\/{rel}","templated":true}]}}