
{"id":68365,"date":"2024-03-12T10:37:30","date_gmt":"2024-03-12T09:37:30","guid":{"rendered":"https:\/\/stonehouse.se\/?post_type=product&#038;p=68365"},"modified":"2026-01-06T21:07:07","modified_gmt":"2026-01-06T20:07:07","slug":"risco-poe-4mp-eyeball-camera","status":"publish","type":"product","link":"https:\/\/stonehouse.se\/en\/product\/risco-poe-4mp-eyeball-camera\/","title":{"rendered":"Risco PoE 4MP Eyeball Camera"},"content":{"rendered":"<h1><strong>Risco PoE 4MP Eyeball Camera<\/strong><\/h1>\n<p data-start=\"380\" data-end=\"742\">Risco PoE 4MP Eyeball Camera \u00e4r en kraftfull s\u00e4kerhetsl\u00f6sning som ger kristallklara bilder med sin 4-megapixel progressiva CMOS-bildsensor.<\/p>\n<p data-start=\"380\" data-end=\"742\">Kameran erbjuder ett IR-avst\u00e5nd p\u00e5 upp till 30 meter, vilket g\u00f6r den l\u00e4mplig f\u00f6r b\u00e5de dag- och natt\u00f6vervakning.<\/p>\n<p data-start=\"380\" data-end=\"742\">Med WDR (Wide Dynamic Range) p\u00e5 120 dB f\u00e5r du en bra bild \u00e4ven i sv\u00e5ra ljusf\u00f6rh\u00e5llanden.<\/p>\n<p data-start=\"744\" data-end=\"1039\">F\u00f6r installationen, anslut kameran via Ethernet-kabel till en router eller NVR PoE-port.<\/p>\n<p data-start=\"744\" data-end=\"1039\">Om PoE inte anv\u00e4nds, str\u00f6mf\u00f6rs\u00f6rj kameran med en l\u00e4mplig str\u00f6madapter.<\/p>\n<p data-start=\"744\" data-end=\"1039\">Kameran kan endast anslutas till RISCO Cloud via VUpoint NVR, och m\u00e5ste konfigureras som en &#8220;RISCO Pro&#8221;-kamera f\u00f6r att fungera korrekt.<\/p>\n<p data-start=\"1041\" data-end=\"1196\">Risco PoE 4MP Eyeball Camera har en inbyggd mikrofon och \u00e4r IP67-certifierad f\u00f6r att klara av b\u00e5de damm och vatten, vilket g\u00f6r den perfekt f\u00f6r utomhusbruk.<\/p>\n<p data-start=\"1198\" data-end=\"1227\"><strong data-start=\"1198\" data-end=\"1227\">Tekniska Specifikationer:<\/strong><\/p>\n<ul data-start=\"1228\" data-end=\"1767\">\n<li data-start=\"1228\" data-end=\"1249\">\n<p data-start=\"1230\" data-end=\"1249\">Modell: RVCM72P2100<\/p>\n<\/li>\n<li data-start=\"1250\" data-end=\"1296\">\n<p data-start=\"1252\" data-end=\"1296\">Bildsensor: 1\/3\u201d 4-megapixel progressiv CMOS<\/p>\n<\/li>\n<li data-start=\"1297\" data-end=\"1319\">\n<p data-start=\"1299\" data-end=\"1319\">IR Avst\u00e5nd: 30 meter<\/p>\n<\/li>\n<li data-start=\"1320\" data-end=\"1339\">\n<p data-start=\"1322\" data-end=\"1339\">Br\u00e4nnvidd: 2.8 mm<\/p>\n<\/li>\n<li data-start=\"1340\" data-end=\"1374\">\n<p data-start=\"1342\" data-end=\"1374\">WDR: 120 dB (Wide Dynamic Range)<\/p>\n<\/li>\n<li data-start=\"1375\" data-end=\"1426\">\n<p data-start=\"1377\" data-end=\"1426\">Firmwareuppgradering: Via kamerans webbgr\u00e4nssnitt<\/p>\n<\/li>\n<li data-start=\"1427\" data-end=\"1457\">\n<p data-start=\"1429\" data-end=\"1457\">Str\u00f6mf\u00f6rs\u00f6rjning: 12V DC\/POE<\/p>\n<\/li>\n<li data-start=\"1458\" data-end=\"1483\">\n<p data-start=\"1460\" data-end=\"1483\">Str\u00f6mf\u00f6rbrukning: &lt;6.6W<\/p>\n<\/li>\n<li data-start=\"1484\" data-end=\"1561\">\n<p data-start=\"1486\" data-end=\"1561\">Driftsf\u00f6rh\u00e5llanden: -40\u00b0C till 60\u00b0C (-40\u00b0F till 140\u00b0F), \u2264 95% luftfuktighet<\/p>\n<\/li>\n<li data-start=\"1562\" data-end=\"1618\">\n<p data-start=\"1564\" data-end=\"1618\">Lagringstemperatur: -40\u00b0C till 60\u00b0C (-40\u00b0F till 140\u00b0F)<\/p>\n<\/li>\n<li data-start=\"1619\" data-end=\"1662\">\n<p data-start=\"1621\" data-end=\"1662\">Skydd: IP67 (vattent\u00e5lig och dammskyddad)<\/p>\n<\/li>\n<li data-start=\"1663\" data-end=\"1693\">\n<p data-start=\"1665\" data-end=\"1693\">Funktioner: Inbyggd mikrofon<\/p>\n<\/li>\n<li data-start=\"1694\" data-end=\"1767\">\n<p data-start=\"1696\" data-end=\"1767\">Kompatibilitet: RISCO Cloud via VUpoint NVR (med &#8220;RISCO Pro&#8221;-kameratyp)<\/p>\n<\/li>\n<\/ul>\n<p>&nbsp;<\/p>","protected":false},"excerpt":{"rendered":"<p>Risco PoE 4MP Eyeball Camera \u00e4r en h\u00f6guppl\u00f6st s\u00e4kerhetskamera med en 4-megapixel CMOS-bildsensor och IR-synlighet upp till 30 meter.<\/p>\n<p>Den \u00e4r IP67-certifierad och erbjuder robust prestanda f\u00f6r b\u00e5de inomhus- och utomhusbruk.<\/p>\n<p>Kompatibel med RISCO Cloud via VUpoint NVR.<\/p>","protected":false},"featured_media":81360,"template":"","meta":{"_acf_changed":false},"product_brand":[],"product_cat":[2724,2717],"product_tag":[],"class_list":{"0":"post-68365","1":"product","2":"type-product","3":"status-publish","4":"has-post-thumbnail","6":"product_cat-ip-kamera-nvr","7":"product_cat-risco-larm","8":"product_shipping_class-tunga-paket","9":"pa_brands-4risco","10":"tm-no-options","12":"first","13":"onbackorder","14":"sale","15":"taxable","16":"shipping-taxable","17":"product-type-simple"},"acf":[],"_links":{"self":[{"href":"https:\/\/stonehouse.se\/en\/wp-json\/wp\/v2\/product\/68365","targetHints":{"allow":["GET"]}}],"collection":[{"href":"https:\/\/stonehouse.se\/en\/wp-json\/wp\/v2\/product"}],"about":[{"href":"https:\/\/stonehouse.se\/en\/wp-json\/wp\/v2\/types\/product"}],"wp:featuredmedia":[{"embeddable":true,"href":"https:\/\/stonehouse.se\/en\/wp-json\/wp\/v2\/media\/81360"}],"wp:attachment":[{"href":"https:\/\/stonehouse.se\/en\/wp-json\/wp\/v2\/media?parent=68365"}],"wp:term":[{"taxonomy":"product_brand","embeddable":true,"href":"https:\/\/stonehouse.se\/en\/wp-json\/wp\/v2\/product_brand?post=68365"},{"taxonomy":"product_cat","embeddable":true,"href":"https:\/\/stonehouse.se\/en\/wp-json\/wp\/v2\/product_cat?post=68365"},{"taxonomy":"product_tag","embeddable":true,"href":"https:\/\/stonehouse.se\/en\/wp-json\/wp\/v2\/product_tag?post=68365"}],"curies":[{"name":"wp","href":"https:\/\/api.w.org\/{rel}","templated":true}]}}