
{"id":68367,"date":"2024-03-12T10:37:30","date_gmt":"2024-03-12T09:37:30","guid":{"rendered":"https:\/\/stonehouse.se\/?post_type=product&#038;p=68367"},"modified":"2025-12-31T21:05:28","modified_gmt":"2025-12-31T20:05:28","slug":"risco-poe-4mp-cube-camera","status":"publish","type":"product","link":"https:\/\/stonehouse.se\/en\/product\/risco-poe-4mp-cube-camera\/","title":{"rendered":"Risco PoE 4MP Cube Camera"},"content":{"rendered":"<h1>Risco PoE 4MP Cube Camera<\/h1>\n<p data-start=\"377\" data-end=\"712\">Risco PoE 4MP Cube Camera erbjuder \u00f6verl\u00e4gsen bildkvalitet med sin 4-megapixel bildsensor.<\/p>\n<p data-start=\"377\" data-end=\"712\">Den \u00e4r utrustad med WDR (DWDR), vilket f\u00f6rb\u00e4ttrar bildkvaliteten i sv\u00e5ra ljusf\u00f6rh\u00e5llanden, och en inbyggd mikrofon f\u00f6r tv\u00e5v\u00e4gskommunikation.<\/p>\n<p data-start=\"377\" data-end=\"712\">Med ett IR-avst\u00e5nd p\u00e5 upp till 10 meter ger den klar synlighet \u00e4ven i svagt ljus.<\/p>\n<p data-start=\"714\" data-end=\"1033\">F\u00f6r installationen, anslut kameran via Ethernet-kabel till din router eller PoE-port p\u00e5 en NVR.<\/p>\n<p data-start=\"714\" data-end=\"1033\">Om kameran inte anv\u00e4nds med PoE, m\u00e5ste den str\u00f6mf\u00f6rs\u00f6rjas med en l\u00e4mplig str\u00f6madapter.<\/p>\n<p data-start=\"714\" data-end=\"1033\">Kameran m\u00e5ste anslutas till RISCO Cloud via VUpoint NVR och konfigureras som en &#8220;RISCO Pro&#8221;-kamera f\u00f6r att s\u00e4kerst\u00e4lla korrekt funktion.<\/p>\n<p data-start=\"1035\" data-end=\"1155\">Kameran \u00e4r perfekt f\u00f6r anv\u00e4ndning b\u00e5de inomhus och utomhus och \u00e4r designad f\u00f6r att ge p\u00e5litlig \u00f6vervakning och s\u00e4kerhet.<\/p>\n<p data-start=\"1157\" data-end=\"1186\"><strong data-start=\"1157\" data-end=\"1186\">Tekniska Specifikationer:<\/strong><\/p>\n<ul data-start=\"1187\" data-end=\"1495\">\n<li data-start=\"1187\" data-end=\"1208\">\n<p data-start=\"1189\" data-end=\"1208\">Modell: RVCM11P1800<\/p>\n<\/li>\n<li data-start=\"1209\" data-end=\"1249\">\n<p data-start=\"1211\" data-end=\"1249\">WDR: DWDR (Digital Wide Dynamic Range)<\/p>\n<\/li>\n<li data-start=\"1250\" data-end=\"1272\">\n<p data-start=\"1252\" data-end=\"1272\">Inbyggd mikrofon: Ja<\/p>\n<\/li>\n<li data-start=\"1273\" data-end=\"1300\">\n<p data-start=\"1275\" data-end=\"1300\">IR Avst\u00e5nd: Max. 10 meter<\/p>\n<\/li>\n<li data-start=\"1301\" data-end=\"1372\">\n<p data-start=\"1303\" data-end=\"1372\">Str\u00f6mf\u00f6rs\u00f6rjning: POE eller extern str\u00f6madapter (om inte PoE anv\u00e4nds)<\/p>\n<\/li>\n<li data-start=\"1373\" data-end=\"1446\">\n<p data-start=\"1375\" data-end=\"1446\">Kompatibilitet: RISCO Cloud via VUpoint NVR (med &#8220;RISCO Pro&#8221;-kameratyp)<\/p>\n<\/li>\n<li data-start=\"1447\" data-end=\"1495\">\n<p data-start=\"1449\" data-end=\"1495\">M\u00e5tt: Kompakt design f\u00f6r flexibel installation<\/p>\n<\/li>\n<\/ul>","protected":false},"excerpt":{"rendered":"<p>Risco PoE 4MP Cube Camera \u00e4r en h\u00f6guppl\u00f6st s\u00e4kerhetskamera med en 4-megapixel bildsensor, inbyggd mikrofon och IR-synlighet upp till 10 meter.<\/p>\n<p>Kameran \u00e4r kompatibel med RISCO Cloud via VUpoint NVR och \u00e4r idealisk f\u00f6r \u00f6vervakning av b\u00e5de inomhus- och utomhusomr\u00e5den.<\/p>","protected":false},"featured_media":81323,"template":"","meta":{"_acf_changed":false},"product_brand":[],"product_cat":[2724,2717],"product_tag":[],"class_list":{"0":"post-68367","1":"product","2":"type-product","3":"status-publish","4":"has-post-thumbnail","6":"product_cat-ip-kamera-nvr","7":"product_cat-risco-larm","8":"product_shipping_class-tunga-paket","9":"pa_brands-4risco","10":"tm-no-options","12":"first","13":"instock","14":"sale","15":"taxable","16":"shipping-taxable","17":"product-type-simple"},"acf":[],"_links":{"self":[{"href":"https:\/\/stonehouse.se\/en\/wp-json\/wp\/v2\/product\/68367","targetHints":{"allow":["GET"]}}],"collection":[{"href":"https:\/\/stonehouse.se\/en\/wp-json\/wp\/v2\/product"}],"about":[{"href":"https:\/\/stonehouse.se\/en\/wp-json\/wp\/v2\/types\/product"}],"wp:featuredmedia":[{"embeddable":true,"href":"https:\/\/stonehouse.se\/en\/wp-json\/wp\/v2\/media\/81323"}],"wp:attachment":[{"href":"https:\/\/stonehouse.se\/en\/wp-json\/wp\/v2\/media?parent=68367"}],"wp:term":[{"taxonomy":"product_brand","embeddable":true,"href":"https:\/\/stonehouse.se\/en\/wp-json\/wp\/v2\/product_brand?post=68367"},{"taxonomy":"product_cat","embeddable":true,"href":"https:\/\/stonehouse.se\/en\/wp-json\/wp\/v2\/product_cat?post=68367"},{"taxonomy":"product_tag","embeddable":true,"href":"https:\/\/stonehouse.se\/en\/wp-json\/wp\/v2\/product_tag?post=68367"}],"curies":[{"name":"wp","href":"https:\/\/api.w.org\/{rel}","templated":true}]}}