
{"id":68368,"date":"2024-03-12T10:37:30","date_gmt":"2024-03-12T09:37:30","guid":{"rendered":"https:\/\/stonehouse.se\/?post_type=product&#038;p=68368"},"modified":"2025-12-31T21:05:34","modified_gmt":"2025-12-31T20:05:34","slug":"risco-poe-4m-dome-camera","status":"publish","type":"product","link":"https:\/\/stonehouse.se\/en\/product\/risco-poe-4m-dome-camera\/","title":{"rendered":"Risco PoE 4MP Dome Camera"},"content":{"rendered":"<h1>Risco PoE 4MP Dome Camera<\/h1>\n<p data-start=\"373\" data-end=\"694\">Risco PoE 4MP Dome Camera erbjuder kristallklar bildkvalitet med sin 4-megapixel progressiva CMOS-bildsensor.<\/p>\n<p data-start=\"373\" data-end=\"694\">Den har ett IR-avst\u00e5nd p\u00e5 upp till 30 meter, vilket g\u00f6r den idealisk f\u00f6r b\u00e5de dag- och natt\u00f6vervakning.<\/p>\n<p data-start=\"373\" data-end=\"694\">Med en br\u00e4nnvidd p\u00e5 2.8 mm f\u00e5ngar kameran ett brett synf\u00e4lt f\u00f6r effektiv \u00f6vervakning.<\/p>\n<p data-start=\"696\" data-end=\"1030\">Kameran har WDR (Wide Dynamic Range) p\u00e5 120 dB, vilket g\u00f6r att den levererar utm\u00e4rkt bildkvalitet \u00e4ven i sv\u00e5ra ljusf\u00f6rh\u00e5llanden, som starkt ljus eller skuggiga omr\u00e5den.<\/p>\n<p data-start=\"696\" data-end=\"1030\">F\u00f6r installationen, anslut kameran via Ethernet-kabel till en router eller PoE-port p\u00e5 en NVR. Om PoE inte anv\u00e4nds, str\u00f6mf\u00f6rs\u00f6rj kameran med en l\u00e4mplig str\u00f6madapter.<\/p>\n<p data-start=\"1032\" data-end=\"1286\">Kameran \u00e4r IP67-certifierad, vilket g\u00f6r att den \u00e4r b\u00e5de damm- och vattent\u00e5lig och d\u00e4rmed perfekt f\u00f6r utomhusbruk i tuffa milj\u00f6er.<\/p>\n<p data-start=\"1032\" data-end=\"1286\">F\u00f6r att ansluta kameran till RISCO Cloud beh\u00f6ver den kopplas till en VUpoint NVR och konfigureras som en &#8220;RISCO Pro&#8221;-kamera.<\/p>\n<p data-start=\"1288\" data-end=\"1317\"><strong data-start=\"1288\" data-end=\"1317\">Tekniska Specifikationer:<\/strong><\/p>\n<ul data-start=\"1318\" data-end=\"1768\">\n<li data-start=\"1318\" data-end=\"1353\">\n<p data-start=\"1320\" data-end=\"1353\">Modell: Risco PoE 4MP Dome Camera<\/p>\n<\/li>\n<li data-start=\"1354\" data-end=\"1400\">\n<p data-start=\"1356\" data-end=\"1400\">Bildsensor: 1\/3\u201d 4-megapixel progressiv CMOS<\/p>\n<\/li>\n<li data-start=\"1401\" data-end=\"1423\">\n<p data-start=\"1403\" data-end=\"1423\">IR Avst\u00e5nd: 30 meter<\/p>\n<\/li>\n<li data-start=\"1424\" data-end=\"1443\">\n<p data-start=\"1426\" data-end=\"1443\">Br\u00e4nnvidd: 2.8 mm<\/p>\n<\/li>\n<li data-start=\"1444\" data-end=\"1478\">\n<p data-start=\"1446\" data-end=\"1478\">WDR: 120 dB (Wide Dynamic Range)<\/p>\n<\/li>\n<li data-start=\"1479\" data-end=\"1530\">\n<p data-start=\"1481\" data-end=\"1530\">Firmwareuppgradering: Via kamerans webbgr\u00e4nssnitt<\/p>\n<\/li>\n<li data-start=\"1531\" data-end=\"1563\">\n<p data-start=\"1533\" data-end=\"1563\">Str\u00f6mf\u00f6rs\u00f6rjning: 12V DC \/ PoE<\/p>\n<\/li>\n<li data-start=\"1564\" data-end=\"1589\">\n<p data-start=\"1566\" data-end=\"1589\">Str\u00f6mf\u00f6rbrukning: &lt;4.9W<\/p>\n<\/li>\n<li data-start=\"1590\" data-end=\"1667\">\n<p data-start=\"1592\" data-end=\"1667\">Driftsf\u00f6rh\u00e5llanden: -40\u00b0C till 55\u00b0C (-40\u00b0F till 131\u00b0F), \u2264 95% luftfuktighet<\/p>\n<\/li>\n<li data-start=\"1668\" data-end=\"1724\">\n<p data-start=\"1670\" data-end=\"1724\">Lagringstemperatur: -40\u00b0C till 60\u00b0C (-40\u00b0F till 140\u00b0F)<\/p>\n<\/li>\n<li data-start=\"1725\" data-end=\"1768\">\n<p data-start=\"1727\" data-end=\"1768\">Skydd: IP67 (vattent\u00e5lig och dammskyddad)<\/p>\n<\/li>\n<\/ul>","protected":false},"excerpt":{"rendered":"<p>Risco PoE 4MP Dome Camera \u00e4r en h\u00f6guppl\u00f6st s\u00e4kerhetskamera med 4-megapixel CMOS-bildsensor, IR-synlighet upp till 30 meter och WDR-teknik f\u00f6r b\u00e4sta bildkvalitet i alla ljusf\u00f6rh\u00e5llanden.<\/p>\n<p>Kameran \u00e4r IP67-certifierad och kompatibel med RISCO Cloud via VUpoint NVR.<\/p>","protected":false},"featured_media":81361,"template":"","meta":{"_acf_changed":false},"product_brand":[],"product_cat":[2724,2717],"product_tag":[],"class_list":{"0":"post-68368","1":"product","2":"type-product","3":"status-publish","4":"has-post-thumbnail","6":"product_cat-ip-kamera-nvr","7":"product_cat-risco-larm","8":"product_shipping_class-tunga-paket","9":"pa_brands-4risco","10":"tm-no-options","12":"first","13":"instock","14":"sale","15":"taxable","16":"shipping-taxable","17":"product-type-simple"},"acf":[],"_links":{"self":[{"href":"https:\/\/stonehouse.se\/en\/wp-json\/wp\/v2\/product\/68368","targetHints":{"allow":["GET"]}}],"collection":[{"href":"https:\/\/stonehouse.se\/en\/wp-json\/wp\/v2\/product"}],"about":[{"href":"https:\/\/stonehouse.se\/en\/wp-json\/wp\/v2\/types\/product"}],"wp:featuredmedia":[{"embeddable":true,"href":"https:\/\/stonehouse.se\/en\/wp-json\/wp\/v2\/media\/81361"}],"wp:attachment":[{"href":"https:\/\/stonehouse.se\/en\/wp-json\/wp\/v2\/media?parent=68368"}],"wp:term":[{"taxonomy":"product_brand","embeddable":true,"href":"https:\/\/stonehouse.se\/en\/wp-json\/wp\/v2\/product_brand?post=68368"},{"taxonomy":"product_cat","embeddable":true,"href":"https:\/\/stonehouse.se\/en\/wp-json\/wp\/v2\/product_cat?post=68368"},{"taxonomy":"product_tag","embeddable":true,"href":"https:\/\/stonehouse.se\/en\/wp-json\/wp\/v2\/product_tag?post=68368"}],"curies":[{"name":"wp","href":"https:\/\/api.w.org\/{rel}","templated":true}]}}