
{"id":68370,"date":"2024-03-12T10:37:30","date_gmt":"2024-03-12T09:37:30","guid":{"rendered":"https:\/\/stonehouse.se\/?post_type=product&#038;p=68370"},"modified":"2026-01-06T21:07:23","modified_gmt":"2026-01-06T20:07:23","slug":"risco-poe-4mp-bullet-camera","status":"publish","type":"product","link":"https:\/\/stonehouse.se\/en\/product\/risco-poe-4mp-bullet-camera\/","title":{"rendered":"Risco PoE 4MP Bullet Camera"},"content":{"rendered":"<h1>Risco PoE 4MP Bullet Camera<\/h1>\n<p data-start=\"356\" data-end=\"751\">Risco PoE 4MP Bullet Camera levererar kristallklar bildkvalitet med sin 4-megapixel progressiva CMOS-bildsensor.<\/p>\n<p data-start=\"356\" data-end=\"751\">Den har ett IR-avst\u00e5nd p\u00e5 upp till 30 meter, vilket ger utm\u00e4rkt synlighet \u00e4ven i m\u00f6rka f\u00f6rh\u00e5llanden.<\/p>\n<p data-start=\"356\" data-end=\"751\">Kameran \u00e4r utrustad med WDR (Wide Dynamic Range) p\u00e5 120 dB, vilket g\u00f6r att den kan hantera sv\u00e5ra ljusf\u00f6rh\u00e5llanden, s\u00e5som starkt solljus eller skuggiga omr\u00e5den.<\/p>\n<p data-start=\"753\" data-end=\"1036\">F\u00f6r installationen ansluts kameran via Ethernet-kabel till din router eller PoE-port p\u00e5 en NVR.<\/p>\n<p data-start=\"753\" data-end=\"1036\">Om PoE inte anv\u00e4nds, str\u00f6mf\u00f6rs\u00f6rjs kameran med en l\u00e4mplig str\u00f6madapter.<\/p>\n<p data-start=\"753\" data-end=\"1036\">Kameran \u00e4r IP67-certifierad, vilket g\u00f6r den vattent\u00e5lig och dammskyddad, perfekt f\u00f6r utomhusbruk och tuffa milj\u00f6er.<\/p>\n<p data-start=\"1038\" data-end=\"1067\"><strong data-start=\"1038\" data-end=\"1067\">Tekniska Specifikationer:<\/strong><\/p>\n<ul data-start=\"1068\" data-end=\"1504\">\n<li data-start=\"1068\" data-end=\"1089\">\n<p data-start=\"1070\" data-end=\"1089\">Modell: RVCM52P2000<\/p>\n<\/li>\n<li data-start=\"1090\" data-end=\"1136\">\n<p data-start=\"1092\" data-end=\"1136\">Bildsensor: 1\/3\u201d 4-megapixel progressiv CMOS<\/p>\n<\/li>\n<li data-start=\"1137\" data-end=\"1159\">\n<p data-start=\"1139\" data-end=\"1159\">IR Avst\u00e5nd: 30 meter<\/p>\n<\/li>\n<li data-start=\"1160\" data-end=\"1179\">\n<p data-start=\"1162\" data-end=\"1179\">Br\u00e4nnvidd: 2.8 mm<\/p>\n<\/li>\n<li data-start=\"1180\" data-end=\"1214\">\n<p data-start=\"1182\" data-end=\"1214\">WDR: 120 dB (Wide Dynamic Range)<\/p>\n<\/li>\n<li data-start=\"1215\" data-end=\"1266\">\n<p data-start=\"1217\" data-end=\"1266\">Firmwareuppgradering: Via kamerans webbgr\u00e4nssnitt<\/p>\n<\/li>\n<li data-start=\"1267\" data-end=\"1299\">\n<p data-start=\"1269\" data-end=\"1299\">Str\u00f6mf\u00f6rs\u00f6rjning: 12V DC \/ PoE<\/p>\n<\/li>\n<li data-start=\"1300\" data-end=\"1325\">\n<p data-start=\"1302\" data-end=\"1325\">Str\u00f6mf\u00f6rbrukning: &lt;5.0W<\/p>\n<\/li>\n<li data-start=\"1326\" data-end=\"1403\">\n<p data-start=\"1328\" data-end=\"1403\">Driftsf\u00f6rh\u00e5llanden: -40\u00b0C till 55\u00b0C (-40\u00b0F till 131\u00b0F), \u2264 95% luftfuktighet<\/p>\n<\/li>\n<li data-start=\"1404\" data-end=\"1460\">\n<p data-start=\"1406\" data-end=\"1460\">Lagringstemperatur: -40\u00b0C till 60\u00b0C (-40\u00b0F till 140\u00b0F)<\/p>\n<\/li>\n<li data-start=\"1461\" data-end=\"1504\">\n<p data-start=\"1463\" data-end=\"1504\">Skydd: IP67 (vattent\u00e5lig och dammskyddad)<\/p>\n<\/li>\n<\/ul>","protected":false},"excerpt":{"rendered":"<p>Risco PoE 4MP Bullet Camera \u00e4r en h\u00f6guppl\u00f6st s\u00e4kerhetskamera med en 4-megapixel CMOS-bildsensor och IR-synlighet upp till 30 meter.<\/p>\n<p>Kameran erbjuder WDR-teknik och \u00e4r IP67-certifierad f\u00f6r p\u00e5litlig prestanda i b\u00e5de inomhus- och utomhusmilj\u00f6er.<\/p>","protected":false},"featured_media":81362,"template":"","meta":{"_acf_changed":false},"product_brand":[],"product_cat":[2724,2717],"product_tag":[],"class_list":{"0":"post-68370","1":"product","2":"type-product","3":"status-publish","4":"has-post-thumbnail","6":"product_cat-ip-kamera-nvr","7":"product_cat-risco-larm","8":"product_shipping_class-tunga-paket","9":"pa_brands-4risco","10":"tm-no-options","12":"first","13":"onbackorder","14":"sale","15":"taxable","16":"shipping-taxable","17":"product-type-simple"},"acf":[],"_links":{"self":[{"href":"https:\/\/stonehouse.se\/en\/wp-json\/wp\/v2\/product\/68370","targetHints":{"allow":["GET"]}}],"collection":[{"href":"https:\/\/stonehouse.se\/en\/wp-json\/wp\/v2\/product"}],"about":[{"href":"https:\/\/stonehouse.se\/en\/wp-json\/wp\/v2\/types\/product"}],"wp:featuredmedia":[{"embeddable":true,"href":"https:\/\/stonehouse.se\/en\/wp-json\/wp\/v2\/media\/81362"}],"wp:attachment":[{"href":"https:\/\/stonehouse.se\/en\/wp-json\/wp\/v2\/media?parent=68370"}],"wp:term":[{"taxonomy":"product_brand","embeddable":true,"href":"https:\/\/stonehouse.se\/en\/wp-json\/wp\/v2\/product_brand?post=68370"},{"taxonomy":"product_cat","embeddable":true,"href":"https:\/\/stonehouse.se\/en\/wp-json\/wp\/v2\/product_cat?post=68370"},{"taxonomy":"product_tag","embeddable":true,"href":"https:\/\/stonehouse.se\/en\/wp-json\/wp\/v2\/product_tag?post=68370"}],"curies":[{"name":"wp","href":"https:\/\/api.w.org\/{rel}","templated":true}]}}