
{"id":68372,"date":"2024-03-12T10:37:24","date_gmt":"2024-03-12T09:37:24","guid":{"rendered":"https:\/\/stonehouse.se\/?post_type=product&#038;p=68372"},"modified":"2025-12-31T21:17:02","modified_gmt":"2025-12-31T20:17:02","slug":"risco-bullet-4mp-varifocal-poe-network-camera","status":"publish","type":"product","link":"https:\/\/stonehouse.se\/en\/product\/risco-bullet-4mp-varifocal-poe-network-camera\/","title":{"rendered":"Risco Bullet 4MP Varifocal PoE Network Camera"},"content":{"rendered":"<h1>Risco Bullet 4MP Varifocal PoE Network Camera<\/h1>\n<p data-start=\"369\" data-end=\"794\">Risco Bullet 4MP Varifocal PoE Network Camera \u00e4r en avancerad s\u00e4kerhetskamera designad f\u00f6r att ge h\u00f6guppl\u00f6st \u00f6vervakning med sin 4-megapixel progressiva CMOS-bildsensor.<\/p>\n<p data-start=\"369\" data-end=\"794\">Kameran har en justerbar br\u00e4nnvidd mellan 2.8 mm och 12 mm, vilket g\u00f6r att du kan anpassa synf\u00e4ltet beroende p\u00e5 din \u00f6vervakningsbehov.<\/p>\n<p data-start=\"369\" data-end=\"794\">Med ett IR-avst\u00e5nd p\u00e5 upp till 50 meter ger kameran tydlig bildkvalitet \u00e4ven i m\u00f6rka f\u00f6rh\u00e5llanden.<\/p>\n<p data-start=\"796\" data-end=\"1070\">Kameran \u00e4r kompatibel med RISCO Cloud, men f\u00f6r att ansluta den till RISCO Cloud beh\u00f6ver den kopplas till en VUpoint NVR.<\/p>\n<p data-start=\"796\" data-end=\"1070\">Installationen sker via Ethernet-porten och PoE (Power over Ethernet) vilket g\u00f6r det enkelt att ansluta och str\u00f6mf\u00f6rs\u00f6rja kameran genom en n\u00e4tverkskabel.<\/p>\n<p data-start=\"1072\" data-end=\"1383\">Kameran har ocks\u00e5 en WDR-teknik (Wide Dynamic Range) p\u00e5 120 dB, vilket f\u00f6rb\u00e4ttrar bildkvaliteten i sv\u00e5ra ljusf\u00f6rh\u00e5llanden och ger en klar och tydlig bild oavsett ljusniv\u00e5er.<\/p>\n<p data-start=\"1072\" data-end=\"1383\">Den \u00e4r dessutom IP67-certifierad, vilket inneb\u00e4r att den \u00e4r b\u00e5de vattent\u00e5lig och dammskyddad \u2013 perfekt f\u00f6r b\u00e5de inomhus- och utomhusbruk.<\/p>\n<p data-start=\"1385\" data-end=\"1414\"><strong data-start=\"1385\" data-end=\"1414\">Tekniska Specifikationer:<\/strong><\/p>\n<ul data-start=\"1415\" data-end=\"1870\">\n<li data-start=\"1415\" data-end=\"1436\">\n<p data-start=\"1417\" data-end=\"1436\">Modell: RVCM52P2200<\/p>\n<\/li>\n<li data-start=\"1437\" data-end=\"1484\">\n<p data-start=\"1439\" data-end=\"1484\">Bildsensor: 1\/2.7\u201d 4Megapixel progressiv CMOS<\/p>\n<\/li>\n<li data-start=\"1485\" data-end=\"1503\">\n<p data-start=\"1487\" data-end=\"1503\">IR Avst\u00e5nd: 50 m<\/p>\n<\/li>\n<li data-start=\"1504\" data-end=\"1543\">\n<p data-start=\"1506\" data-end=\"1543\">Br\u00e4nnvidd: 2.8 mm &#8211; 12 mm (justerbar)<\/p>\n<\/li>\n<li data-start=\"1544\" data-end=\"1578\">\n<p data-start=\"1546\" data-end=\"1578\">WDR: 120 dB (Wide Dynamic Range)<\/p>\n<\/li>\n<li data-start=\"1579\" data-end=\"1630\">\n<p data-start=\"1581\" data-end=\"1630\">Firmwareuppgradering: Via kamerans webbgr\u00e4nssnitt<\/p>\n<\/li>\n<li data-start=\"1631\" data-end=\"1663\">\n<p data-start=\"1633\" data-end=\"1663\">Str\u00f6mf\u00f6rs\u00f6rjning: 12V DC \/ PoE<\/p>\n<\/li>\n<li data-start=\"1664\" data-end=\"1689\">\n<p data-start=\"1666\" data-end=\"1689\">Str\u00f6mf\u00f6rbrukning: &lt;5.4W<\/p>\n<\/li>\n<li data-start=\"1690\" data-end=\"1767\">\n<p data-start=\"1692\" data-end=\"1767\">Driftsf\u00f6rh\u00e5llanden: -40\u00b0C till 60\u00b0C (-40\u00b0F till 140\u00b0F), \u2264 95% luftfuktighet<\/p>\n<\/li>\n<li data-start=\"1768\" data-end=\"1824\">\n<p data-start=\"1770\" data-end=\"1824\">Lagringstemperatur: -40\u00b0C till 60\u00b0C (-40\u00b0F till 140\u00b0F)<\/p>\n<\/li>\n<li data-start=\"1825\" data-end=\"1838\">\n<p data-start=\"1827\" data-end=\"1838\">Skydd: IP67<\/p>\n<\/li>\n<li data-start=\"1839\" data-end=\"1870\">\n<p data-start=\"1841\" data-end=\"1870\">Lagring: Micro SD, Max. 256GB<\/p>\n<\/li>\n<\/ul>","protected":false},"excerpt":{"rendered":"<p>Risco Bullet 4MP Varifocal PoE Network Camera \u00e4r en h\u00f6guppl\u00f6st s\u00e4kerhetskamera med justerbar br\u00e4nnvidd och IR-synlighet upp till 50 meter.<\/p>\n<p>Den \u00e4r kompatibel med RISCO Cloud via VUpoint NVR och erbjuder robust skydd med IP67-certifiering.<\/p>","protected":false},"featured_media":81375,"template":"","meta":{"_acf_changed":false},"product_brand":[],"product_cat":[2724,2717],"product_tag":[],"class_list":{"0":"post-68372","1":"product","2":"type-product","3":"status-publish","4":"has-post-thumbnail","6":"product_cat-ip-kamera-nvr","7":"product_cat-risco-larm","8":"product_shipping_class-tunga-paket","9":"pa_brands-4risco","10":"tm-no-options","12":"first","13":"instock","14":"sale","15":"taxable","16":"shipping-taxable","17":"product-type-simple"},"acf":[],"_links":{"self":[{"href":"https:\/\/stonehouse.se\/en\/wp-json\/wp\/v2\/product\/68372","targetHints":{"allow":["GET"]}}],"collection":[{"href":"https:\/\/stonehouse.se\/en\/wp-json\/wp\/v2\/product"}],"about":[{"href":"https:\/\/stonehouse.se\/en\/wp-json\/wp\/v2\/types\/product"}],"wp:featuredmedia":[{"embeddable":true,"href":"https:\/\/stonehouse.se\/en\/wp-json\/wp\/v2\/media\/81375"}],"wp:attachment":[{"href":"https:\/\/stonehouse.se\/en\/wp-json\/wp\/v2\/media?parent=68372"}],"wp:term":[{"taxonomy":"product_brand","embeddable":true,"href":"https:\/\/stonehouse.se\/en\/wp-json\/wp\/v2\/product_brand?post=68372"},{"taxonomy":"product_cat","embeddable":true,"href":"https:\/\/stonehouse.se\/en\/wp-json\/wp\/v2\/product_cat?post=68372"},{"taxonomy":"product_tag","embeddable":true,"href":"https:\/\/stonehouse.se\/en\/wp-json\/wp\/v2\/product_tag?post=68372"}],"curies":[{"name":"wp","href":"https:\/\/api.w.org\/{rel}","templated":true}]}}