
{"id":68376,"date":"2024-03-12T10:37:30","date_gmt":"2024-03-12T09:37:30","guid":{"rendered":"https:\/\/stonehouse.se\/?post_type=product&#038;p=68376"},"modified":"2026-01-06T21:07:38","modified_gmt":"2026-01-06T20:07:38","slug":"risco-poe-4mp-x25-ptz-camera","status":"publish","type":"product","link":"https:\/\/stonehouse.se\/en\/product\/risco-poe-4mp-x25-ptz-camera\/","title":{"rendered":"Risco PoE 4MP X25 PTZ Camera"},"content":{"rendered":"<h1>Risco PoE 4MP X25 PTZ Camera<\/h1>\n<p data-start=\"362\" data-end=\"848\">Risco PoE 4MP X25 PTZ Camera erbjuder en avancerad l\u00f6sning f\u00f6r video\u00f6vervakning med sin 4-megapixel STARVIS CMOS-bildsensor, som ger utm\u00e4rkt bildkvalitet \u00e4ven under sv\u00e5ra ljusf\u00f6rh\u00e5llanden.<\/p>\n<p data-start=\"362\" data-end=\"848\">Kameran erbjuder IR-synlighet upp till 100 meter och en justerbar br\u00e4nnvidd mellan 4.8 mm och 120 mm f\u00f6r att f\u00e5nga ett brett eller detaljerat synf\u00e4lt beroende p\u00e5 behov.<\/p>\n<p data-start=\"362\" data-end=\"848\">Med WDR (Wide Dynamic Range) p\u00e5 120 dB s\u00e4kerst\u00e4lls att bilderna \u00e4r tydliga \u00e4ven i svagt eller starkt ljus.<\/p>\n<p data-start=\"850\" data-end=\"1161\">F\u00f6r installationen ansluts kameran via Ethernet-kabel till en router eller PoE+ port, men om PoE+ inte anv\u00e4nds, m\u00e5ste kameran str\u00f6mf\u00f6rs\u00f6rjas med en l\u00e4mplig str\u00f6madapter.<\/p>\n<p data-start=\"850\" data-end=\"1161\">Kameran \u00e4r \u00e4ven kompatibel med RISCO Cloud via VUpoint NVR och kan konfigureras som en &#8220;RISCO Pro&#8221;-kamera f\u00f6r enkel anslutning och hantering.<\/p>\n<p data-start=\"1163\" data-end=\"1400\">Den \u00e4r IP66-certifierad, vilket g\u00f6r den vattent\u00e5lig och dammskyddad, och d\u00e4rf\u00f6r perfekt f\u00f6r b\u00e5de inomhus- och utomhusbruk.<\/p>\n<p data-start=\"1163\" data-end=\"1400\">Med PTZ-funktionalitet kan kameran panorera, luta och zooma f\u00f6r att ge en flexibel och anpassningsbar \u00f6vervakning.<\/p>\n<p data-start=\"1402\" data-end=\"1431\"><strong data-start=\"1402\" data-end=\"1431\">Tekniska Specifikationer:<\/strong><\/p>\n<ul data-start=\"1432\" data-end=\"1906\">\n<li data-start=\"1432\" data-end=\"1453\">\n<p data-start=\"1434\" data-end=\"1453\">Modell: RVCM82E2500<\/p>\n<\/li>\n<li data-start=\"1454\" data-end=\"1487\">\n<p data-start=\"1456\" data-end=\"1487\">Bildsensor: 1\/2.8\u201d STARVIS CMOS<\/p>\n<\/li>\n<li data-start=\"1488\" data-end=\"1511\">\n<p data-start=\"1490\" data-end=\"1511\">IR Avst\u00e5nd: 100 meter<\/p>\n<\/li>\n<li data-start=\"1512\" data-end=\"1552\">\n<p data-start=\"1514\" data-end=\"1552\">Br\u00e4nnvidd: 4.8 mm \u2013 120 mm (justerbar)<\/p>\n<\/li>\n<li data-start=\"1553\" data-end=\"1587\">\n<p data-start=\"1555\" data-end=\"1587\">WDR: 120 dB (Wide Dynamic Range)<\/p>\n<\/li>\n<li data-start=\"1588\" data-end=\"1639\">\n<p data-start=\"1590\" data-end=\"1639\">Firmwareuppgradering: Via kamerans webbgr\u00e4nssnitt<\/p>\n<\/li>\n<li data-start=\"1640\" data-end=\"1676\">\n<p data-start=\"1642\" data-end=\"1676\">Str\u00f6mf\u00f6rs\u00f6rjning: 12V\/3A DC \/ POE+<\/p>\n<\/li>\n<li data-start=\"1677\" data-end=\"1716\">\n<p data-start=\"1679\" data-end=\"1716\">Str\u00f6mf\u00f6rbrukning: 13W (21W med IR p\u00e5)<\/p>\n<\/li>\n<li data-start=\"1717\" data-end=\"1794\">\n<p data-start=\"1719\" data-end=\"1794\">Driftsf\u00f6rh\u00e5llanden: -40\u00b0C till 70\u00b0C (-40\u00b0F till 158\u00b0F), \u2264 95% luftfuktighet<\/p>\n<\/li>\n<li data-start=\"1795\" data-end=\"1838\">\n<p data-start=\"1797\" data-end=\"1838\">Skydd: IP66 (vattent\u00e5lig och dammskyddad)<\/p>\n<\/li>\n<li data-start=\"1839\" data-end=\"1874\">\n<p data-start=\"1841\" data-end=\"1874\">Funktioner: PTZ (Pan, Tilt, Zoom)<\/p>\n<\/li>\n<li data-start=\"1875\" data-end=\"1906\">\n<p data-start=\"1877\" data-end=\"1906\">Lagring: Micro SD, Max. 256GB<\/p>\n<\/li>\n<\/ul>","protected":false},"excerpt":{"rendered":"<p>Risco PoE 4MP X25 PTZ Camera \u00e4r en kraftfull s\u00e4kerhetskamera med 4-megapixel STARVIS CMOS-sensor, IR-synlighet upp till 100 meter och PTZ (pan, tilt, zoom)-funktionalitet.<\/p>\n<p>Kameran \u00e4r IP66-certifierad och kompatibel med RISCO Cloud via VUpoint NVR.<\/p>","protected":false},"featured_media":81364,"template":"","meta":{"_acf_changed":false},"product_brand":[],"product_cat":[2724,2717],"product_tag":[],"class_list":{"0":"post-68376","1":"product","2":"type-product","3":"status-publish","4":"has-post-thumbnail","6":"product_cat-ip-kamera-nvr","7":"product_cat-risco-larm","8":"product_shipping_class-tunga-paket","9":"pa_brands-4risco","10":"tm-no-options","12":"first","13":"onbackorder","14":"sale","15":"taxable","16":"shipping-taxable","17":"product-type-simple"},"acf":[],"_links":{"self":[{"href":"https:\/\/stonehouse.se\/en\/wp-json\/wp\/v2\/product\/68376","targetHints":{"allow":["GET"]}}],"collection":[{"href":"https:\/\/stonehouse.se\/en\/wp-json\/wp\/v2\/product"}],"about":[{"href":"https:\/\/stonehouse.se\/en\/wp-json\/wp\/v2\/types\/product"}],"wp:featuredmedia":[{"embeddable":true,"href":"https:\/\/stonehouse.se\/en\/wp-json\/wp\/v2\/media\/81364"}],"wp:attachment":[{"href":"https:\/\/stonehouse.se\/en\/wp-json\/wp\/v2\/media?parent=68376"}],"wp:term":[{"taxonomy":"product_brand","embeddable":true,"href":"https:\/\/stonehouse.se\/en\/wp-json\/wp\/v2\/product_brand?post=68376"},{"taxonomy":"product_cat","embeddable":true,"href":"https:\/\/stonehouse.se\/en\/wp-json\/wp\/v2\/product_cat?post=68376"},{"taxonomy":"product_tag","embeddable":true,"href":"https:\/\/stonehouse.se\/en\/wp-json\/wp\/v2\/product_tag?post=68376"}],"curies":[{"name":"wp","href":"https:\/\/api.w.org\/{rel}","templated":true}]}}