
{"id":68378,"date":"2024-03-12T10:37:30","date_gmt":"2024-03-12T09:37:30","guid":{"rendered":"https:\/\/stonehouse.se\/?post_type=product&#038;p=68378"},"modified":"2025-12-31T21:03:04","modified_gmt":"2025-12-31T20:03:04","slug":"risco-vupoint-nvr-poe-4-channel","status":"publish","type":"product","link":"https:\/\/stonehouse.se\/en\/product\/risco-vupoint-nvr-poe-4-channel\/","title":{"rendered":"Risco VUPoint NVR PoE 4 Channel"},"content":{"rendered":"<h1>Risco VUPoint NVR PoE 4 Channel<\/h1>\n<p data-start=\"339\" data-end=\"736\">Risco VUPoint NVR PoE 4-kanals enhet \u00e4r en kompakt och kraftfull l\u00f6sning f\u00f6r video\u00f6vervakning som st\u00f6der upp till 4 PoE-kompatibla kameror.<\/p>\n<p data-start=\"339\" data-end=\"736\">Enheten \u00e4r designad f\u00f6r att ge enkel anslutning och str\u00f6mf\u00f6rs\u00f6rjning till PoE-kameror och s\u00e4kerst\u00e4ller en stabil och p\u00e5litlig drift.<\/p>\n<p data-start=\"339\" data-end=\"736\">Lagring sker via en intern SATA III-port som st\u00f6djer upp till 6 TB kapacitet (h\u00e5rddisk s\u00e4ljs separat).<\/p>\n<p data-start=\"738\" data-end=\"1046\">Med en str\u00f6mf\u00f6rbrukning p\u00e5 mindre \u00e4n 7.5W utan h\u00e5rddisk och st\u00f6d f\u00f6r PoE (max 25.5W per port och totalt 50W f\u00f6r 4-kanalsversionen) \u00e4r den energieffektiv.<\/p>\n<p data-start=\"738\" data-end=\"1046\">Enheten \u00e4r CE-certifierad och kan drivas i ett brett temperaturintervall fr\u00e5n -10\u00b0C till +55\u00b0C, vilket g\u00f6r den l\u00e4mplig f\u00f6r b\u00e5de inomhus- och utomhusbruk.<\/p>\n<p data-start=\"1048\" data-end=\"1077\"><strong data-start=\"1048\" data-end=\"1077\">Tekniska Specifikationer:<\/strong><\/p>\n<ul data-start=\"1078\" data-end=\"1682\">\n<li data-start=\"1078\" data-end=\"1111\">\n<p data-start=\"1080\" data-end=\"1111\">Modell: RVNVR04002QB (4-kanals)<\/p>\n<\/li>\n<li data-start=\"1112\" data-end=\"1164\">\n<p data-start=\"1114\" data-end=\"1164\">Lagring: Intern HDD, upp till 6 TB (SATA III-port)<\/p>\n<\/li>\n<li data-start=\"1165\" data-end=\"1182\">\n<p data-start=\"1167\" data-end=\"1182\">HDD-l\u00e4ge: Enkel<\/p>\n<\/li>\n<li data-start=\"1183\" data-end=\"1213\">\n<p data-start=\"1185\" data-end=\"1213\">Str\u00f6mf\u00f6rs\u00f6rjning: DC48V\/1.5A<\/p>\n<\/li>\n<li data-start=\"1214\" data-end=\"1310\">\n<p data-start=\"1216\" data-end=\"1233\">Str\u00f6mf\u00f6rbrukning:<\/p>\n<ul data-start=\"1237\" data-end=\"1310\">\n<li data-start=\"1237\" data-end=\"1269\">\n<p data-start=\"1239\" data-end=\"1269\">4-kanals NVR: &lt;7.5W (utan HDD)<\/p>\n<\/li>\n<li data-start=\"1273\" data-end=\"1310\">\n<p data-start=\"1275\" data-end=\"1310\">PoE: Max 25.5W per port, totalt 50W<\/p>\n<\/li>\n<\/ul>\n<\/li>\n<li data-start=\"1311\" data-end=\"1382\">\n<p data-start=\"1313\" data-end=\"1382\">Driftsf\u00f6rh\u00e5llanden: -10\u00b0C till +55\u00b0C (+14\u00b0F till +131\u00b0F), 86 ~ 106kPa<\/p>\n<\/li>\n<li data-start=\"1383\" data-end=\"1454\">\n<p data-start=\"1385\" data-end=\"1454\">Lagringsf\u00f6rh\u00e5llanden: -20\u00b0C till +70\u00b0C (-4\u00b0F till +158\u00b0F), 0 ~ 90% RH<\/p>\n<\/li>\n<li data-start=\"1455\" data-end=\"1597\">\n<p data-start=\"1457\" data-end=\"1462\">M\u00e5tt:<\/p>\n<ul data-start=\"1466\" data-end=\"1597\">\n<li data-start=\"1466\" data-end=\"1525\">\n<p data-start=\"1468\" data-end=\"1525\">4-kanals: 204.6mm x 204.6mm x 45.6mm (8.1&#8243; x 8.1&#8243; x 1.8&#8243;)<\/p>\n<\/li>\n<li data-start=\"1529\" data-end=\"1561\">\n<p data-start=\"1531\" data-end=\"1561\">Netto vikt: 0.45 kg (utan HDD)<\/p>\n<\/li>\n<li data-start=\"1565\" data-end=\"1597\">\n<p data-start=\"1567\" data-end=\"1597\">Brutto vikt: 1.5 kg (utan HDD)<\/p>\n<\/li>\n<\/ul>\n<\/li>\n<li data-start=\"1598\" data-end=\"1682\">\n<p data-start=\"1600\" data-end=\"1682\">Certifiering: CE EN55032, EN55024, EN50130-4, EN60950-1, FCC Del 15 Underavsnitt B<\/p>\n<\/li>\n<\/ul>","protected":false},"excerpt":{"rendered":"<p>Risco VUPoint NVR PoE 4-kanals enhet \u00e4r designad f\u00f6r att driva PoE-kompatibla kameror och erbjuder effektiv lagring via en intern SATA III-port (upp till 6 TB).<\/p>\n<p>Perfekt f\u00f6r anv\u00e4ndning med PoE-kameror f\u00f6r video\u00f6vervakning.<\/p>","protected":false},"featured_media":81357,"template":"","meta":{"_acf_changed":false},"product_brand":[],"product_cat":[2724,2717],"product_tag":[],"class_list":{"0":"post-68378","1":"product","2":"type-product","3":"status-publish","4":"has-post-thumbnail","6":"product_cat-ip-kamera-nvr","7":"product_cat-risco-larm","8":"product_shipping_class-tunga-paket","9":"pa_brands-4risco","10":"tm-no-options","12":"first","13":"instock","14":"sale","15":"taxable","16":"shipping-taxable","17":"product-type-simple"},"acf":[],"_links":{"self":[{"href":"https:\/\/stonehouse.se\/en\/wp-json\/wp\/v2\/product\/68378","targetHints":{"allow":["GET"]}}],"collection":[{"href":"https:\/\/stonehouse.se\/en\/wp-json\/wp\/v2\/product"}],"about":[{"href":"https:\/\/stonehouse.se\/en\/wp-json\/wp\/v2\/types\/product"}],"wp:featuredmedia":[{"embeddable":true,"href":"https:\/\/stonehouse.se\/en\/wp-json\/wp\/v2\/media\/81357"}],"wp:attachment":[{"href":"https:\/\/stonehouse.se\/en\/wp-json\/wp\/v2\/media?parent=68378"}],"wp:term":[{"taxonomy":"product_brand","embeddable":true,"href":"https:\/\/stonehouse.se\/en\/wp-json\/wp\/v2\/product_brand?post=68378"},{"taxonomy":"product_cat","embeddable":true,"href":"https:\/\/stonehouse.se\/en\/wp-json\/wp\/v2\/product_cat?post=68378"},{"taxonomy":"product_tag","embeddable":true,"href":"https:\/\/stonehouse.se\/en\/wp-json\/wp\/v2\/product_tag?post=68378"}],"curies":[{"name":"wp","href":"https:\/\/api.w.org\/{rel}","templated":true}]}}