
{"id":68380,"date":"2024-03-12T10:37:30","date_gmt":"2024-03-12T09:37:30","guid":{"rendered":"https:\/\/stonehouse.se\/?post_type=product&#038;p=68380"},"modified":"2025-12-31T21:03:09","modified_gmt":"2025-12-31T20:03:09","slug":"risco-vupoint-nvr-poe-8-channel","status":"publish","type":"product","link":"https:\/\/stonehouse.se\/en\/product\/risco-vupoint-nvr-poe-8-channel\/","title":{"rendered":"Risco VUPoint NVR PoE 8 Channel"},"content":{"rendered":"<h1>Risco VUPoint NVR PoE 8 Channel<\/h1>\n<p data-start=\"323\" data-end=\"609\">Risco VUPoint NVR PoE 8-kanals enhet ger en effektiv och tillf\u00f6rlitlig l\u00f6sning f\u00f6r att hantera video\u00f6vervakning.<\/p>\n<p data-start=\"323\" data-end=\"609\">Den kan driva upp till 8 PoE-kompatibla kameror och erbjuder lagring via en intern SATA III-port med upp till 6 TB kapacitet (h\u00e5rddisk s\u00e4ljs separat).<\/p>\n<p data-start=\"611\" data-end=\"928\">Enheten har en str\u00f6mf\u00f6rbrukning p\u00e5 mindre \u00e4n 8.3W utan h\u00e5rddisk och erbjuder PoE-st\u00f6d med upp till 25.5W per port och totalt 80W f\u00f6r 8-kanalsversionen.<\/p>\n<p data-start=\"611\" data-end=\"928\">Risco VUPoint NVR \u00e4r designad f\u00f6r att fungera i ett brett temperaturomr\u00e5de fr\u00e5n -10\u00b0C till +55\u00b0C, vilket g\u00f6r den l\u00e4mplig f\u00f6r b\u00e5de inomhus- och utomhusinstallationer.<\/p>\n<p data-start=\"930\" data-end=\"1192\">Med en kompakt design och robust konstruktion, \u00e4r den h\u00e4r enheten certifierad f\u00f6r s\u00e4ker anv\u00e4ndning och uppfyller CE och FCC-krav.<\/p>\n<p data-start=\"930\" data-end=\"1192\">Lagring kan enkelt ut\u00f6kas genom att ansluta en h\u00e5rddisk p\u00e5 upp till 6 TB, vilket g\u00f6r den idealisk f\u00f6r stora s\u00e4kerhetsinstallationer.<\/p>\n<p data-start=\"1194\" data-end=\"1223\"><strong data-start=\"1194\" data-end=\"1223\">Tekniska Specifikationer:<\/strong><\/p>\n<ul data-start=\"1224\" data-end=\"1834\">\n<li data-start=\"1224\" data-end=\"1246\">\n<p data-start=\"1226\" data-end=\"1246\">Modell: RVNVR08002QB<\/p>\n<\/li>\n<li data-start=\"1247\" data-end=\"1276\">\n<p data-start=\"1249\" data-end=\"1276\">Antal Kanaler: 8-kanals NVR<\/p>\n<\/li>\n<li data-start=\"1277\" data-end=\"1348\">\n<p data-start=\"1279\" data-end=\"1348\">Lagring: Intern SATA III-port, upp till 6 TB (h\u00e5rddisk s\u00e4ljs separat)<\/p>\n<\/li>\n<li data-start=\"1349\" data-end=\"1379\">\n<p data-start=\"1351\" data-end=\"1379\">Str\u00f6mf\u00f6rs\u00f6rjning: DC48V\/1.5A<\/p>\n<\/li>\n<li data-start=\"1380\" data-end=\"1476\">\n<p data-start=\"1382\" data-end=\"1399\">Str\u00f6mf\u00f6rbrukning:<\/p>\n<ul data-start=\"1403\" data-end=\"1476\">\n<li data-start=\"1403\" data-end=\"1435\">\n<p data-start=\"1405\" data-end=\"1435\">8-kanals NVR: &lt;8.3W (utan HDD)<\/p>\n<\/li>\n<li data-start=\"1439\" data-end=\"1476\">\n<p data-start=\"1441\" data-end=\"1476\">PoE: Max 25.5W per port, totalt 80W<\/p>\n<\/li>\n<\/ul>\n<\/li>\n<li data-start=\"1477\" data-end=\"1556\">\n<p data-start=\"1479\" data-end=\"1556\">Driftsf\u00f6rh\u00e5llanden: -10\u00b0C till +55\u00b0C (+14\u00b0F till +131\u00b0F), \u2264 95% luftfuktighet<\/p>\n<\/li>\n<li data-start=\"1557\" data-end=\"1628\">\n<p data-start=\"1559\" data-end=\"1628\">Lagringsf\u00f6rh\u00e5llanden: -20\u00b0C till +70\u00b0C (-4\u00b0F till +158\u00b0F), 0 ~ 90% RH<\/p>\n<\/li>\n<li data-start=\"1629\" data-end=\"1683\">\n<p data-start=\"1631\" data-end=\"1683\">M\u00e5tt: 270mm x 204.7mm x 45.7mm (10.6&#8243; x 8.1&#8243; x 1.8&#8243;)<\/p>\n<\/li>\n<li data-start=\"1684\" data-end=\"1716\">\n<p data-start=\"1686\" data-end=\"1716\">Netto vikt: 0.65 kg (utan HDD)<\/p>\n<\/li>\n<li data-start=\"1717\" data-end=\"1749\">\n<p data-start=\"1719\" data-end=\"1749\">Brutto vikt: 1.8 kg (utan HDD)<\/p>\n<\/li>\n<li data-start=\"1750\" data-end=\"1834\">\n<p data-start=\"1752\" data-end=\"1834\">Certifiering: CE EN55032, EN55024, EN50130-4, EN60950-1, FCC Del 15 Underavsnitt B<\/p>\n<\/li>\n<\/ul>","protected":false},"excerpt":{"rendered":"<p>Risco VUPoint NVR PoE 8-kanals enhet \u00e4r en kraftfull l\u00f6sning f\u00f6r video\u00f6vervakning, designad f\u00f6r att driva PoE-kompatibla kameror och erbjuda upp till 6 TB lagring via SATA III-port.<\/p>\n<p>H\u00e5rddisk s\u00e4ljs separat.<\/p>\n<div id=\"gtx-trans\" style=\"position: absolute;left: 120px;top: 106.391px\">\n<div class=\"gtx-trans-icon\"><\/div>\n<\/div>","protected":false},"featured_media":81357,"template":"","meta":{"_acf_changed":false},"product_brand":[],"product_cat":[2724,2717],"product_tag":[],"class_list":{"0":"post-68380","1":"product","2":"type-product","3":"status-publish","4":"has-post-thumbnail","6":"product_cat-ip-kamera-nvr","7":"product_cat-risco-larm","8":"product_shipping_class-tunga-paket","9":"pa_brands-4risco","10":"tm-no-options","12":"first","13":"outofstock","14":"sale","15":"taxable","16":"shipping-taxable","17":"product-type-simple"},"acf":[],"_links":{"self":[{"href":"https:\/\/stonehouse.se\/en\/wp-json\/wp\/v2\/product\/68380","targetHints":{"allow":["GET"]}}],"collection":[{"href":"https:\/\/stonehouse.se\/en\/wp-json\/wp\/v2\/product"}],"about":[{"href":"https:\/\/stonehouse.se\/en\/wp-json\/wp\/v2\/types\/product"}],"wp:featuredmedia":[{"embeddable":true,"href":"https:\/\/stonehouse.se\/en\/wp-json\/wp\/v2\/media\/81357"}],"wp:attachment":[{"href":"https:\/\/stonehouse.se\/en\/wp-json\/wp\/v2\/media?parent=68380"}],"wp:term":[{"taxonomy":"product_brand","embeddable":true,"href":"https:\/\/stonehouse.se\/en\/wp-json\/wp\/v2\/product_brand?post=68380"},{"taxonomy":"product_cat","embeddable":true,"href":"https:\/\/stonehouse.se\/en\/wp-json\/wp\/v2\/product_cat?post=68380"},{"taxonomy":"product_tag","embeddable":true,"href":"https:\/\/stonehouse.se\/en\/wp-json\/wp\/v2\/product_tag?post=68380"}],"curies":[{"name":"wp","href":"https:\/\/api.w.org\/{rel}","templated":true}]}}