
{"id":68796,"date":"2024-03-15T09:21:52","date_gmt":"2024-03-15T08:21:52","guid":{"rendered":"https:\/\/stonehouse.se\/?post_type=product&#038;p=68796"},"modified":"2026-04-09T11:39:39","modified_gmt":"2026-04-09T09:39:39","slug":"wd-wdd032g1p0c-purple-sc-qd101-series-ultra-endurance-microsd-kort-for-overvakningskamera-32-gb","status":"publish","type":"product","link":"https:\/\/stonehouse.se\/en\/product\/wd-wdd032g1p0c-purple-sc-qd101-series-ultra-endurance-microsd-kort-for-overvakningskamera-32-gb\/","title":{"rendered":"WD WDD032G1P0C Purple SC QD101 Series, Ultra Endurance MicroSD-kort f\u00f6r \u00f6vervakningskamera, 32 GB"},"content":{"rendered":"<p>WD WDD032G1P0C Purple SC QD101 Series, Ultra Endurance MicroSD-kort f\u00f6r \u00f6vervakningskamera, 32 GB<\/p>\n<h3 id=\"pdp_productoverview\" class=\"item-headertop rd-prod-overview-hygiene\">Produkt\u00f6versikt<\/h3>\n<div class=\"pd-overview-details pd-show-full-overview\">\n<div class=\"headernamehrnone\">Western Digitals WD Purple\u2122 SC QD101 microSD\u2122-kort \u00e4r s\u00e4rskilt utformat f\u00f6r den breda marknaden f\u00f6r s\u00e4kerhetskameror. Med avancerad 96-lagers 3D NAND-teknik ger kortet en kostnadseffektiv kombination av ultrah\u00e5llbarhet, h\u00f6g prestanda och ett brett kapacitetsintervall upp till 512 GB, och dess st\u00f6d f\u00f6r Card Health Monitor-funktionalitet m\u00f6jligg\u00f6r f\u00f6rebyggande lagringshantering. Med den snabbt v\u00e4xande marknaden f\u00f6r s\u00e4kerhetskameror och den \u00f6kande anv\u00e4ndningen av 4K-video erbjuder detta kort r\u00e4tt kombination av l\u00e5ng livsl\u00e4ngd och kapacitet f\u00f6r att hantera den kontinuerliga inspelningsbelastningen 24\/7. Lita p\u00e5 att Western Digital levererar WD Purple &#8211; den perfekta microSD-lagringen f\u00f6r s\u00e4kerhetsvideokameror och edge-enheter&nbsp;<b>Det \u00e4r WD Purple<\/b>Designat f\u00f6r \u00f6vervakning Att kortet \u00e4r medlem i ett marknadsledande varum\u00e4rke ger dig en f\u00f6rs\u00e4kran om att det \u00e4r designat med r\u00e4tt robusthet, prestanda och funktioner f\u00f6r s\u00e4kerhetsvideokameror och edge-enheter<b>S\u00e4tt mer tillit till dina kameror<\/b>Ultra uth\u00e5llighet. WD Purple SC microSD-kort \u00e4r utformade f\u00f6r kontinuerlig 24\/7-inspelning om kamerorna tappar anslutningen till NVR, vilket ger ytterligare f\u00f6rtroende f\u00f6r din s\u00e4kerhetsvideol\u00f6sning.<b>Smart lagringsunderh\u00e5ll<\/b>Korth\u00e4lso\u00f6vervakning. I kompatibla kameror kan du med hj\u00e4lp av kortets h\u00e4lso\u00f6vervakningsfunktion f\u00e5 meddelanden om h\u00e4lsostatusen f\u00f6r ditt WD Purple microSD-kort, s\u00e5 att du kan utf\u00f6ra f\u00f6rebyggande lagringshantering.<b>Robust lagring, inomhus eller utomhus<\/b>St\u00f6der temperaturomr\u00e5det -25\u00b0C till 85\u00b0C; fuktbest\u00e4ndigt. Du kan vara s\u00e4ker p\u00e5 att det h\u00e4r kortet \u00e4r utformat f\u00f6r kontinuerlig drift under extrema v\u00e4derf\u00f6rh\u00e5llanden och i en m\u00e4ngd olika klimat.<b>Kontinuerlig inspelning. Timmar eller dagar<\/b>Kapaciteter fr\u00e5n 32GB till 512GB. Brett utbud av kapaciteter f\u00f6r olika kombinationer av kameror, uppl\u00f6sningar och inspelningsimplementeringar; anv\u00e4ndning f\u00f6r b\u00e5de r\u00f6relsestyrd och kontinuerlig inspelning.<\/div>\n<\/div>","protected":false},"excerpt":{"rendered":"<p>Western Digitals WD Purple\u2122 SC QD101 microSD\u2122-kort \u00e4r s\u00e4rskilt utformat f\u00f6r den breda marknaden f\u00f6r s\u00e4kerhetskameror. Med avancerad 96-lagers 3D NAND-teknik ger kortet en kostnadseffektiv kombination av ultrah\u00e5llbarhet, h\u00f6g prestanda och ett brett kapacitetsinterval.<\/p>","protected":false},"featured_media":81342,"template":"","meta":{"_acf_changed":false},"product_brand":[],"product_cat":[2755],"product_tag":[],"class_list":{"0":"post-68796","1":"product","2":"type-product","3":"status-publish","4":"has-post-thumbnail","6":"product_cat-micro-sd-minneskort","7":"product_shipping_class-postnord-varubrev","8":"pa_brands-western-digital","9":"tm-no-options","11":"first","12":"outofstock","13":"sale","14":"taxable","15":"shipping-taxable","16":"product-type-simple"},"acf":[],"_links":{"self":[{"href":"https:\/\/stonehouse.se\/en\/wp-json\/wp\/v2\/product\/68796","targetHints":{"allow":["GET"]}}],"collection":[{"href":"https:\/\/stonehouse.se\/en\/wp-json\/wp\/v2\/product"}],"about":[{"href":"https:\/\/stonehouse.se\/en\/wp-json\/wp\/v2\/types\/product"}],"wp:featuredmedia":[{"embeddable":true,"href":"https:\/\/stonehouse.se\/en\/wp-json\/wp\/v2\/media\/81342"}],"wp:attachment":[{"href":"https:\/\/stonehouse.se\/en\/wp-json\/wp\/v2\/media?parent=68796"}],"wp:term":[{"taxonomy":"product_brand","embeddable":true,"href":"https:\/\/stonehouse.se\/en\/wp-json\/wp\/v2\/product_brand?post=68796"},{"taxonomy":"product_cat","embeddable":true,"href":"https:\/\/stonehouse.se\/en\/wp-json\/wp\/v2\/product_cat?post=68796"},{"taxonomy":"product_tag","embeddable":true,"href":"https:\/\/stonehouse.se\/en\/wp-json\/wp\/v2\/product_tag?post=68796"}],"curies":[{"name":"wp","href":"https:\/\/api.w.org\/{rel}","templated":true}]}}