
{"id":68808,"date":"2024-03-15T12:55:47","date_gmt":"2024-03-15T11:55:47","guid":{"rendered":"https:\/\/stonehouse.se\/?post_type=product&#038;p=68808"},"modified":"2026-04-01T16:38:59","modified_gmt":"2026-04-01T14:38:59","slug":"micosd-256-gb-ultra-endurance-microsd-kort-for-overvakningskamera-256-gb","status":"publish","type":"product","link":"https:\/\/stonehouse.se\/en\/product\/micosd-256-gb-ultra-endurance-microsd-kort-for-overvakningskamera-256-gb\/","title":{"rendered":"Micosd 256 GB Ultra Endurance MicroSD-kort f\u00f6r \u00f6vervakningskamera, 256 GB"},"content":{"rendered":"<p>WD WDD256G1P0C Purple SC QD101 Series, Ultra Endurance MicroSD-kort f\u00f6r \u00f6vervakningskamera, 256 GB<\/p>","protected":false},"excerpt":{"rendered":"<p>Western Digitals WD Purple\u2122 SC QD101 microSD\u2122-kort \u00e4r s\u00e4rskilt utformat f\u00f6r den breda marknaden f\u00f6r s\u00e4kerhetskameror. Med avancerad 96-lagers 3D NAND-teknik ger kortet en kostnadseffektiv kombination av ultrah\u00e5llbarhet, h\u00f6g prestanda och ett brett kapacitetsinterval.<\/p>","protected":false},"featured_media":0,"template":"","meta":{"_acf_changed":false},"product_brand":[],"product_cat":[2755],"product_tag":[],"class_list":{"0":"post-68808","1":"product","2":"type-product","3":"status-publish","5":"product_cat-micro-sd-minneskort","6":"product_shipping_class-postnord-varubrev","7":"pa_brands-western-digital","8":"tm-no-options","10":"first","11":"instock","12":"sale","13":"taxable","14":"shipping-taxable","15":"product-type-simple"},"acf":[],"_links":{"self":[{"href":"https:\/\/stonehouse.se\/en\/wp-json\/wp\/v2\/product\/68808","targetHints":{"allow":["GET"]}}],"collection":[{"href":"https:\/\/stonehouse.se\/en\/wp-json\/wp\/v2\/product"}],"about":[{"href":"https:\/\/stonehouse.se\/en\/wp-json\/wp\/v2\/types\/product"}],"wp:attachment":[{"href":"https:\/\/stonehouse.se\/en\/wp-json\/wp\/v2\/media?parent=68808"}],"wp:term":[{"taxonomy":"product_brand","embeddable":true,"href":"https:\/\/stonehouse.se\/en\/wp-json\/wp\/v2\/product_brand?post=68808"},{"taxonomy":"product_cat","embeddable":true,"href":"https:\/\/stonehouse.se\/en\/wp-json\/wp\/v2\/product_cat?post=68808"},{"taxonomy":"product_tag","embeddable":true,"href":"https:\/\/stonehouse.se\/en\/wp-json\/wp\/v2\/product_tag?post=68808"}],"curies":[{"name":"wp","href":"https:\/\/api.w.org\/{rel}","templated":true}]}}