
{"id":68826,"date":"2024-03-15T13:35:50","date_gmt":"2024-03-15T12:35:50","guid":{"rendered":"https:\/\/stonehouse.se\/produkt\/harddisk-3-5-hdd-1-tb-256-mb-cache-64-mb-cacheminne\/"},"modified":"2026-04-09T11:39:14","modified_gmt":"2026-04-09T09:39:14","slug":"harddisk-3-5-hdd-1-tb-256-mb-cache-64-mb-cacheminne","status":"publish","type":"product","link":"https:\/\/stonehouse.se\/en\/product\/harddisk-3-5-hdd-1-tb-256-mb-cache-64-mb-cacheminne\/","title":{"rendered":"H\u00e5rddisk 3.5&#8243; HDD 1 TB SATA &#8211; 64 MB Cache f\u00f6r Smart Video\u00f6vervakning"},"content":{"rendered":"<h1>H\u00e5rddisk 3.5&#8243; HDD 1 TB SATA &#8211; 64 MB Cache<\/h1>\n<p>Produkt H\u00f6jdpunkter\u2022 Kapacitet upp till 8TB1\u2022 Designad f\u00f6r vanliga \u00f6vervakningssystem\u2022 WD AllFrame\u2122 hj\u00e4lper till att minska borttappade bildrutor\u2022 St\u00f6djer upp till 180TB\/\u00e5r arbetsbelastning\u2077\u2022 3 \u00e5rs begr\u00e4nsad garanti9<\/p>\n<h3>PRODUKTBESKRIVNING \u00d6VERVAKNINGSH\u00c5RDDISK<\/h3>\n<p>WD Purple\u00ae H\u00e5rddiskarR\u00e4tt H\u00e5rddisk f\u00f6r Smart Vide\u00f6vervakningWD Purple\u00ae-enheter \u00e4r utformade f\u00f6r att m\u00f6ta utmaningarna med 24&#215;7 vide\u00f6vervakningsinspelning.Dessa enheter \u00e4r specifikt konstruerade f\u00f6r \u00f6vervakning f\u00f6r att klara de f\u00f6rh\u00f6jda temperaturfluktuationerna och utrustningsvibrationerna inom NVR-milj\u00f6er. En genomsnittlig skrivbordsenhet \u00e4r konstruerad f\u00f6r att k\u00f6ra endast under korta intervaller, inte den h\u00e5rda 24\/7-alltid-p\u00e5-milj\u00f6n i ett h\u00f6guppl\u00f6st \u00f6vervakningssystem.Med WD Purple-enheter f\u00e5r du p\u00e5litlig lagring av \u00f6vervakningsklass som \u00e4r testad f\u00f6r kompatibilitet i en bred upps\u00e4ttning s\u00e4kerhetssystem. Exklusiv WD AllFrame\u2122-teknik hj\u00e4lper till att minska bildf\u00f6rluster och f\u00f6rb\u00e4ttra total videouppspelning.Branchledande Lagring. \u00d6vervakning Du Kan Lita P\u00e5.Western Digital har tillhandah\u00e5llit lagring av \u00f6vervakningskvalitet i \u00f6ver ett decennium.Med WD Purple\u00ae \u00f6vervakningslagring \u00e4r enheter konstruerade f\u00f6r h\u00f6g temperatur, alltid-p\u00e5 \u00f6vervakningssystem s\u00e5 att du kan lita p\u00e5 kvalitetsvideo n\u00e4r du beh\u00f6ver det som mest. WD Purple levererar smart videolagring som du kan lita p\u00e5 och \u00e4r bakade av en 3-\u00e5rs begr\u00e4nsad garanti9.Western Digitals Exklusiva WD AllFrame\u2122-teknikAlla WD Purple\u00ae-enheter \u00e4r utrustade med AllFrame\u2122-teknik, vilket hj\u00e4lper till att minska borttappade bildrutor och f\u00f6rb\u00e4ttra inspelning och uppspelning av video.F\u00f6rb\u00e4ttrade ArbetsbelastningsbetygWD Purple\u00ae-enheter har en arbetsbelastningsbetyg p\u00e5 upp till 180TB\/\u00e5r\u2077 &#8211; upp till tre g\u00e5nger det f\u00f6r skrivbordsenheter &#8211; f\u00f6r att hantera de unika kraven f\u00f6r vanliga vide\u00f6vervaknings-DVR- och NVR-system.Flera Kameror, Flera Str\u00f6mmarModernare inspelare st\u00f6der nu flera videofl\u00f6den per kamera. WD Purple\u00ae-enheter st\u00f6der upp till 64 enkla HD-kameror3.Med s\u00e5 m\u00e5nga alternativ har du flexibiliteten att uppgradera eller ut\u00f6ka dina s\u00e4kerhetsapplikationer i framtiden.Designad f\u00f6r P\u00e5litlig DriftKonstruerade f\u00f6r tillf\u00f6rlitlighet med en MTBF p\u00e5 upp till 1 miljon timmar8 och bakade med en 3-\u00e5rs begr\u00e4nsad garanti9, har WD Purple\u00ae-enheter komponenter som \u00e4r motst\u00e5ndskraftiga mot missf\u00e4rgning11 och st\u00f6d f\u00f6r lagringssystem med upp till 16 enhetsfack12.WD Purple\u00ae-h\u00e5rddiskar \u00e4r utformade med RAID-fel\u00e5terst\u00e4llningskontroll f\u00f6r att hj\u00e4lpa till att minska fel i st\u00f6dda videoregistratorer.Bred Kompatibilitet. S\u00f6ml\u00f6s Integration.WD Purple\u00ae-h\u00e5rddiskar \u00e4r byggda med kompatibilitet i \u00e5tanke, s\u00e5 att du snabbt och s\u00f6ml\u00f6st kan l\u00e4gga till kapacitet till ditt \u00f6vervakningssystem.Med st\u00f6d f\u00f6r ett brett utbud av branschledande chassin och chipsets \u00e4r du s\u00e4ker p\u00e5 att hitta DVR- eller NVR-konfigurationen som \u00e4r r\u00e4tt f\u00f6r dig.Tre\u00e5rs Begr\u00e4nsad GarantiSom en branschledande tillverkare av h\u00e5rddiskar st\u00e5r Western Digital bakom sina \u00f6vervakningslagringsl\u00f6sningar med en 3-\u00e5rs begr\u00e4nsad garanti9 som ing\u00e5r med varje WD Purple\u00ae-enhet.<\/p>","protected":false},"excerpt":{"rendered":"<p>WD WD11PURZ Purple Series 1 TB 3,5&#8243; h\u00e5rddisk f\u00f6r \u00f6vervakning, SATA, 64 MB cacheminne, st\u00f6d f\u00f6r upp till 64 HD-kameror<\/p>","protected":false},"featured_media":81325,"template":"","meta":{"_acf_changed":false},"product_brand":[],"product_cat":[2756],"product_tag":[],"class_list":{"0":"post-68826","1":"product","2":"type-product","3":"status-publish","4":"has-post-thumbnail","6":"product_cat-harddisk-hdd-3-5","7":"product_shipping_class-tunga-paket","8":"pa_brands-western-digital","9":"tm-no-options","11":"first","12":"onbackorder","13":"sale","14":"taxable","15":"shipping-taxable","16":"product-type-simple"},"acf":[],"_links":{"self":[{"href":"https:\/\/stonehouse.se\/en\/wp-json\/wp\/v2\/product\/68826","targetHints":{"allow":["GET"]}}],"collection":[{"href":"https:\/\/stonehouse.se\/en\/wp-json\/wp\/v2\/product"}],"about":[{"href":"https:\/\/stonehouse.se\/en\/wp-json\/wp\/v2\/types\/product"}],"wp:featuredmedia":[{"embeddable":true,"href":"https:\/\/stonehouse.se\/en\/wp-json\/wp\/v2\/media\/81325"}],"wp:attachment":[{"href":"https:\/\/stonehouse.se\/en\/wp-json\/wp\/v2\/media?parent=68826"}],"wp:term":[{"taxonomy":"product_brand","embeddable":true,"href":"https:\/\/stonehouse.se\/en\/wp-json\/wp\/v2\/product_brand?post=68826"},{"taxonomy":"product_cat","embeddable":true,"href":"https:\/\/stonehouse.se\/en\/wp-json\/wp\/v2\/product_cat?post=68826"},{"taxonomy":"product_tag","embeddable":true,"href":"https:\/\/stonehouse.se\/en\/wp-json\/wp\/v2\/product_tag?post=68826"}],"curies":[{"name":"wp","href":"https:\/\/api.w.org\/{rel}","templated":true}]}}