
{"id":68837,"date":"2024-03-13T12:30:23","date_gmt":"2024-03-13T11:30:23","guid":{"rendered":"https:\/\/stonehouse.se\/produkt\/batteri-18ah-agm-helios-12v-5-ar-new\/"},"modified":"2026-04-02T11:26:58","modified_gmt":"2026-04-02T09:26:58","slug":"agm-batteri-12v-18ah-2","status":"publish","type":"product","link":"https:\/\/stonehouse.se\/en\/product\/agm-batteri-12v-18ah-2\/","title":{"rendered":"Batteri 12 18Ah HELIOS"},"content":{"rendered":"<h1>HELIOS Batteri 12V 18Ah 5 &#8211; 8 \u00c5r Inskruvningspol<\/h1>\n<h3>Kvalitetsfokus<\/h3>\n<p>Our Helios AGM batteries are manufactured by carefully selected manufacturers with a strong focus on quality. All batteries are certified to ISO standards for quality and environment, guaranteeing a high standard of performance and reliability.<\/p>\n<h3>AGM batteri med mycket L\u00e5g Failure Rate<\/h3>\n<p>Med en mycket l\u00e5g failure rate p\u00e5 under 0,03% fr\u00e5n fabrik kan du lita p\u00e5 att v\u00e5ra Helios AGM-batterier \u00e4r konstruerade f\u00f6r att h\u00e5lla och leverera p\u00e5litlig str\u00f6mf\u00f6rs\u00f6rjning under l\u00e5ng tid.<\/p>\n<h3>Optimerad Kostnad<\/h3>\n<p>V\u00e5r ambition \u00e4r att kunna erbjuda dessa h\u00f6gkvalitativa AGM-batterier till ert lager till det l\u00e4gsta m\u00f6jliga priset, s\u00e5 att du kan f\u00e5 tillg\u00e5ng till p\u00e5litlig str\u00f6mf\u00f6rs\u00f6rjning utan att kompromissa med kvaliteten.<\/p>\n<h3>Anv\u00e4ndning f\u00f6r Backup<\/h3>\n<p>Helios-serien erbjuder ett brett utbud av batterikapaciteter fr\u00e5n 7 till 150 Ah, vilket g\u00f6r det m\u00f6jligt att hitta r\u00e4tt l\u00f6sning f\u00f6r dina specifika backup-behov inom larm, UPS och teleanl\u00e4ggningar.<\/p>\n<p>Med Helios AGM batteri kan du vara s\u00e4ker p\u00e5 att du har en p\u00e5litlig och kostnadseffektiv l\u00f6sning f\u00f6r din backup-str\u00f6mf\u00f6rs\u00f6rjning, oavsett om det \u00e4r f\u00f6r larm, UPS eller teleanl\u00e4ggningar som beh\u00f6ver reservdrift.<\/p>\n<p>Storlek 181x77x167 \u00a0(LxBxH)<\/p>\n<p>Vikt 5,1 Kg<\/p>\n<p><span class=\"ui-provider a b c d e f g h i j k l m n o p q r s t u v w x y z ab ac ae af ag ah ai aj ak\" dir=\"ltr\">Helios batterier \u00e4r tillverkade med f\u00f6ljande certifikat: CE, UL, ROSH\uff0cISO9000, ISO14000 samt ISO18000<\/span><\/p>","protected":false},"excerpt":{"rendered":"<p>Batteri 18AH\u00a0 8-10 \u00e5rs livsl\u00e4ngd f\u00f6r tele, larm och s\u00e4kerhetsanl\u00e4ggningar.<\/p>","protected":false},"featured_media":93839,"template":"","meta":{"_acf_changed":false},"product_brand":[],"product_cat":[516,434,2618],"product_tag":[1499,1748],"class_list":{"0":"post-68837","1":"product","2":"type-product","3":"status-publish","4":"has-post-thumbnail","6":"product_cat-ackumulator-batteri","7":"product_cat-stromforsorjning-batterier","8":"product_cat-kampanjer","9":"product_tag-batteri-13-45-ah","10":"product_tag-rel-batteri","11":"product_shipping_class-tunga-paket","12":"pa_brands-stonehouse-security","13":"tm-no-options","15":"first","16":"instock","17":"sale","18":"featured","19":"taxable","20":"shipping-taxable","21":"product-type-simple"},"acf":[],"_links":{"self":[{"href":"https:\/\/stonehouse.se\/en\/wp-json\/wp\/v2\/product\/68837","targetHints":{"allow":["GET"]}}],"collection":[{"href":"https:\/\/stonehouse.se\/en\/wp-json\/wp\/v2\/product"}],"about":[{"href":"https:\/\/stonehouse.se\/en\/wp-json\/wp\/v2\/types\/product"}],"wp:featuredmedia":[{"embeddable":true,"href":"https:\/\/stonehouse.se\/en\/wp-json\/wp\/v2\/media\/93839"}],"wp:attachment":[{"href":"https:\/\/stonehouse.se\/en\/wp-json\/wp\/v2\/media?parent=68837"}],"wp:term":[{"taxonomy":"product_brand","embeddable":true,"href":"https:\/\/stonehouse.se\/en\/wp-json\/wp\/v2\/product_brand?post=68837"},{"taxonomy":"product_cat","embeddable":true,"href":"https:\/\/stonehouse.se\/en\/wp-json\/wp\/v2\/product_cat?post=68837"},{"taxonomy":"product_tag","embeddable":true,"href":"https:\/\/stonehouse.se\/en\/wp-json\/wp\/v2\/product_tag?post=68837"}],"curies":[{"name":"wp","href":"https:\/\/api.w.org\/{rel}","templated":true}]}}