
{"id":68984,"date":"2024-03-27T11:26:53","date_gmt":"2024-03-27T10:26:53","guid":{"rendered":"https:\/\/stonehouse.se\/produkt\/plomberingstrad-gron-finns-aven-med-graverad-eller-tryckt-logga-text-copy\/"},"modified":"2026-03-28T10:50:02","modified_gmt":"2026-03-28T09:50:02","slug":"plomberingstrad-gron-finns-aven-med-graverad-eller-tryckt-logga-text-copy","status":"publish","type":"product","link":"https:\/\/stonehouse.se\/en\/product\/plomberingstrad-gron-finns-aven-med-graverad-eller-tryckt-logga-text-copy\/","title":{"rendered":"Plomberingstr\u00e5d gr\u00f6n &#8211; Val av f\u00e4rglogo eller graverad logo som tillval"},"content":{"rendered":"<div class=\"electro-description clearfix\">\n<p>F\u00f6r att markera och \u00e4ven undvika on\u00f6digt anv\u00e4ndande av n\u00f6dd\u00f6rrar, brandsl\u00e4ckare eller annan utrustning som ska vara m\u00f6jlig att anv\u00e4nda f\u00f6rst efter plomberingstr\u00e5den \u00e4r p\u00e5verkad.<\/p>\n<p>Denna produkt kan du \u00e4ven k\u00f6pa med din egna \u00a0text eller logo i b\u00e5de f\u00e4rgtryck eller lasergraverad av oss f\u00f6r mindre serier.<\/p>\n<p>Observera att om vi lasergraverar s\u00e5 blir det en ljus\/m\u00f6rkgr\u00e5 ton beroende p\u00e5 f\u00e4rgen p\u00e5 bandet.<\/p>\n<p>Storlek: 250mmx20mm<\/p>\n<\/div>\n<div class=\"product_meta\"><span class=\"sku_wrapper\">Artikelnr:\u00a0<span class=\"sku\">315030SH<\/span><\/span><\/div>","protected":false},"excerpt":{"rendered":"<p>F\u00f6r att markera och \u00e4ven undvika on\u00f6digt anv\u00e4ndande av n\u00f6dd\u00f6rrar, brandsl\u00e4ckare eller annan utrustning som ska vara m\u00f6jlig att anv\u00e4nda<\/p>","protected":false},"featured_media":93100,"template":"","meta":{"_acf_changed":false},"product_brand":[],"product_cat":[356],"product_tag":[2304],"class_list":{"0":"post-68984","1":"product","2":"type-product","3":"status-publish","4":"has-post-thumbnail","6":"product_cat-utrymning-tillbehor","7":"product_tag-stonehouse-produkt","8":"product_shipping_class-postnord-varubrev","9":"pa_brands-stonehouse-security","10":"tm-no-options","12":"first","13":"instock","14":"sale","15":"featured","16":"taxable","17":"shipping-taxable","18":"product-type-simple"},"acf":[],"_links":{"self":[{"href":"https:\/\/stonehouse.se\/en\/wp-json\/wp\/v2\/product\/68984","targetHints":{"allow":["GET"]}}],"collection":[{"href":"https:\/\/stonehouse.se\/en\/wp-json\/wp\/v2\/product"}],"about":[{"href":"https:\/\/stonehouse.se\/en\/wp-json\/wp\/v2\/types\/product"}],"wp:featuredmedia":[{"embeddable":true,"href":"https:\/\/stonehouse.se\/en\/wp-json\/wp\/v2\/media\/93100"}],"wp:attachment":[{"href":"https:\/\/stonehouse.se\/en\/wp-json\/wp\/v2\/media?parent=68984"}],"wp:term":[{"taxonomy":"product_brand","embeddable":true,"href":"https:\/\/stonehouse.se\/en\/wp-json\/wp\/v2\/product_brand?post=68984"},{"taxonomy":"product_cat","embeddable":true,"href":"https:\/\/stonehouse.se\/en\/wp-json\/wp\/v2\/product_cat?post=68984"},{"taxonomy":"product_tag","embeddable":true,"href":"https:\/\/stonehouse.se\/en\/wp-json\/wp\/v2\/product_tag?post=68984"}],"curies":[{"name":"wp","href":"https:\/\/api.w.org\/{rel}","templated":true}]}}