
{"id":69071,"date":"2024-04-05T16:35:19","date_gmt":"2024-04-05T14:35:19","guid":{"rendered":"https:\/\/stonehouse.se\/?post_type=product&#038;p=69071"},"modified":"2026-04-04T14:31:05","modified_gmt":"2026-04-04T12:31:05","slug":"larmdekal-dubbelsidig-2-sjalvhaftande-a6-105x148-5mm","status":"publish","type":"product","link":"https:\/\/stonehouse.se\/en\/product\/larmdekal-dubbelsidig-2-sjalvhaftande-a6-105x148-5mm\/","title":{"rendered":"Larmdekal Dubbelsidig 2 Sj\u00e4lvh\u00e4ftande (A6) &#8211; 105\u00d7148.5mm"},"content":{"rendered":"<h2>Beskrivning<\/h2>\n<p>Med denna larmdekal kan du markera dina viktigaste ing\u00e5ngspunkter, som f\u00f6nster och d\u00f6rrar, p\u00e5 ett synligt och tydligt s\u00e4tt. Larmdekaler fungerar som en stark visuell avskr\u00e4ckande faktor f\u00f6r potentiella intr\u00e5ngsf\u00f6rs\u00f6k.<\/p>\n<p><strong>Robust och T\u00e5lig<\/strong><br \/>\nTillverkad av h\u00f6gkvalitativt polykarbonat. V\u00e5ra larmdekaler \u00e4r utformade f\u00f6r att st\u00e5 emot b\u00e5de slitage och temperatur. Du kan vara s\u00e4ker p\u00e5 att de kommer att h\u00e5lla sig i toppskick.<\/p>\n<p><strong>Dubbelsidig Design<\/strong><br \/>\nDessa larmdekaler b\u00e4sta egenskap \u00e4r att de \u00e4r dubbelsidiga. Det betyder att motivet \u00e4r synligt b\u00e5de inomhus och utomhus, vilket ger extra s\u00e4kerhet och synlighet oavsett var du befinner dig.<\/p>\n<p>Denna larmdekal \u00e4r lika effektiv inomhus som utomhus. F\u00f6r att ytterligare \u00f6ka s\u00e4kerheten kan de placeras inomhus f\u00f6r extra skydd. Det ger dig flexibiliteten att anpassa din s\u00e4kerhets\u00e5tg\u00e4rd efter dina specifika behov.<\/p>\n<h3>Areas of use:<\/h3>\n<ul>\n<li><strong>Hemmet:<\/strong>\u00a0Skydda din familj och ditt hem genom att applicera dessa larmdekaler p\u00e5 alla viktiga ing\u00e5ngar.<br \/>\n<strong>F\u00f6retaget:<\/strong>\u00a0F\u00f6rb\u00e4ttra s\u00e4kerheten p\u00e5 din arbetsplats genom att synligg\u00f6ra de mest kritiska omr\u00e5dena f\u00f6r b\u00e5de anst\u00e4llda och bes\u00f6kare.<br \/>\n<strong>Butiker och Verksamheter:<\/strong>\u00a0Skapa en tryggare milj\u00f6 f\u00f6r dina kunder och personal genom att markera de mest relevanta ing\u00e5ngarna och utg\u00e5ngarna.<\/li>\n<\/ul>\n<h3>Produktspecifikationer:<\/h3>\n<ul>\n<li>Material: Polykarbonat<\/li>\n<li>M\u00e5tt:\u00a0<b>105 x 148.5 mm<\/b><\/li>\n<\/ul>\n<h3>Paketet Inkluderar:<\/h3>\n<ul>\n<li>1st 105 x 148.5 mm Dubbelsidig Sj\u00e4lvh\u00e4ftande Larmdekal<\/li>\n<\/ul>\n<p>H\u00f6j s\u00e4kerhetsniv\u00e5n p\u00e5 ditt utrymme med v\u00e5ra p\u00e5litliga sj\u00e4lvh\u00e4ftande dubbelsidiga larmdekaler. Varje dekal \u00e4r en investering i din s\u00e4kerhet!<\/p>","protected":false},"excerpt":{"rendered":"<p><em>M\u00e4rk dina ing\u00e5ngspunkter med v\u00e5r sj\u00e4lvh\u00e4ftande dubbelsidiga larmdekal. Tillverkad i slitstarkt polykarbonat och \u00f6verl\u00e4gsen temperaturt\u00e5lighet. Med synlighet b\u00e5de inomhus och utomhus \u00e4r detta ett m\u00e5ste f\u00f6r \u00f6kad s\u00e4kerhet och trygghet<\/em><\/p>","protected":false},"featured_media":93058,"template":"","meta":{"_acf_changed":false},"product_brand":[],"product_cat":[1687],"product_tag":[2490],"class_list":{"0":"post-69071","1":"product","2":"type-product","3":"status-publish","4":"has-post-thumbnail","6":"product_cat-larmdekaler","7":"product_tag-nyhet","8":"product_shipping_class-dekaler-skyltar","9":"tm-no-options","11":"first","12":"instock","13":"sale","14":"featured","15":"taxable","16":"shipping-taxable","17":"product-type-simple"},"acf":[],"_links":{"self":[{"href":"https:\/\/stonehouse.se\/en\/wp-json\/wp\/v2\/product\/69071","targetHints":{"allow":["GET"]}}],"collection":[{"href":"https:\/\/stonehouse.se\/en\/wp-json\/wp\/v2\/product"}],"about":[{"href":"https:\/\/stonehouse.se\/en\/wp-json\/wp\/v2\/types\/product"}],"wp:featuredmedia":[{"embeddable":true,"href":"https:\/\/stonehouse.se\/en\/wp-json\/wp\/v2\/media\/93058"}],"wp:attachment":[{"href":"https:\/\/stonehouse.se\/en\/wp-json\/wp\/v2\/media?parent=69071"}],"wp:term":[{"taxonomy":"product_brand","embeddable":true,"href":"https:\/\/stonehouse.se\/en\/wp-json\/wp\/v2\/product_brand?post=69071"},{"taxonomy":"product_cat","embeddable":true,"href":"https:\/\/stonehouse.se\/en\/wp-json\/wp\/v2\/product_cat?post=69071"},{"taxonomy":"product_tag","embeddable":true,"href":"https:\/\/stonehouse.se\/en\/wp-json\/wp\/v2\/product_tag?post=69071"}],"curies":[{"name":"wp","href":"https:\/\/api.w.org\/{rel}","templated":true}]}}