
{"id":69156,"date":"2024-04-15T14:49:57","date_gmt":"2024-04-15T12:49:57","guid":{"rendered":"https:\/\/stonehouse.se\/produkt\/detector-fireprotect-2-rb\/"},"modified":"2026-03-30T23:38:35","modified_gmt":"2026-03-30T21:38:35","slug":"ajax-fireprotect-2-rb-heat-endast-varme-vit","status":"publish","type":"product","link":"https:\/\/stonehouse.se\/en\/product\/ajax-fireprotect-2-rb-heat-endast-varme-vit\/","title":{"rendered":"Ajax FireProtect 2 RB Heat \u2013 ENDAST V\u00c4RME \u2013 Vit"},"content":{"rendered":"<h1><strong>Ajax FireProtect 2 RB (Heat)<\/strong><\/h1>\n<p>Denna version k\u00e4nner endast av v\u00e4rme och specialbest\u00e4lls.<\/p>\n<ul>\n<li><em>Kompatibilitet:<\/em>\u00a0Hub Plus, Hub 2, Hub 2 Plus, Hub Hybrid, ReX och ReX 2<\/li>\n<li><em>Tr\u00e5dl\u00f6s R\u00e4ckvidd:<\/em>\u00a0Upp till 1700m i fri terr\u00e4ng<\/li>\n<li><em>Batterityp:<\/em>\u00a02 st CR123A<\/li>\n<li><em>Batterilivsl\u00e4ngd:<\/em>\u00a0Upp till 7 \u00e5r<\/li>\n<li><em>Temperaturomr\u00e5de och Luftfuktighet:<\/em>\u00a00\u00b0 till +50\u00b0, 80%<\/li>\n<li><em>IP-klass:<\/em>\u00a0IP20<\/li>\n<li><em>Ljudstyrka:<\/em>\u00a085 dB (3m)<\/li>\n<li><em>Larmtr\u00f6skel:<\/em>\u00a0+64\u00b0 eller \u00f6kning med 10\u00b0 under mindre \u00e4n 1 minut<\/li>\n<\/ul>\n<p>&nbsp;<\/p>","protected":false},"excerpt":{"rendered":"<p>Ajax FireProtect 2 RB Heat \u00e4r en v\u00e4rmesensor som endast detekterar v\u00e4rme.<\/p>\n<p>Den \u00e4r kompatibel med alla Ajax Hub-enheter och erbjuder en tr\u00e5dl\u00f6s r\u00e4ckvidd p\u00e5 upp till 1700m i fri terr\u00e4ng.<\/p>\n<p>Perfekt f\u00f6r s\u00e4kerhets\u00f6vervakning d\u00e4r v\u00e4rmeavk\u00e4nning \u00e4r prioriterat.<\/p>\n<p>&nbsp;<\/p>","protected":false},"featured_media":93069,"template":"","meta":{"_acf_changed":false},"product_brand":[],"product_cat":[349,2708],"product_tag":[2638,2621,3726],"class_list":{"0":"post-69156","1":"product","2":"type-product","3":"status-publish","4":"has-post-thumbnail","6":"product_cat-ajax-tradlosa-larm","7":"product_cat-brandvarnare","8":"product_tag-cr123-tillbehor","9":"product_tag-kontrollprodukt","10":"product_tag-pf","11":"product_shipping_class-postnord-varubrev","12":"pa_brands-ajax-systems","13":"pa_farg-vit","14":"tm-no-options","16":"first","17":"instock","18":"sale","19":"featured","20":"taxable","21":"shipping-taxable","22":"product-type-simple"},"acf":[],"_links":{"self":[{"href":"https:\/\/stonehouse.se\/en\/wp-json\/wp\/v2\/product\/69156","targetHints":{"allow":["GET"]}}],"collection":[{"href":"https:\/\/stonehouse.se\/en\/wp-json\/wp\/v2\/product"}],"about":[{"href":"https:\/\/stonehouse.se\/en\/wp-json\/wp\/v2\/types\/product"}],"wp:featuredmedia":[{"embeddable":true,"href":"https:\/\/stonehouse.se\/en\/wp-json\/wp\/v2\/media\/93069"}],"wp:attachment":[{"href":"https:\/\/stonehouse.se\/en\/wp-json\/wp\/v2\/media?parent=69156"}],"wp:term":[{"taxonomy":"product_brand","embeddable":true,"href":"https:\/\/stonehouse.se\/en\/wp-json\/wp\/v2\/product_brand?post=69156"},{"taxonomy":"product_cat","embeddable":true,"href":"https:\/\/stonehouse.se\/en\/wp-json\/wp\/v2\/product_cat?post=69156"},{"taxonomy":"product_tag","embeddable":true,"href":"https:\/\/stonehouse.se\/en\/wp-json\/wp\/v2\/product_tag?post=69156"}],"curies":[{"name":"wp","href":"https:\/\/api.w.org\/{rel}","templated":true}]}}