
{"id":69563,"date":"2024-05-21T08:48:30","date_gmt":"2024-05-21T06:48:30","guid":{"rendered":"https:\/\/stonehouse.se\/?post_type=product&#038;p=69563"},"modified":"2026-04-09T11:39:08","modified_gmt":"2026-04-09T09:39:08","slug":"wd-purple-pro-14tb-wd142purp-35-7200rpm-sata-harddisk-6-gbps","status":"publish","type":"product","link":"https:\/\/stonehouse.se\/en\/product\/wd-purple-pro-14tb-wd142purp-35-7200rpm-sata-harddisk-6-gbps\/","title":{"rendered":"WD Purple Pro 14TB WD142PURP 3,5&#8243; 7200RPM SATA-h\u00e5rddisk, 6 Gbps"},"content":{"rendered":"<h2>Avancerad lagring f\u00f6r smarta videol\u00f6sningar<\/h2>\n<p><strong>WD Purple Pro-enheter<\/strong> \u00e4r utformade f\u00f6r avancerade AI-aktiverade inspelare, videoanalysservrar och djupinl\u00e4rningsl\u00f6sningar som kr\u00e4ver h\u00f6g kapacitet, prestanda och arbetsbelastningskapacitet.<\/p>\n<h3>Funktioner<\/h3>\n<p><strong>WD Purple Pro-h\u00e5rddisk f\u00f6r \u00f6vervakning<\/strong>: Utrustad med avancerade funktioner f\u00f6r h\u00f6g prestanda, tillf\u00f6rlitlighet och arbetsbelastningskapacitet f\u00f6r AI-aktiverade inspelare, videoanalysapparater, djupinl\u00e4rningsservrar och molnbaserad lagring, inklusive RAID- och JBOD-konfigurationer.<strong>Arbetsbelastning<\/strong>: St\u00f6der upp till 550 TB\/\u00e5r inom kapacitetsintervallen 8TB\u201322TB.<strong>Robust konstruktion<\/strong>: Designad med korrosionsbest\u00e4ndiga komponenter f\u00f6r tuffa milj\u00f6er och med extra h\u00e5llbarhet f\u00f6r flerenhetskapslingar.<strong>Lagring f\u00f6r avancerade smarta videol\u00f6sningar<\/strong>: WD Purple\u2122 Pro-enheter \u00e4r optimerade f\u00f6r n\u00e4sta generations h\u00f6gpresterande AI-aktiverade inspelare, videoanalysapparater, djupinl\u00e4rningsservrar och molnl\u00f6sningar som drar nytta av h\u00f6g kapacitet och prestanda. WD Purple Pro-enheter har **AllFrame\u2122 AI-teknik**, som hj\u00e4lper till att minska bildf\u00f6rlust, f\u00f6rb\u00e4ttra videouppspelning och st\u00f6der upp till 32 AI-str\u00f6mmar per enhet f\u00f6r djupinl\u00e4rningsanalyser inom systemet. De erbjuder ocks\u00e5 prestanda i f\u00f6retagsklass, dataintegritet och enhetens tillf\u00f6rlitlighet, s\u00e4rskilt i st\u00f6rre system och kapslingar d\u00e4r driftsvibrationer f\u00f6rekommer.<\/p>\n<h4>F\u00f6rb\u00e4ttra din smarta videol\u00f6sning<\/h4>\n<p>Western Digital \u00e4r en global ledare inom h\u00e5rddiskindustrin. Med **WD Purple\u2122 Pro smart video lagring** f\u00e5r du en enhet som \u00e4r konstruerad f\u00f6r h\u00f6g prestanda, h\u00e5llbarhet och arbetsbelastningskapacitet f\u00f6r avancerade AI-aktiverade inspelare, apparater och servrar. Extrahera effektivt v\u00e4rde och insikter fr\u00e5n str\u00f6mmad och lagrad video och bidra till en smartare v\u00e4rld med avancerad WD Purple Pro-lagring f\u00f6r smarta videol\u00f6sningar.<\/p>\n<h5>Western Digitals exklusiva AllFrame\u2122 AI-teknik<\/h5>\n<p>Alla <strong>WD Purple\u2122 Pro-enheter<\/strong> \u00e4r utrustade med <strong>AllFrame AI-teknik<\/strong>, som inte bara f\u00f6rb\u00e4ttrar ATA-streaming f\u00f6r att minska bildf\u00f6rlust och f\u00f6rb\u00e4ttra videouppspelning, utan ocks\u00e5 st\u00f6der upp till 32 AI-str\u00f6mmar f\u00f6r djupinl\u00e4rningsanalyser inom systemet.<\/p>\n<h5>Flera kameror, flera str\u00f6mmar<\/h5>\n<p>Moderna inspelare st\u00f6der nu flera videostr\u00f6mmar per kamera. **WD Purple\u2122 Pro-enheter** \u00e4r optimerade f\u00f6r att hantera upp till 64 enkelstr\u00f6ms HD-kameror och kan ocks\u00e5 st\u00f6dja m\u00e5nga av de senaste smarta kamerorna som s\u00e4nder flera str\u00f6mmar. Denna flexibilitet g\u00f6r det m\u00f6jligt att uppgradera eller skala din s\u00e4kerhets- eller smarta videol\u00f6sning i framtiden.<\/p>\n<h5>Avancerad arbetsbelastningskapacitet f\u00f6r avancerade system<\/h5>\n<p>WD Purple\u2122 Pro-enheter har en arbetsbelastningsklassning p\u00e5 upp till 550TB\/\u00e5r f\u00f6r att st\u00f6dja den tunga videodataf\u00e5ngst och analys som finns i avancerade AI-aktiverade inspelare, videoanalysapparater, djupinl\u00e4rningsservrar och molnbaserad lagring. Kombinationen av streamingoptimeringar och f\u00f6rb\u00e4ttrad h\u00e5llbarhet och tillf\u00f6rlitlighet g\u00f6r WD Purple Pro-lagring idealisk f\u00f6r alla analysservrar, oavsett om de bearbetar video str\u00f6mmad direkt fr\u00e5n kameror eller stora m\u00e4ngder inspelad videodata.<\/p>\n<h5>Designad f\u00f6r p\u00e5litlig drift i avancerade h\u00f6gpresterande smarta videol\u00f6sningar<\/h5>\n<p>Med en MTBF p\u00e5 upp till 2,5 miljoner timmar (12TB, 14TB och 18TB) \u00e4r **WD Purple\u2122 Pro-enheter** konstruerade f\u00f6r avancerade smarta videol\u00f6sningar som fungerar dygnet runt. Med korrosionsbest\u00e4ndiga komponenter och fullt st\u00f6d f\u00f6r flerenhetskapslingar levererar WD Purple Pro-enheter p\u00e5litlig drift i storskaliga \u00f6vervakningssystem \u00e4ven i tuffa milj\u00f6er.<\/p>\n<h5>Bepr\u00f6vad h\u00f6g kapacitet<\/h5>\n<p>Nu p\u00e5 sin sj\u00e4tte generation levererar den bepr\u00f6vade **HelioSeal\u2122-teknologin** h\u00f6gkapacitets WD Purple\u2122 Pro-h\u00e5rddiskar (12TB, 14TB och 18TB) f\u00f6r de massiva lagringsbehoven i AI-drivna smarta video- och djupinl\u00e4rningsanalyser.<\/p>\n<h5>Proaktiv lagringshantering med WDDA<\/h5>\n<p>Western Digital\u00ae Device Analytics\u2122 (WDDA) tillhandah\u00e5ller en m\u00e4ngd parametiska drift- och diagnostikdata f\u00f6r kompatibla system. Algoritmer tolkar data och instruerar systemet att varna systemadministrat\u00f6rer om specifika rekommenderade \u00e5tg\u00e4rder f\u00f6r att \u00e5tg\u00e4rda potentiella problem. WDDA \u00e4r avsett att ge OEM-tillverkare, systemintegrat\u00f6rer och IT-proffs b\u00e4ttre m\u00f6jligheter att \u00f6vervaka och proaktivt hantera st\u00f6dda lagringsenheter f\u00f6r att uppr\u00e4tth\u00e5lla optimal drift.<\/p>\n<h5>Fem \u00e5rs garanti<\/h5>\n<p>Som en ledande tillverkare av h\u00e5rddiskar st\u00e5r Western Digital bakom WD Purple\u2122 Pro smart video lagring med en 5-\u00e5rs begr\u00e4nsad garanti.<\/p>\n<h5>Fullst\u00e4ndiga specifikationer<\/h5>\n<p><strong>Egenskaper:<\/strong>&#8211; Designad f\u00f6r p\u00e5litlig drift i avancerade h\u00f6gpresterande smarta videol\u00f6sningar- Proaktiv lagringshantering med WDDA- Western Digitals exklusiva AllFrame AI-teknik<strong>Kapacitet<\/strong>: 14TB<strong>Formfaktor<\/strong>: 3,5 tum<strong>Anslutning<\/strong>: SATA<strong>Kompatibilitet<\/strong>: Upp till 64 enkelstr\u00f6mskameror<strong>Gr\u00e4nssnitt<\/strong>: SATA<strong>\u00d6verf\u00f6ringshastighet<\/strong>: Upp till 255 MB\/s<strong>Skivhastighet (RPM)<\/strong>: 7200 RPM<strong>Inspelningsteknik<\/strong>: CMR<strong>Cache-storlek<\/strong>:512MB<strong>Garanti<\/strong>: 5-\u00e5rs begr\u00e4nsad garanti<strong>M\u00e5tt (L x B x H)<\/strong>: 147 mm x 101,6 mm x 26,1 mm<strong>Vikt<\/strong>: 690 gram<strong>Modellnummer<\/strong>: WD142PURP<strong>Driftstemperatur<\/strong>: 0\u00b0C till 65\u00b0C<strong>Icke-driftstemperatur<\/strong>: -40\u00b0C till 70\u00b0C<strong>Certifieringar<\/strong>: BSMI, ICES-003\/NMB-003, CE, FCC, KC, Maghreb, RCM, UKCA, VCCI, CB-Scheme, TUV, UL<\/p>","protected":false},"excerpt":{"rendered":"<p>WD WD142PURP 3,5&#8243; Purple Pro 14TB 7200RPM SATA-h\u00e5rddisk, 6 Gbps<strong>WD Purple Pro-enheter<\/strong> \u00e4r utformade f\u00f6r avancerade AI-aktiverade inspelare, videoanalysservrar och djupinl\u00e4rningsl\u00f6sningar som kr\u00e4ver h\u00f6g kapacitet, prestanda och arbetsbelastningskapacitet.<\/p>","protected":false},"featured_media":81254,"template":"","meta":{"_acf_changed":false},"product_brand":[],"product_cat":[2756],"product_tag":[],"class_list":{"0":"post-69563","1":"product","2":"type-product","3":"status-publish","4":"has-post-thumbnail","6":"product_cat-harddisk-hdd-3-5","7":"product_shipping_class-tunga-paket","8":"pa_brands-western-digital","9":"tm-no-options","11":"first","12":"outofstock","13":"sale","14":"taxable","15":"shipping-taxable","16":"product-type-simple"},"acf":[],"_links":{"self":[{"href":"https:\/\/stonehouse.se\/en\/wp-json\/wp\/v2\/product\/69563","targetHints":{"allow":["GET"]}}],"collection":[{"href":"https:\/\/stonehouse.se\/en\/wp-json\/wp\/v2\/product"}],"about":[{"href":"https:\/\/stonehouse.se\/en\/wp-json\/wp\/v2\/types\/product"}],"wp:featuredmedia":[{"embeddable":true,"href":"https:\/\/stonehouse.se\/en\/wp-json\/wp\/v2\/media\/81254"}],"wp:attachment":[{"href":"https:\/\/stonehouse.se\/en\/wp-json\/wp\/v2\/media?parent=69563"}],"wp:term":[{"taxonomy":"product_brand","embeddable":true,"href":"https:\/\/stonehouse.se\/en\/wp-json\/wp\/v2\/product_brand?post=69563"},{"taxonomy":"product_cat","embeddable":true,"href":"https:\/\/stonehouse.se\/en\/wp-json\/wp\/v2\/product_cat?post=69563"},{"taxonomy":"product_tag","embeddable":true,"href":"https:\/\/stonehouse.se\/en\/wp-json\/wp\/v2\/product_tag?post=69563"}],"curies":[{"name":"wp","href":"https:\/\/api.w.org\/{rel}","templated":true}]}}