
{"id":69607,"date":"2024-05-22T13:57:05","date_gmt":"2024-05-22T11:57:05","guid":{"rendered":"https:\/\/stonehouse.se\/produkt\/system-sensor-eco1003-2\/"},"modified":"2026-04-08T13:39:12","modified_gmt":"2026-04-08T11:39:12","slug":"system-sensor-eco1003-2","status":"publish","type":"product","link":"https:\/\/stonehouse.se\/en\/product\/system-sensor-eco1003-2\/","title":{"rendered":"R\u00f6kdetektor ECO1003 System Sensor"},"content":{"rendered":"<h1 id=\"pdp_productoverview\" class=\"item-headertop rd-prod-overview-hygiene\">R\u00f6kdetektor ECO1003 System Sensor<\/h1>\n<div class=\"pd-overview-details pd-show-full-overview\">\n<div class=\"headernamehrnone\">\n<p>Den fotoelektriska r\u00f6kdetektorn ECO1003 A tillh\u00f6r System Sensors ECO1000-serie av detektorer. ECO1000 \u00e4r en serie konventionella detektorer som har tillverkats med den senaste tillverkningstekniken och f\u00f6rsetts med en rad avancerade funktioner, vilket g\u00f6r dem \u201cb\u00e4ttre genom design\u201d.<\/p>\n<p>Den fotoelektriska r\u00f6kdetektorn ECO1003 A anv\u00e4nder en toppmodern optisk kammare i kombination med en applikationsspecifik integrerad krets (ASIC) f\u00f6r snabb och exakt detektering av br\u00e4nder. En kombination av den unika kammardesignen och andra tekniskt avancerade funktioner kommer att avsev\u00e4rt f\u00f6rl\u00e4nga serviceintervallen innan reng\u00f6ring av detektorn blir n\u00f6dv\u00e4ndig.<\/p>\n<p>En laserbaserad handh\u00e5llen fj\u00e4rrtestenhet kan anv\u00e4ndas tillsammans med ECO1000-detektorerna f\u00f6r larmtest\u00e4ndam\u00e5l. Enheten s\u00e4nder ett kodat meddelande, vilket f\u00f6rhindrar att falsklarm genereras av andra laserbaserade enheter. Med en r\u00e4ckvidd p\u00e5 flera meter \u00e4r den handh\u00e5llna testenheten ett snabbt och enkelt s\u00e4tt att testa ECO1000-detektorerna p\u00e5 distans och anv\u00e4ndaren beh\u00f6ver inte ha direkt fysisk tillg\u00e5ng till detektorn.<\/p>\n<p>ECO1003 A-detektorn har en inbyggd LED-lampa som t\u00e4nds f\u00f6r att ge en lokal larmsignal. Denna l\u00e5ses fast och f\u00f6rblir t\u00e4nd tills detektorn \u00e5terst\u00e4lls genom ett tillf\u00e4lligt str\u00f6mavbrott. En fj\u00e4rrstyrd LED-annunciator kan anv\u00e4ndas f\u00f6r att upprepa en larmsignal.<\/p>\n<p>En m\u00e4ngd olika detektorbaser kan anv\u00e4ndas med ECO1003 A-detektorn, vilket ger flexibilitet och kompatibilitet med ett brett utbud av kontrollpaneler f\u00f6r brandlarm. Alla baser \u00e4r utrustade med en kortslutningsfj\u00e4der f\u00f6r att m\u00f6jligg\u00f6ra kretstestning innan detektorn monteras och har en sabotages\u00e4ker funktion, som n\u00e4r den aktiveras f\u00f6rhindrar borttagning av detektorn utan anv\u00e4ndning av ett verktyg.<\/p>\n<p>Alla System Sensor-produkter omfattas av v\u00e5r ut\u00f6kade 3-\u00e5rsgaranti.<\/p>\n<\/div>\n<div class=\"row headername\">\n<div class=\"item-header rd-hyg-item-header\"><strong>Huvudsakliga egenskaper<\/strong><\/div>\n<div class=\"row\">\n<ul>\n<li>L\u00e5g str\u00f6mf\u00f6rbrukning<\/li>\n<li>Funktion f\u00f6r fj\u00e4rrtest av larm<\/li>\n<li>Enkelt underh\u00e5ll<\/li>\n<\/ul>\n<\/div>\n<\/div>\n<\/div>","protected":false},"excerpt":{"rendered":"<p>R\u00f6kdetektor ECO1003 System Sensor Den fotoelektriska r\u00f6kdetektorn ECO1003 A tillh\u00f6r System Sensors ECO1000-serie av detektorer. ECO1000 \u00e4r en serie konventionella<\/p>","protected":false},"featured_media":81222,"template":"","meta":{"_acf_changed":false},"product_brand":[],"product_cat":[3697],"product_tag":[],"class_list":{"0":"post-69607","1":"product","2":"type-product","3":"status-publish","4":"has-post-thumbnail","6":"product_cat-eco-1000-serien","7":"product_shipping_class-postnord-varubrev","8":"pa_brands-system-sensor","9":"tm-no-options","11":"first","12":"instock","13":"sale","14":"taxable","15":"shipping-taxable","16":"product-type-simple"},"acf":[],"_links":{"self":[{"href":"https:\/\/stonehouse.se\/en\/wp-json\/wp\/v2\/product\/69607","targetHints":{"allow":["GET"]}}],"collection":[{"href":"https:\/\/stonehouse.se\/en\/wp-json\/wp\/v2\/product"}],"about":[{"href":"https:\/\/stonehouse.se\/en\/wp-json\/wp\/v2\/types\/product"}],"wp:featuredmedia":[{"embeddable":true,"href":"https:\/\/stonehouse.se\/en\/wp-json\/wp\/v2\/media\/81222"}],"wp:attachment":[{"href":"https:\/\/stonehouse.se\/en\/wp-json\/wp\/v2\/media?parent=69607"}],"wp:term":[{"taxonomy":"product_brand","embeddable":true,"href":"https:\/\/stonehouse.se\/en\/wp-json\/wp\/v2\/product_brand?post=69607"},{"taxonomy":"product_cat","embeddable":true,"href":"https:\/\/stonehouse.se\/en\/wp-json\/wp\/v2\/product_cat?post=69607"},{"taxonomy":"product_tag","embeddable":true,"href":"https:\/\/stonehouse.se\/en\/wp-json\/wp\/v2\/product_tag?post=69607"}],"curies":[{"name":"wp","href":"https:\/\/api.w.org\/{rel}","templated":true}]}}