
{"id":69659,"date":"2024-05-30T12:03:44","date_gmt":"2024-05-30T10:03:44","guid":{"rendered":"https:\/\/stonehouse.se\/produkt\/blixtljus-rod-farg-led-lampa\/"},"modified":"2026-03-30T12:50:31","modified_gmt":"2026-03-30T10:50:31","slug":"blixtljus-rod-farg-led-lampa","status":"publish","type":"product","link":"https:\/\/stonehouse.se\/en\/product\/blixtljus-rod-farg-led-lampa\/","title":{"rendered":"Blixtljus TD-SL35 i r\u00f6d f\u00e4rg  LED lampa med 90 blixtar per minut 12-24Volt"},"content":{"rendered":"<h1>Blixtljus TD-SL35 i r\u00f6d f\u00e4rg<\/h1>\n<h4><strong>Sku:<\/strong>\u00a0TD-SL35-r\u00f6d<br \/>\n<strong>Leverant\u00f6r:<\/strong>\u00a0Stonehouse Security<\/h4>\n<p>F\u00f6rb\u00e4ttra dina s\u00e4kerhets- och telekommunikationsinstallationer med det robusta och p\u00e5litliga TD-SL35 Blixtljus fr\u00e5n Stonehouse Security.<\/p>\n<p>Med bra frekvens p\u00e5 blixt, l\u00e5g str\u00f6mf\u00f6rbrukning , brett sp\u00e4nningsomr\u00e5de 12-24 och extra l\u00e5ng h\u00e5llbarhet ger detta blixtljus mycket f\u00f6r din investering.<\/p>\n<p>Designat f\u00f6r m\u00e5ngsidiga applikationer, \u00e4r detta blixtljus en viktig komponent f\u00f6r alla larm- eller telekommunikationssystem, som s\u00e4kerst\u00e4ller h\u00f6g synlighet och snabba varningssignaler.<\/p>\n<p><strong>Specifikationer:<\/strong><\/p>\n<ul>\n<li><strong>M\u00e4rksp\u00e4nning:<\/strong>\u00a0DC12V \/ 24V<\/li>\n<li><strong>M\u00e4rkstr\u00f6m:<\/strong>\u00a0\u226480mA<\/li>\n<li><strong>Arbetstemperatur:<\/strong>\u00a0-10~50\u2103<\/li>\n<li><strong>Installation:<\/strong>\u00a0F\u00e4ste och skruvar (ing\u00e5r)<\/li>\n<li><strong>Blixthastighet:<\/strong>\u00a090 g\u00e5nger per minut<\/li>\n<li><strong>Weight:<\/strong>\u00a0130g<\/li>\n<li><strong>Storlek:<\/strong>\u00a0100*77mm<\/li>\n<li><strong>Tillg\u00e4ngliga f\u00e4rger:<\/strong>\u00a0B\u00e4rnsten, R\u00f6d, Bl\u00e5, Gr\u00f6n<\/li>\n<li><strong>Ljusk\u00e4lla:<\/strong>\u00a0LED<\/li>\n<li><strong>Kapslingsklass: IP44<\/strong><strong>Vad g\u00e4ller f\u00f6r IP44?<\/strong>\n<p>\u2714 <strong>Motst\u00e5ndskraftig mot dammpartiklar<\/strong> (men inte helt dammt\u00e4t).<br \/>\n\u2714 <strong>T\u00e5l vattenst\u00e4nk<\/strong> (t.ex. regn, st\u00e4nk i k\u00f6k).<br \/>\n\u2714 <strong>L\u00e4mplig f\u00f6r b\u00e5de inomhus- och utomhusbruk<\/strong>, men \u00e4r <strong>inte helt vattent\u00e4t<\/strong><\/li>\n<\/ul>\n<p><strong>Viktiga Egenskaper:<\/strong><\/p>\n<ol>\n<li><strong>H\u00f6g Effektivitet:<\/strong>\u00a0TD-SL35 arbetar med en l\u00e5g str\u00f6m p\u00e5 \u226480mA, vilket g\u00f6r det energieffektivt samtidigt som det uppr\u00e4tth\u00e5ller en kraftfull och konsekvent blixteffekt.<\/li>\n<li><strong>H\u00e5llbarhet:<\/strong>\u00a0Byggt f\u00f6r att t\u00e5la ett brett temperaturomr\u00e5de (-10~50\u2103), vilket s\u00e4kerst\u00e4ller p\u00e5litlig prestanda i olika milj\u00f6f\u00f6rh\u00e5llanden.<\/li>\n<li><strong>M\u00e5ngsidig Installation:<\/strong>\u00a0Levereras med ett f\u00e4ste och skruvar f\u00f6r enkel och s\u00e4ker montering, vilket m\u00f6jligg\u00f6r flexibel placering i olika installationer.<\/li>\n<li><strong>H\u00f6g Synlighet:<\/strong>\u00a0Med en blixthastighet p\u00e5 90 g\u00e5nger per minut s\u00e4kerst\u00e4ller detta blixtljus maximal synlighet, vilket g\u00f6r det idealiskt f\u00f6r n\u00f6dsituationer och varningssystem.<\/li>\n<li><strong>L\u00e4ttviktsdesign:<\/strong>\u00a0Med en vikt p\u00e5 endast 130g \u00e4r TD-SL35 enkelt att hantera och installera utan att tillf\u00f6ra betydande vikt till din installation.<\/li>\n<li><strong>F\u00e4rgval:<\/strong>\u00a0Finns i flera f\u00e4rger (B\u00e4rnsten, R\u00f6d, Bl\u00e5, Gr\u00f6n), s\u00e5 att du kan v\u00e4lja den som b\u00e4st passar dina specifika behov och preferenser.<\/li>\n<li><strong>LED-teknik:<\/strong>\u00a0Anv\u00e4nder LED-ljusk\u00e4lla f\u00f6r l\u00e5ngvarig, ljus och energieffektiv belysning.<\/li>\n<\/ol>\n<p><strong>Areas of use:<\/strong><\/p>\n<ul>\n<li>S\u00e4kerhetssystem<\/li>\n<li>Larminstallationer<\/li>\n<li>Telekommunikationsinstallationer<\/li>\n<li>N\u00f6dljussignaler<\/li>\n<li>Industri- och kommersiella byggnader<\/li>\n<\/ul>\n<p>S\u00e4kerst\u00e4ll s\u00e4kerheten och effektiviteten i dina s\u00e4kerhets- och telekommunikationsinstallationer med TD-SL35 Blixtljus fr\u00e5n Stonehouse Security. Dess p\u00e5litliga prestanda och enkla installation g\u00f6r det till ett f\u00f6rstahandsval f\u00f6r yrkesverksamma inom omr\u00e5det.<\/p>\n<p>F\u00f6r mer information och f\u00f6r att l\u00e4gga en best\u00e4llning, kontakta oss idag.<\/p>","protected":false},"excerpt":{"rendered":"<p>F\u00f6rb\u00e4ttra dina s\u00e4kerhets- och telekommunikationsinstallationer med det effektiva TD-SL35 Blixtljus.<\/p>\n<p>Med en m\u00e4rksp\u00e4nning p\u00e5 DC12V \/ 24V och en blixthastighet p\u00e5 90 g\u00e5nger per minut, s\u00e4kerst\u00e4ller detta LED-baserade blixtljus h\u00f6g synlighet och tillf\u00f6rlitlighet.<\/p>","protected":false},"featured_media":81201,"template":"","meta":{"_acf_changed":false},"product_brand":[],"product_cat":[3800,588,3802],"product_tag":[1596],"class_list":{"0":"post-69659","1":"product","2":"type-product","3":"status-publish","4":"has-post-thumbnail","6":"product_cat-blixtljus-kombisiren","7":"product_cat-sirener-brand","8":"product_cat-kombisiren-blixt-brand","9":"product_tag-larmdon-blixtljus-rod","10":"pa_brands-stonehouse-security","11":"pa_farg-rod","12":"tm-no-options","14":"first","15":"instock","16":"sale","17":"featured","18":"taxable","19":"shipping-taxable","20":"product-type-simple"},"acf":[],"_links":{"self":[{"href":"https:\/\/stonehouse.se\/en\/wp-json\/wp\/v2\/product\/69659","targetHints":{"allow":["GET"]}}],"collection":[{"href":"https:\/\/stonehouse.se\/en\/wp-json\/wp\/v2\/product"}],"about":[{"href":"https:\/\/stonehouse.se\/en\/wp-json\/wp\/v2\/types\/product"}],"wp:featuredmedia":[{"embeddable":true,"href":"https:\/\/stonehouse.se\/en\/wp-json\/wp\/v2\/media\/81201"}],"wp:attachment":[{"href":"https:\/\/stonehouse.se\/en\/wp-json\/wp\/v2\/media?parent=69659"}],"wp:term":[{"taxonomy":"product_brand","embeddable":true,"href":"https:\/\/stonehouse.se\/en\/wp-json\/wp\/v2\/product_brand?post=69659"},{"taxonomy":"product_cat","embeddable":true,"href":"https:\/\/stonehouse.se\/en\/wp-json\/wp\/v2\/product_cat?post=69659"},{"taxonomy":"product_tag","embeddable":true,"href":"https:\/\/stonehouse.se\/en\/wp-json\/wp\/v2\/product_tag?post=69659"}],"curies":[{"name":"wp","href":"https:\/\/api.w.org\/{rel}","templated":true}]}}