
{"id":69761,"date":"2024-06-12T13:12:50","date_gmt":"2024-06-12T11:12:50","guid":{"rendered":"https:\/\/stonehouse.se\/produkt\/provkit-solo-3-4-m-provning-rok-roka-webbutik\/"},"modified":"2026-04-08T16:00:56","modified_gmt":"2026-04-08T14:00:56","slug":"provkit-solo-3-4-m-provning-rok","status":"publish","type":"product","link":"https:\/\/stonehouse.se\/en\/product\/provkit-solo-3-4-m-provning-rok\/","title":{"rendered":"Provkit Solo 3 &#8211; 4 m &#8211; Provning R\u00f6k"},"content":{"rendered":"<h1>Provkit Solo 3 &#8211; 4 m &#8211; Provning R\u00f6k<\/h1>\n<h3>Provkit f\u00f6r r\u00f6kdetektorer upp till 4\u202fm<\/h3>\n<p>Solo\u202f3 \u00e4r utformat f\u00f6r enkel och s\u00e4ker provning av r\u00f6kdetektorer i automatiska brandlarmsanl\u00e4ggningar p\u00e5 l\u00e4gre h\u00f6jder.<\/p>","protected":false},"excerpt":{"rendered":"<p>Provningskit f\u00f6r R\u00f6k, CO-detektorer \u2013 provning fr\u00e5n golvniv\u00e5.<br \/>\nProvningsh\u00f6jd: upp till ca 4 m.<br \/>\nKapacitet: ca 400 tester (enligt produkttext).<br \/>\nInneh\u00e5ll\/komponenter: Solo 330, Solo A5, Solo C3, Solo 108, Solo 101.<br \/>\nAnv\u00e4ndning: service, underh\u00e5ll, drifts\u00e4ttning och \u00e5terkommande kontroller i professionella milj\u00f6er.<\/p>","protected":false},"featured_media":81238,"template":"","meta":{"_acf_changed":false},"product_brand":[],"product_cat":[2291,3784],"product_tag":[],"class_list":{"0":"post-69761","1":"product","2":"type-product","3":"status-publish","4":"has-post-thumbnail","6":"product_cat-solo","7":"product_cat-testifire-kit","8":"product_shipping_class-tunga-paket","9":"tm-no-options","11":"first","12":"instock","13":"sale","14":"taxable","15":"shipping-taxable","16":"product-type-simple"},"acf":[],"_links":{"self":[{"href":"https:\/\/stonehouse.se\/en\/wp-json\/wp\/v2\/product\/69761","targetHints":{"allow":["GET"]}}],"collection":[{"href":"https:\/\/stonehouse.se\/en\/wp-json\/wp\/v2\/product"}],"about":[{"href":"https:\/\/stonehouse.se\/en\/wp-json\/wp\/v2\/types\/product"}],"wp:featuredmedia":[{"embeddable":true,"href":"https:\/\/stonehouse.se\/en\/wp-json\/wp\/v2\/media\/81238"}],"wp:attachment":[{"href":"https:\/\/stonehouse.se\/en\/wp-json\/wp\/v2\/media?parent=69761"}],"wp:term":[{"taxonomy":"product_brand","embeddable":true,"href":"https:\/\/stonehouse.se\/en\/wp-json\/wp\/v2\/product_brand?post=69761"},{"taxonomy":"product_cat","embeddable":true,"href":"https:\/\/stonehouse.se\/en\/wp-json\/wp\/v2\/product_cat?post=69761"},{"taxonomy":"product_tag","embeddable":true,"href":"https:\/\/stonehouse.se\/en\/wp-json\/wp\/v2\/product_tag?post=69761"}],"curies":[{"name":"wp","href":"https:\/\/api.w.org\/{rel}","templated":true}]}}