
{"id":69790,"date":"2024-06-13T14:39:29","date_gmt":"2024-06-13T12:39:29","guid":{"rendered":"https:\/\/stonehouse.se\/produkt\/rfid-lasare-access-kombi_v3\/"},"modified":"2026-04-07T12:48:27","modified_gmt":"2026-04-07T10:48:27","slug":"rfid-lasare-access-kombi_v3","status":"publish","type":"product","link":"https:\/\/stonehouse.se\/en\/product\/rfid-lasare-access-kombi_v3\/","title":{"rendered":"RFID L\u00e4sare Access Kombi EM+Mifare Programmerbar"},"content":{"rendered":"<p><strong>OBS! Ej kompatibel med MAC!<br \/>\n<\/strong><strong>L\u00e4sarna finns som singel eller kombi och du kan ladda ner programvaran kostnadsfritt f\u00f6r att sj\u00e4lv kunna programmera l\u00e4sarna till valfritt system.<\/strong><br \/>\nDu v\u00e4ljer till vilket system vi ska programmera l\u00e4saren och vi levererar denna inom 1-2 arbetsdagar.<\/p>\n<p><em><strong>Om ni har singeltaggar med EM s\u00e5 beh\u00f6ver ni v\u00e4lja Single LF Frequency Mode.<br \/>\n<\/strong><\/em><em><strong>Om ni har singeltaggar med Mifare s\u00e5 beh\u00f6ver ni v\u00e4lja Single HF Frequency Mode.<br \/>\nOm ni har kombinationstaggar med EM samt Mifare s\u00e5 beh\u00f6ver ni v\u00e4lja Double Frequency Mode.<br \/>\n<\/strong><\/em><\/p>\n<p><strong>F\u00f6r att se vilket val ni beh\u00f6ver g\u00f6ra i programvaran f\u00f6r ert system s\u00e5 anv\u00e4nder ni v\u00e5r \u00f6vers\u00e4ttingslista som ni hittar under nedladdningar.<\/strong><\/p>\n<p><strong>L\u00e4saren levereras med 2 \u00e5rs garanti.<\/strong><br \/>\nStonehouse Security har tagit fram layouten och programvaran f\u00f6r samtliga ACCESS l\u00e4sare, den \u00e4r tillf\u00f6rlitlig och snabb samt anpassad f\u00f6r den Svenska marknaden.<br \/>\nL\u00e4saren \u00e4r anpassad s\u00e4kerhetsmarknaden och dess slutkunder men \u00e4ven f\u00f6r andra applikationer d\u00e4r du beh\u00f6ver utl\u00e4sning av koden p\u00e5 det elektroniska chippet i din RFID l\u00e4sare.<br \/>\nACCESS Bordsl\u00e4sare anv\u00e4nder sig utav USB anslutning och \u00e4r plug and play vid redan kodad l\u00e4sare.<\/p>\n<p>Om du beh\u00f6ver hj\u00e4lp vid programmering s\u00e5 h\u00f6r av dig till oss s\u00e5 hj\u00e4lper vi dig med detta kostnadsfritt.<br \/>\nL\u00e4sarens program hanterar: RCO, Bewator\/Vanderbilt 8 och 13 siffror, Axema, Axema VAKA, ASSA, Aptus, Paxton.<\/p>\n<p><strong>\ud83d\udcbe Ladda ner programvaran:<\/strong><br \/>\n<a href=\"https:\/\/stonehouse.se\/en\/programvaror\/ACCESS%20-%20Version%201.exe\/\">\ud83d\udce5 Version 1.exe<\/a><br \/>\n<a href=\"https:\/\/stonehouse.se\/en\/programvaror\/ACCESS%20-%20Version%202.exe\/\">\ud83d\udce5 Version 2.exe<\/a><br \/>\n<a href=\"http:\/\/stonehouse.se\/en\/programvaror\/ReaderSetting_Setup_3.0.0.5.exe\/\">\ud83d\udce5 Version 3.0.0.5.exe<\/a><\/p>","protected":false},"excerpt":{"rendered":"<div class=\"woocommerce-product-details__short-description\">\n<p><em><strong>USB Sladd ing\u00e5r.<br \/>\nDet viktiga \u00e4r att veta vilket chip ni anv\u00e4nder n\u00e4r man st\u00e4ller in l\u00e4saren.<\/strong><\/em><\/p>\n<\/div>","protected":false},"featured_media":95007,"template":"","meta":{"_acf_changed":false},"product_brand":[],"product_cat":[579],"product_tag":[1744,2304],"class_list":{"0":"post-69790","1":"product","2":"type-product","3":"status-publish","4":"has-post-thumbnail","6":"product_cat-rfid-lasare","7":"product_tag-rel-rfid","8":"product_tag-stonehouse-produkt","9":"product_shipping_class-postnord-varubrev","10":"pa_access-lasare-chippets-uid-kod","11":"pa_access-lasare-em-kod-aptus","12":"pa_access-lasare-em-kod-rco","13":"pa_access-lasare-em-kod-assa-arx","14":"pa_access-lasare-em-kod-axema-10-siffror","15":"pa_access-lasare-em-kod-axema-vaka-13-siffror","16":"pa_access-lasare-em-kod-bewator-vanderbilt-13-siffror","17":"pa_access-lasare-em-kod-bewator-vanderbilt-8-siffror","18":"pa_access-lasare-mifare-mifare-mfd-aptus-9-siffror","19":"pa_access-lasare-mifare-mifare-mfr-axema-vaka-13-siffror","20":"pa_access-lasare-mifare-chippets-uid-kod","21":"pa_access-lasare-mifare-mifare-mfd-assa-10-siffror","22":"pa_access-lasare-mifare-mifare-rco-9-siffror","23":"pa_brands-stonehouse-security","24":"pa_farg-svart","25":"tm-no-options","27":"first","28":"instock","29":"sale","30":"featured","31":"taxable","32":"shipping-taxable","33":"product-type-simple"},"acf":[],"_links":{"self":[{"href":"https:\/\/stonehouse.se\/en\/wp-json\/wp\/v2\/product\/69790","targetHints":{"allow":["GET"]}}],"collection":[{"href":"https:\/\/stonehouse.se\/en\/wp-json\/wp\/v2\/product"}],"about":[{"href":"https:\/\/stonehouse.se\/en\/wp-json\/wp\/v2\/types\/product"}],"wp:featuredmedia":[{"embeddable":true,"href":"https:\/\/stonehouse.se\/en\/wp-json\/wp\/v2\/media\/95007"}],"wp:attachment":[{"href":"https:\/\/stonehouse.se\/en\/wp-json\/wp\/v2\/media?parent=69790"}],"wp:term":[{"taxonomy":"product_brand","embeddable":true,"href":"https:\/\/stonehouse.se\/en\/wp-json\/wp\/v2\/product_brand?post=69790"},{"taxonomy":"product_cat","embeddable":true,"href":"https:\/\/stonehouse.se\/en\/wp-json\/wp\/v2\/product_cat?post=69790"},{"taxonomy":"product_tag","embeddable":true,"href":"https:\/\/stonehouse.se\/en\/wp-json\/wp\/v2\/product_tag?post=69790"}],"curies":[{"name":"wp","href":"https:\/\/api.w.org\/{rel}","templated":true}]}}