
{"id":69962,"date":"2024-07-04T13:57:56","date_gmt":"2024-07-04T11:57:56","guid":{"rendered":"https:\/\/stonehouse.se\/?post_type=product&#038;p=69962"},"modified":"2026-04-09T11:38:03","modified_gmt":"2026-04-09T09:38:03","slug":"winland-ea400-enviroalert-4-zons-miljosensor-for-kritiska-forhallanden-12v-dc","status":"publish","type":"product","link":"https:\/\/stonehouse.se\/en\/product\/winland-ea400-enviroalert-4-zons-miljosensor-for-kritiska-forhallanden-12v-dc\/","title":{"rendered":"Winland EA400 EnviroAlert 4-zons milj\u00f6sensor f\u00f6r kritiska f\u00f6rh\u00e5llanden, 12V DC"},"content":{"rendered":"<p>Winland EA200 EnviroAlert 2-zons milj\u00f6sensor f\u00f6r kritiskt tillst\u00e5nd, 24V DC, 1 sensoring\u00e5ng<\/p>\n<div class=\"pd-overview-details pd-show-full-overview\">\n<div class=\"headernamehrnone\">EnviroAlert\u00ae EA-200 \u00f6vervakningsenhet f\u00f6r kritiska milj\u00f6er ger synlighet f\u00f6r 2 milj\u00f6faktorer: omgivningstemperatur och en ytterligare faktor f\u00f6r temperatur, fuktighet eller vattenf\u00f6rekomst. F\u00f6rutom de lokala (p\u00e5 enheten) visuella och akustiska varningarna kan systemet, n\u00e4r det integreras i en s\u00e4kerhetspanel, i realtid meddela om en incident och omedelbart vidta korrigerande \u00e5tg\u00e4rder.<\/div>\n<div class=\"row headername\">\n<div class=\"item-header rd-hyg-item-header\"><strong>Huvudsakliga egenskaper<\/strong><\/div>\n<div class=\"row\">\n<ul>\n<li>Samtidig drift av tv\u00e5 sensorer<\/li>\n<li>L\u00e4ttl\u00e4st LCD-display<\/li>\n<li>8 minne f\u00f6r h\u00e4ndelser, inklusive tid och datum<\/li>\n<li>Hj\u00e4lputg\u00e5ngsrel\u00e4 f\u00f6r lokalt akustiskt larm<\/li>\n<li>Ljudd\u00e4mpande funktion f\u00f6r hj\u00e4lplarm med 10 minuters timer<\/li>\n<li>Justering av offsetgivarens kalibrering<\/li>\n<li>Inst\u00e4llning av sabotages\u00e4kert l\u00e5s<\/li>\n<li>Larmmeddelande via torrt kontaktrel\u00e4 till valfri larmpanel<\/li>\n<\/ul>\n<\/div>\n<\/div>\n<\/div>","protected":false},"excerpt":{"rendered":"<p>Temperaturlarm Winland EA200 EnviroAlert 2-zons milj\u00f6sensor f\u00f6r kritiskt tillst\u00e5nd, 24V DC, 1 sensoring\u00e5ng<\/p>","protected":false},"featured_media":81266,"template":"","meta":{"_acf_changed":false},"product_brand":[],"product_cat":[344],"product_tag":[],"class_list":{"0":"post-69962","1":"product","2":"type-product","3":"status-publish","4":"has-post-thumbnail","6":"product_cat-temperatur-vattendetektor-nya-detektorer-ovriga-larmgivare","7":"product_shipping_class-tunga-paket","8":"pa_brands-winland-electronics","9":"tm-no-options","11":"first","12":"onbackorder","13":"sale","14":"taxable","15":"shipping-taxable","16":"product-type-simple"},"acf":[],"_links":{"self":[{"href":"https:\/\/stonehouse.se\/en\/wp-json\/wp\/v2\/product\/69962","targetHints":{"allow":["GET"]}}],"collection":[{"href":"https:\/\/stonehouse.se\/en\/wp-json\/wp\/v2\/product"}],"about":[{"href":"https:\/\/stonehouse.se\/en\/wp-json\/wp\/v2\/types\/product"}],"wp:featuredmedia":[{"embeddable":true,"href":"https:\/\/stonehouse.se\/en\/wp-json\/wp\/v2\/media\/81266"}],"wp:attachment":[{"href":"https:\/\/stonehouse.se\/en\/wp-json\/wp\/v2\/media?parent=69962"}],"wp:term":[{"taxonomy":"product_brand","embeddable":true,"href":"https:\/\/stonehouse.se\/en\/wp-json\/wp\/v2\/product_brand?post=69962"},{"taxonomy":"product_cat","embeddable":true,"href":"https:\/\/stonehouse.se\/en\/wp-json\/wp\/v2\/product_cat?post=69962"},{"taxonomy":"product_tag","embeddable":true,"href":"https:\/\/stonehouse.se\/en\/wp-json\/wp\/v2\/product_tag?post=69962"}],"curies":[{"name":"wp","href":"https:\/\/api.w.org\/{rel}","templated":true}]}}