
{"id":70071,"date":"2024-07-22T12:18:46","date_gmt":"2024-07-22T10:18:46","guid":{"rendered":"https:\/\/stonehouse.se\/produkt\/seagate-skyhawk-st2000vx017-2tb-3-5-sata-6gbs-harddisk-3-ars-seagate-rescue-data-recovery\/"},"modified":"2025-12-31T21:11:20","modified_gmt":"2025-12-31T20:11:20","slug":"seagate-skyhawk-st2000vx017-2tb-3-5-sata-6gbs-harddisk-3-ars-seagate-rescue-data-recovery","status":"publish","type":"product","link":"https:\/\/stonehouse.se\/en\/product\/seagate-skyhawk-st2000vx017-2tb-3-5-sata-6gbs-harddisk-3-ars-seagate-rescue-data-recovery\/","title":{"rendered":"Seagate SkyHawk ST2000VX017 2TB H\u00e5rddisk 3.5&#8243; &#8211;  SATA 6Gb\/s med 3 \u00e5rs Seagate Rescue Data Recovery"},"content":{"rendered":"<div class=\"headernamehrnone\">SkyHawk drar nytta av Seagates omfattande erfarenhet av att utforma h\u00e5rddiskar som \u00e4r specialbyggda f\u00f6r \u00f6vervakningsapplikationer.<\/div>\n<div class=\"row headername\"><\/div>\n<div>\n<ul>\n<li>ImagePerfect\u2122 inbyggd programvara<\/li>\n<li>SkyHawk Health Management<\/li>\n<li>O\u00f6vertr\u00e4ffat dataskydd<\/li>\n<li>1M timmar MTBF<\/li>\n<\/ul>\n<div class=\"ns_font_title_6 ns_m_b_4 ns_m_t_3\">Allm\u00e4nt<\/div>\n<div class=\"nsv-table\">\n<div class=\"nsv-table-container\">\n<div class=\"nsv-scroll_container\">\n<div class=\"nsv-scroll_container-scrollable\">\n<table class=\"nsv-table-native is-nsv-table-horizontal ns_b_b\">\n<caption class=\"ns_visually_hidden\">Allm\u00e4nt<\/caption>\n<tbody>\n<tr class=\"nsv-table-native-row isDraggable\">\n<th id=\"nsvTableHeader-8.0\" class=\"nsv-table-cell is-header-cell is-nsv-table-column-scrolled-right nsv-table-cell--odd_row nsv-keyvalue-table-header ns_font_title_7 specification-tab-key_column ns_font_title_7 ns_font_title_6 ns_p_v_3\" title=\"Typ av enhet\" scope=\"row\">\n<div class=\"ns_p_v_2\">\n<div class=\"\">Typ av enhet<\/div>\n<\/div>\n<\/th>\n<td class=\"nsv-table-cell is-nsv-table-column-scrolled-right nsv-table-cell--odd_row ns_font_details\" headers=\"nsvTableHeader-8.0\">\n<div>\n<div class=\"ns_m_v_3 ns_p_v_2 ns_p_h_3\">H\u00e5rddisk &#8211; inbyggd<\/div>\n<\/div>\n<\/td>\n<\/tr>\n<tr class=\"nsv-table-native-row isDraggable\">\n<th id=\"nsvTableHeader-8.1\" class=\"nsv-table-cell is-header-cell is-nsv-table-column-scrolled-right nsv-table-cell--even_row nsv-keyvalue-table-header ns_font_title_7 specification-tab-key_column ns_font_title_7 ns_font_title_6 ns_p_v_3\" title=\"Kapacitet\" scope=\"row\">\n<div class=\"ns_p_v_2\">\n<div class=\"\">Kapacitet<\/div>\n<\/div>\n<\/th>\n<td class=\"nsv-table-cell is-nsv-table-column-scrolled-right nsv-table-cell--even_row ns_font_details\" headers=\"nsvTableHeader-8.1\">\n<div>\n<div class=\"ns_m_v_3 ns_p_v_2 ns_p_h_3\">2 TB<\/div>\n<\/div>\n<\/td>\n<\/tr>\n<tr class=\"nsv-table-native-row isDraggable\">\n<th id=\"nsvTableHeader-8.2\" class=\"nsv-table-cell is-header-cell is-nsv-table-column-scrolled-right nsv-table-cell--odd_row nsv-keyvalue-table-header ns_font_title_7 specification-tab-key_column ns_font_title_7 ns_font_title_6 ns_p_v_3\" title=\"Formfaktor\" scope=\"row\">\n<div class=\"ns_p_v_2\">\n<div class=\"\">Formfaktor<\/div>\n<\/div>\n<\/th>\n<td class=\"nsv-table-cell is-nsv-table-column-scrolled-right nsv-table-cell--odd_row ns_font_details\" headers=\"nsvTableHeader-8.2\">\n<div>\n<div class=\"ns_m_v_3 ns_p_v_2 ns_p_h_3\">3.5&#8243;<\/div>\n<\/div>\n<\/td>\n<\/tr>\n<tr class=\"nsv-table-native-row isDraggable\">\n<th id=\"nsvTableHeader-8.3\" class=\"nsv-table-cell is-header-cell is-nsv-table-column-scrolled-right nsv-table-cell--even_row nsv-keyvalue-table-header ns_font_title_7 specification-tab-key_column ns_font_title_7 ns_font_title_6 ns_p_v_3\" title=\"Gr\u00e4nssnitt\" scope=\"row\">\n<div class=\"ns_p_v_2\">\n<div class=\"\">Gr\u00e4nssnitt<\/div>\n<\/div>\n<\/th>\n<td class=\"nsv-table-cell is-nsv-table-column-scrolled-right nsv-table-cell--even_row ns_font_details\" headers=\"nsvTableHeader-8.3\">\n<div>\n<div class=\"ns_m_v_3 ns_p_v_2 ns_p_h_3\">SATA 6Gb\/s<\/div>\n<\/div>\n<\/td>\n<\/tr>\n<tr class=\"nsv-table-native-row isDraggable\">\n<th id=\"nsvTableHeader-8.4\" class=\"nsv-table-cell is-header-cell is-nsv-table-column-scrolled-right nsv-table-cell--odd_row nsv-keyvalue-table-header ns_font_title_7 specification-tab-key_column ns_font_title_7 ns_font_title_6 ns_p_v_3\" title=\"Buffertstorlek\" scope=\"row\">\n<div class=\"ns_p_v_2\">\n<div class=\"\">Buffertstorlek<\/div>\n<\/div>\n<\/th>\n<td class=\"nsv-table-cell is-nsv-table-column-scrolled-right nsv-table-cell--odd_row ns_font_details\" headers=\"nsvTableHeader-8.4\">\n<div>\n<div class=\"ns_m_v_3 ns_p_v_2 ns_p_h_3\">256 MB<\/div>\n<\/div>\n<\/td>\n<\/tr>\n<tr class=\"nsv-table-native-row isDraggable\">\n<th id=\"nsvTableHeader-8.5\" class=\"nsv-table-cell is-header-cell is-nsv-table-column-scrolled-right nsv-table-cell--even_row nsv-keyvalue-table-header ns_font_title_7 specification-tab-key_column ns_font_title_7 ns_font_title_6 ns_p_v_3\" title=\"Egenskaper\" scope=\"row\">\n<div class=\"ns_p_v_2\">\n<div class=\"\">Egenskaper<\/div>\n<\/div>\n<\/th>\n<td class=\"nsv-table-cell is-nsv-table-column-scrolled-right nsv-table-cell--even_row ns_font_details\" headers=\"nsvTableHeader-8.5\">\n<div>\n<div class=\"ns_m_v_3 ns_p_v_2 ns_p_h_3\">RV-sensor, 24&#215;7 kontinuerlig drift, CMR (Conventional Magnetic Recording), fl\u00e4ckbest\u00e4ndig<\/div>\n<\/div>\n<\/td>\n<\/tr>\n<tr class=\"nsv-table-native-row isDraggable\">\n<th id=\"nsvTableHeader-8.6\" class=\"nsv-table-cell is-header-cell is-nsv-table-column-scrolled-right nsv-table-cell--odd_row nsv-keyvalue-table-header ns_font_title_7 specification-tab-key_column ns_font_title_7 ns_font_title_6 ns_p_v_3\" title=\"Bredd\" scope=\"row\">\n<div class=\"ns_p_v_2\">\n<div class=\"\">Bredd<\/div>\n<\/div>\n<\/th>\n<td class=\"nsv-table-cell is-nsv-table-column-scrolled-right nsv-table-cell--odd_row ns_font_details\" headers=\"nsvTableHeader-8.6\">\n<div>\n<div class=\"ns_m_v_3 ns_p_v_2 ns_p_h_3\">101.6 mm<\/div>\n<\/div>\n<\/td>\n<\/tr>\n<tr class=\"nsv-table-native-row isDraggable\">\n<th id=\"nsvTableHeader-8.7\" class=\"nsv-table-cell is-header-cell is-nsv-table-column-scrolled-right nsv-table-cell--even_row nsv-keyvalue-table-header ns_font_title_7 specification-tab-key_column ns_font_title_7 ns_font_title_6 ns_p_v_3\" title=\"Djup\" scope=\"row\">\n<div class=\"ns_p_v_2\">\n<div class=\"\">Djup<\/div>\n<\/div>\n<\/th>\n<td class=\"nsv-table-cell is-nsv-table-column-scrolled-right nsv-table-cell--even_row ns_font_details\" headers=\"nsvTableHeader-8.7\">\n<div>\n<div class=\"ns_m_v_3 ns_p_v_2 ns_p_h_3\">146.99 mm<\/div>\n<\/div>\n<\/td>\n<\/tr>\n<tr class=\"nsv-table-native-row isDraggable\">\n<th id=\"nsvTableHeader-8.8\" class=\"nsv-table-cell is-header-cell is-nsv-table-column-scrolled-right nsv-table-cell--odd_row nsv-keyvalue-table-header ns_font_title_7 specification-tab-key_column ns_font_title_7 ns_font_title_6 ns_p_v_3\" title=\"H\u00f6jd\" scope=\"row\">\n<div class=\"ns_p_v_2\">\n<div class=\"\">H\u00f6jd<\/div>\n<\/div>\n<\/th>\n<td class=\"nsv-table-cell is-nsv-table-column-scrolled-right nsv-table-cell--odd_row ns_font_details\" headers=\"nsvTableHeader-8.8\">\n<div>\n<div class=\"ns_m_v_3 ns_p_v_2 ns_p_h_3\">20.2 mm<\/div>\n<\/div>\n<\/td>\n<\/tr>\n<tr class=\"nsv-table-native-row isDraggable\">\n<th id=\"nsvTableHeader-8.9\" class=\"nsv-table-cell is-header-cell is-nsv-table-column-scrolled-right nsv-table-cell--even_row nsv-keyvalue-table-header ns_font_title_7 specification-tab-key_column ns_font_title_7 ns_font_title_6 ns_p_v_3\" title=\"Vikt\" scope=\"row\">\n<div class=\"ns_p_v_2\">\n<div class=\"\">Vikt<\/div>\n<\/div>\n<\/th>\n<td class=\"nsv-table-cell is-nsv-table-column-scrolled-right nsv-table-cell--even_row ns_font_details\" headers=\"nsvTableHeader-8.9\">\n<div>\n<div class=\"ns_m_v_3 ns_p_v_2 ns_p_h_3\">415 g<\/div>\n<\/div>\n<\/td>\n<\/tr>\n<tr class=\"nsv-table-native-row isDraggable\">\n<th id=\"nsvTableHeader-8.10\" class=\"nsv-table-cell is-header-cell is-nsv-table-column-scrolled-right nsv-table-cell--odd_row nsv-keyvalue-table-header ns_font_title_7 specification-tab-key_column ns_font_title_7 ns_font_title_6 ns_p_v_3\" title=\"Kombinerad med\" scope=\"row\">\n<div class=\"ns_p_v_2\">\n<div class=\"\">Kombinerad med<\/div>\n<\/div>\n<\/th>\n<td class=\"nsv-table-cell is-nsv-table-column-scrolled-right nsv-table-cell--odd_row ns_font_details\" headers=\"nsvTableHeader-8.10\">\n<div>\n<div class=\"ns_m_v_3 ns_p_v_2 ns_p_h_3\">3 \u00e5rs Seagate Rescue Data Recovery<\/div>\n<\/div>\n<\/td>\n<\/tr>\n<\/tbody>\n<\/table>\n<\/div>\n<\/div>\n<\/div>\n<\/div>\n<div class=\"ns_font_title_6 ns_m_b_4 ns_m_t_8\">Prestanda<\/div>\n<div class=\"nsv-table\">\n<div class=\"nsv-table-container\">\n<div class=\"nsv-scroll_container\">\n<div class=\"nsv-scroll_container-scrollable\">\n<table class=\"nsv-table-native is-nsv-table-horizontal ns_b_b\">\n<caption class=\"ns_visually_hidden\">Prestanda<\/caption>\n<tbody>\n<tr class=\"nsv-table-native-row isDraggable\">\n<th id=\"nsvTableHeader-7.0\" class=\"nsv-table-cell is-header-cell is-nsv-table-column-scrolled-right nsv-table-cell--odd_row nsv-keyvalue-table-header ns_font_title_7 specification-tab-key_column ns_font_title_7 ns_font_title_6 ns_p_v_3\" title=\"H\u00e5rddiskens \u00f6verf\u00f6ringshastighet\" scope=\"row\">\n<div class=\"ns_p_v_2\">\n<div class=\"\">H\u00e5rddiskens \u00f6verf\u00f6ringshastighet<\/div>\n<\/div>\n<\/th>\n<td class=\"nsv-table-cell is-nsv-table-column-scrolled-right nsv-table-cell--odd_row ns_font_details\" headers=\"nsvTableHeader-7.0\">\n<div>\n<div class=\"ns_m_v_3 ns_p_v_2 ns_p_h_3\">600 MBps (extern)<\/div>\n<\/div>\n<\/td>\n<\/tr>\n<tr class=\"nsv-table-native-row isDraggable\">\n<th id=\"nsvTableHeader-7.1\" class=\"nsv-table-cell is-header-cell is-nsv-table-column-scrolled-right nsv-table-cell--even_row nsv-keyvalue-table-header ns_font_title_7 specification-tab-key_column ns_font_title_7 ns_font_title_6 ns_p_v_3\" title=\"Intern datafrekvens\" scope=\"row\">\n<div class=\"ns_p_v_2\">\n<div class=\"\">Intern datafrekvens<\/div>\n<\/div>\n<\/th>\n<td class=\"nsv-table-cell is-nsv-table-column-scrolled-right nsv-table-cell--even_row ns_font_details\" headers=\"nsvTableHeader-7.1\">\n<div>\n<div class=\"ns_m_v_3 ns_p_v_2 ns_p_h_3\">180 MBps<\/div>\n<\/div>\n<\/td>\n<\/tr>\n<\/tbody>\n<\/table>\n<\/div>\n<\/div>\n<\/div>\n<\/div>\n<div class=\"ns_font_title_6 ns_m_b_4 ns_m_t_8\">P\u00e5litlighet<\/div>\n<div class=\"nsv-table\">\n<div class=\"nsv-table-container\">\n<div class=\"nsv-scroll_container\">\n<div class=\"nsv-scroll_container-scrollable\">\n<table class=\"nsv-table-native is-nsv-table-horizontal ns_b_b\">\n<caption class=\"ns_visually_hidden\">P\u00e5litlighet<\/caption>\n<tbody>\n<tr class=\"nsv-table-native-row isDraggable\">\n<th id=\"nsvTableHeader-6.0\" class=\"nsv-table-cell is-header-cell is-nsv-table-column-scrolled-right nsv-table-cell--odd_row nsv-keyvalue-table-header ns_font_title_7 specification-tab-key_column ns_font_title_7 ns_font_title_6 ns_p_v_3\" title=\"MTBF (genomsnittstid mellan fel)\" scope=\"row\">\n<div class=\"ns_p_v_2\">\n<div class=\"\">MTBF (genomsnittstid mellan fel)<\/div>\n<\/div>\n<\/th>\n<td class=\"nsv-table-cell is-nsv-table-column-scrolled-right nsv-table-cell--odd_row ns_font_details\" headers=\"nsvTableHeader-6.0\">\n<div>\n<div class=\"ns_m_v_3 ns_p_v_2 ns_p_h_3\">100,000 timmar<\/div>\n<\/div>\n<\/td>\n<\/tr>\n<tr class=\"nsv-table-native-row isDraggable\">\n<th id=\"nsvTableHeader-6.1\" class=\"nsv-table-cell is-header-cell is-nsv-table-column-scrolled-right nsv-table-cell--even_row nsv-keyvalue-table-header ns_font_title_7 specification-tab-key_column ns_font_title_7 ns_font_title_6 ns_p_v_3\" title=\"Dygnet-runt drift\" scope=\"row\">\n<div class=\"ns_p_v_2\">\n<div class=\"\">Dygnet-runt drift<\/div>\n<\/div>\n<\/th>\n<td class=\"nsv-table-cell is-nsv-table-column-scrolled-right nsv-table-cell--even_row ns_font_details\" headers=\"nsvTableHeader-6.1\">\n<div>\n<div class=\"ns_m_v_3 ns_p_v_2 ns_p_h_3\">Ja<\/div>\n<\/div>\n<\/td>\n<\/tr>\n<tr class=\"nsv-table-native-row isDraggable\">\n<th id=\"nsvTableHeader-6.2\" class=\"nsv-table-cell is-header-cell is-nsv-table-column-scrolled-right nsv-table-cell--odd_row nsv-keyvalue-table-header ns_font_title_7 specification-tab-key_column ns_font_title_7 ns_font_title_6 ns_p_v_3\" title=\"O\u00e5terkalleligt fel\" scope=\"row\">\n<div class=\"ns_p_v_2\">\n<div class=\"\">O\u00e5terkalleligt fel<\/div>\n<\/div>\n<\/th>\n<td class=\"nsv-table-cell is-nsv-table-column-scrolled-right nsv-table-cell--odd_row ns_font_details\" headers=\"nsvTableHeader-6.2\">\n<div>\n<div class=\"ns_m_v_3 ns_p_v_2 ns_p_h_3\">1 per 10^14<\/div>\n<\/div>\n<\/td>\n<\/tr>\n<tr class=\"nsv-table-native-row isDraggable\">\n<th id=\"nsvTableHeader-6.3\" class=\"nsv-table-cell is-header-cell is-nsv-table-column-scrolled-right nsv-table-cell--even_row nsv-keyvalue-table-header ns_font_title_7 specification-tab-key_column ns_font_title_7 ns_font_title_6 ns_p_v_3\" title=\"Ladda\/ladda ur cykler\" scope=\"row\">\n<div class=\"ns_p_v_2\">\n<div class=\"\">Ladda\/ladda ur cykler<\/div>\n<\/div>\n<\/th>\n<td class=\"nsv-table-cell is-nsv-table-column-scrolled-right nsv-table-cell--even_row ns_font_details\" headers=\"nsvTableHeader-6.3\">\n<div>\n<div class=\"ns_m_v_3 ns_p_v_2 ns_p_h_3\">600,000<\/div>\n<\/div>\n<\/td>\n<\/tr>\n<\/tbody>\n<\/table>\n<\/div>\n<\/div>\n<\/div>\n<\/div>\n<div class=\"ns_font_title_6 ns_m_b_4 ns_m_t_8\">Expansion och anslutningar<\/div>\n<div class=\"nsv-table\">\n<div class=\"nsv-table-container\">\n<div class=\"nsv-scroll_container\">\n<div class=\"nsv-scroll_container-scrollable\">\n<table class=\"nsv-table-native is-nsv-table-horizontal ns_b_b\">\n<caption class=\"ns_visually_hidden\">\n<div class=\"ns_font_title_6 ns_m_b_4 ns_m_t_8\">Expansion och anslutningar<\/div>\n<\/caption>\n<tbody>\n<tr class=\"nsv-table-native-row isDraggable\">\n<th id=\"nsvTableHeader-5.0\" class=\"nsv-table-cell is-header-cell is-nsv-table-column-scrolled-right nsv-table-cell--odd_row nsv-keyvalue-table-header ns_font_title_7 specification-tab-key_column ns_font_title_7 ns_font_title_6 ns_p_v_3\" title=\"Gr\u00e4nssnitt\" scope=\"row\">\n<div class=\"ns_p_v_2\">\n<div class=\"\">Gr\u00e4nssnitt<\/div>\n<\/div>\n<\/th>\n<td class=\"nsv-table-cell is-nsv-table-column-scrolled-right nsv-table-cell--odd_row ns_font_details\" headers=\"nsvTableHeader-5.0\">\n<div>\n<div class=\"ns_m_v_3 ns_p_v_2 ns_p_h_3\">1 x SATA 6 Gb\/s<\/div>\n<\/div>\n<\/td>\n<\/tr>\n<tr class=\"nsv-table-native-row isDraggable\">\n<th id=\"nsvTableHeader-5.1\" class=\"nsv-table-cell is-header-cell is-nsv-table-column-scrolled-right nsv-table-cell--even_row nsv-keyvalue-table-header ns_font_title_7 specification-tab-key_column ns_font_title_7 ns_font_title_6 ns_p_v_3\" title=\"Kompatibelt fack\" scope=\"row\">\n<div class=\"ns_p_v_2\">\n<div class=\"\">Kompatibelt fack<\/div>\n<\/div>\n<\/th>\n<td class=\"nsv-table-cell is-nsv-table-column-scrolled-right nsv-table-cell--even_row ns_font_details\" headers=\"nsvTableHeader-5.1\">\n<div>\n<div class=\"ns_m_v_3 ns_p_v_2 ns_p_h_3\">3.5&#8243;<\/div>\n<\/div>\n<\/td>\n<\/tr>\n<\/tbody>\n<\/table>\n<\/div>\n<\/div>\n<\/div>\n<\/div>\n<div class=\"ns_font_title_6 ns_m_b_4 ns_m_t_8\">Str\u00f6mtillf\u00f6rsel<\/div>\n<div class=\"nsv-table\">\n<div class=\"nsv-table-container\">\n<div class=\"nsv-scroll_container\">\n<div class=\"nsv-scroll_container-scrollable\">\n<table class=\"nsv-table-native is-nsv-table-horizontal ns_b_b\">\n<caption class=\"ns_visually_hidden\">\n<div class=\"ns_font_title_6 ns_m_b_4 ns_m_t_8\">Str\u00f6mtillf\u00f6rsel<\/div>\n<\/caption>\n<tbody>\n<tr class=\"nsv-table-native-row isDraggable\">\n<th id=\"nsvTableHeader-4.0\" class=\"nsv-table-cell is-header-cell is-nsv-table-column-scrolled-right nsv-table-cell--odd_row nsv-keyvalue-table-header ns_font_title_7 specification-tab-key_column ns_font_title_7 ns_font_title_6 ns_p_v_3\" title=\"N\u00e4tsp\u00e4nning\" scope=\"row\">\n<div class=\"ns_p_v_2\">\n<div class=\"\">N\u00e4tsp\u00e4nning<\/div>\n<\/div>\n<\/th>\n<td class=\"nsv-table-cell is-nsv-table-column-scrolled-right nsv-table-cell--odd_row ns_font_details\" headers=\"nsvTableHeader-4.0\">\n<div>\n<div class=\"ns_m_v_3 ns_p_v_2 ns_p_h_3\">5 &#8211; 12 V<\/div>\n<\/div>\n<\/td>\n<\/tr>\n<tr class=\"nsv-table-native-row isDraggable\">\n<th id=\"nsvTableHeader-4.1\" class=\"nsv-table-cell is-header-cell is-nsv-table-column-scrolled-right nsv-table-cell--even_row nsv-keyvalue-table-header ns_font_title_7 specification-tab-key_column ns_font_title_7 ns_font_title_6 ns_p_v_3\" title=\"Str\u00f6mkonsumtion\" scope=\"row\">\n<div class=\"ns_p_v_2\">\n<div class=\"\">Str\u00f6mkonsumtion<\/div>\n<\/div>\n<\/th>\n<td class=\"nsv-table-cell is-nsv-table-column-scrolled-right nsv-table-cell--even_row ns_font_details\" headers=\"nsvTableHeader-4.1\">\n<div>\n<div class=\"ns_m_v_3 ns_p_v_2 ns_p_h_3\">3.7 Watt (aktiv) 2.5 Watt (inaktiv) 0.25 Watt (vilol\u00e4ge) 0.25 Watt (vilol\u00e4ge)<\/div>\n<\/div>\n<\/td>\n<\/tr>\n<\/tbody>\n<\/table>\n<\/div>\n<\/div>\n<\/div>\n<\/div>\n<div class=\"ns_font_title_6 ns_m_b_4 ns_m_t_8\">Programvara &amp; Systemkrav<\/div>\n<div class=\"nsv-table\">\n<div class=\"nsv-table-container\">\n<div class=\"nsv-scroll_container\">\n<div class=\"nsv-scroll_container-scrollable\">\n<table class=\"nsv-table-native is-nsv-table-horizontal ns_b_b\">\n<caption class=\"ns_visually_hidden\">\n<div class=\"ns_font_title_6 ns_m_b_4 ns_m_t_8\">Programvara &amp; Systemkrav<\/div>\n<\/caption>\n<tbody>\n<tr class=\"nsv-table-native-row isDraggable\">\n<th id=\"nsvTableHeader-3.0\" class=\"nsv-table-cell is-header-cell is-nsv-table-column-scrolled-right nsv-table-cell--odd_row nsv-keyvalue-table-header ns_font_title_7 specification-tab-key_column ns_font_title_7 ns_font_title_6 ns_p_v_3\" title=\"Medf\u00f6ljande programvara\" scope=\"row\">\n<div class=\"ns_p_v_2\">\n<div class=\"\">Medf\u00f6ljande programvara<\/div>\n<\/div>\n<\/th>\n<td class=\"nsv-table-cell is-nsv-table-column-scrolled-right nsv-table-cell--odd_row ns_font_details\" headers=\"nsvTableHeader-3.0\">\n<div>\n<div class=\"ns_m_v_3 ns_p_v_2 ns_p_h_3\">SkyHawk Health Management<\/div>\n<\/div>\n<\/td>\n<\/tr>\n<\/tbody>\n<\/table>\n<\/div>\n<\/div>\n<\/div>\n<\/div>\n<div class=\"ns_font_title_6 ns_m_b_4 ns_m_t_8\">Tillverkarens garanti<\/div>\n<div class=\"nsv-table\">\n<div class=\"nsv-table-container\">\n<div class=\"nsv-scroll_container\">\n<div class=\"nsv-scroll_container-scrollable\">\n<table class=\"nsv-table-native is-nsv-table-horizontal ns_b_b\">\n<caption class=\"ns_visually_hidden\">\n<div class=\"ns_font_title_6 ns_m_b_4 ns_m_t_8\">Tillverkarens garanti<\/div>\n<\/caption>\n<tbody>\n<tr class=\"nsv-table-native-row isDraggable\">\n<th id=\"nsvTableHeader-2.0\" class=\"nsv-table-cell is-header-cell is-nsv-table-column-scrolled-right nsv-table-cell--odd_row nsv-keyvalue-table-header ns_font_title_7 specification-tab-key_column ns_font_title_7 ns_font_title_6 ns_p_v_3\" title=\"Service och support\" scope=\"row\">\n<div class=\"ns_p_v_2\">\n<div class=\"\">Service och support<\/div>\n<\/div>\n<\/th>\n<td class=\"nsv-table-cell is-nsv-table-column-scrolled-right nsv-table-cell--odd_row ns_font_details\" headers=\"nsvTableHeader-2.0\">\n<div>\n<div class=\"ns_m_v_3 ns_p_v_2 ns_p_h_3\">Begr\u00e4nsad garanti &#8211; 3 \u00e5r<\/div>\n<\/div>\n<\/td>\n<\/tr>\n<\/tbody>\n<\/table>\n<\/div>\n<\/div>\n<\/div>\n<\/div>\n<div class=\"ns_font_title_6 ns_m_b_4 ns_m_t_8\">Milj\u00f6parametrar<\/div>\n<div class=\"nsv-table\">\n<div class=\"nsv-table-container\">\n<div class=\"nsv-scroll_container\">\n<div class=\"nsv-scroll_container-scrollable\">\n<table class=\"nsv-table-native is-nsv-table-horizontal ns_b_b\">\n<caption class=\"ns_visually_hidden\">Milj\u00f6parametrar<\/caption>\n<tbody>\n<tr class=\"nsv-table-native-row isDraggable\">\n<th id=\"nsvTableHeader-1.0\" class=\"nsv-table-cell is-header-cell is-nsv-table-column-scrolled-right nsv-table-cell--odd_row nsv-keyvalue-table-header ns_font_title_7 specification-tab-key_column ns_font_title_7 ns_font_title_6 ns_p_v_3\" title=\"Min temperatur vid drift\" scope=\"row\">\n<div class=\"ns_p_v_2\">\n<div class=\"\">Min temperatur vid drift<\/div>\n<\/div>\n<\/th>\n<td class=\"nsv-table-cell is-nsv-table-column-scrolled-right nsv-table-cell--odd_row ns_font_details\" headers=\"nsvTableHeader-1.0\">\n<div>\n<div class=\"ns_m_v_3 ns_p_v_2 ns_p_h_3\">0 \u00b0C<\/div>\n<\/div>\n<\/td>\n<\/tr>\n<tr class=\"nsv-table-native-row isDraggable\">\n<th id=\"nsvTableHeader-1.1\" class=\"nsv-table-cell is-header-cell is-nsv-table-column-scrolled-right nsv-table-cell--even_row nsv-keyvalue-table-header ns_font_title_7 specification-tab-key_column ns_font_title_7 ns_font_title_6 ns_p_v_3\" title=\"Max temperatur vid drift\" scope=\"row\">\n<div class=\"ns_p_v_2\">\n<div class=\"\">Max temperatur vid drift<\/div>\n<\/div>\n<\/th>\n<td class=\"nsv-table-cell is-nsv-table-column-scrolled-right nsv-table-cell--even_row ns_font_details\" headers=\"nsvTableHeader-1.1\">\n<div>\n<div class=\"ns_m_v_3 ns_p_v_2 ns_p_h_3\">65 \u00b0C<\/div>\n<\/div>\n<\/td>\n<\/tr>\n<tr class=\"nsv-table-native-row isDraggable\">\n<th id=\"nsvTableHeader-1.2\" class=\"nsv-table-cell is-header-cell is-nsv-table-column-scrolled-right nsv-table-cell--odd_row nsv-keyvalue-table-header ns_font_title_7 specification-tab-key_column ns_font_title_7 ns_font_title_6 ns_p_v_3\" title=\"Min temperatur vid f\u00f6rvaring\" scope=\"row\">\n<div class=\"ns_p_v_2\">\n<div class=\"\">Min temperatur vid f\u00f6rvaring<\/div>\n<\/div>\n<\/th>\n<td class=\"nsv-table-cell is-nsv-table-column-scrolled-right nsv-table-cell--odd_row ns_font_details\" headers=\"nsvTableHeader-1.2\">\n<div>\n<div class=\"ns_m_v_3 ns_p_v_2 ns_p_h_3\">-40 \u00b0C<\/div>\n<\/div>\n<\/td>\n<\/tr>\n<\/tbody>\n<\/table>\n<\/div>\n<\/div>\n<\/div>\n<\/div>\n<\/div>","protected":false},"excerpt":{"rendered":"<p>F\u00f6rb\u00e4ttra din \u00f6vervakning med Seagate SkyHawk ST2000VX017. Denna 2TB h\u00e5rddisk erbjuder p\u00e5litlig prestanda och snabb data\u00f6verf\u00f6ring med SATA 6Gb\/s. Perfekt f\u00f6r DVR och NVR system, med robust tillf\u00f6rlitlighet och optimerad f\u00f6r kontinuerlig inspelning. Inkluderar 3 \u00e5rs Seagate Rescue Data Recovery-tj\u00e4nst f\u00f6r maximal dataskydd och trygghet.<\/p>","protected":false},"featured_media":81212,"template":"","meta":{"_acf_changed":false},"product_brand":[],"product_cat":[2756],"product_tag":[],"class_list":{"0":"post-70071","1":"product","2":"type-product","3":"status-publish","4":"has-post-thumbnail","6":"product_cat-harddisk-hdd-3-5","7":"product_shipping_class-tunga-paket","8":"pa_brands-seagate","9":"tm-no-options","11":"first","12":"outofstock","13":"sale","14":"taxable","15":"shipping-taxable","16":"product-type-simple"},"acf":[],"_links":{"self":[{"href":"https:\/\/stonehouse.se\/en\/wp-json\/wp\/v2\/product\/70071","targetHints":{"allow":["GET"]}}],"collection":[{"href":"https:\/\/stonehouse.se\/en\/wp-json\/wp\/v2\/product"}],"about":[{"href":"https:\/\/stonehouse.se\/en\/wp-json\/wp\/v2\/types\/product"}],"wp:featuredmedia":[{"embeddable":true,"href":"https:\/\/stonehouse.se\/en\/wp-json\/wp\/v2\/media\/81212"}],"wp:attachment":[{"href":"https:\/\/stonehouse.se\/en\/wp-json\/wp\/v2\/media?parent=70071"}],"wp:term":[{"taxonomy":"product_brand","embeddable":true,"href":"https:\/\/stonehouse.se\/en\/wp-json\/wp\/v2\/product_brand?post=70071"},{"taxonomy":"product_cat","embeddable":true,"href":"https:\/\/stonehouse.se\/en\/wp-json\/wp\/v2\/product_cat?post=70071"},{"taxonomy":"product_tag","embeddable":true,"href":"https:\/\/stonehouse.se\/en\/wp-json\/wp\/v2\/product_tag?post=70071"}],"curies":[{"name":"wp","href":"https:\/\/api.w.org\/{rel}","templated":true}]}}