
{"id":71897,"date":"2024-08-02T09:46:23","date_gmt":"2024-08-02T07:46:23","guid":{"rendered":"https:\/\/stonehouse.se\/?post_type=product&#038;p=71897"},"modified":"2026-04-08T16:48:30","modified_gmt":"2026-04-08T14:48:30","slug":"batteri-12v-08ah-5ar","status":"publish","type":"product","link":"https:\/\/stonehouse.se\/en\/product\/batteri-12v-08ah-5ar\/","title":{"rendered":"BATTERI 12V 0,8AH 5\u00c5R"},"content":{"rendered":"<p>NM1208-F9 12V\/0,8Ah \u00e4r ett ventilreglerat AGM-batteri med 5 \u00e5rs livsl\u00e4ngd passande f\u00f6r b\u00e5de standby och cyklisk drift. Ventilreglerad design med n\u00e4stan 100% syrgasrekombination vid standby applikationer. Kan anv\u00e4ndas inom ett brett temperaturomr\u00e5de med temperaturkompenserad laddning. Lagringstid vid temperatur +20\u00b0C till 25\u00b0C \u00e4r sj\u00e4lvurladdningen per m\u00e5nad ca. 3% av den nominella kapaciteten. Vikt: 0,33kg. M\u00e5tt(LxBxH) 96x25x62 mm. Poltyp: Kontakt VHR<\/p>","protected":false},"excerpt":{"rendered":"<p>Batteri 0.8Ah\u00a0f\u00f6r tele, larm och s\u00e4kerhetsanl\u00e4ggningar.<\/p>","protected":false},"featured_media":81328,"template":"","meta":{"_acf_changed":false},"product_brand":[],"product_cat":[516],"product_tag":[2681],"class_list":{"0":"post-71897","1":"product","2":"type-product","3":"status-publish","4":"has-post-thumbnail","6":"product_cat-ackumulator-batteri","7":"product_tag-batteri-1-6-ah","8":"tm-no-options","10":"first","11":"instock","12":"sale","13":"taxable","14":"shipping-taxable","15":"product-type-simple"},"acf":[],"_links":{"self":[{"href":"https:\/\/stonehouse.se\/en\/wp-json\/wp\/v2\/product\/71897","targetHints":{"allow":["GET"]}}],"collection":[{"href":"https:\/\/stonehouse.se\/en\/wp-json\/wp\/v2\/product"}],"about":[{"href":"https:\/\/stonehouse.se\/en\/wp-json\/wp\/v2\/types\/product"}],"wp:featuredmedia":[{"embeddable":true,"href":"https:\/\/stonehouse.se\/en\/wp-json\/wp\/v2\/media\/81328"}],"wp:attachment":[{"href":"https:\/\/stonehouse.se\/en\/wp-json\/wp\/v2\/media?parent=71897"}],"wp:term":[{"taxonomy":"product_brand","embeddable":true,"href":"https:\/\/stonehouse.se\/en\/wp-json\/wp\/v2\/product_brand?post=71897"},{"taxonomy":"product_cat","embeddable":true,"href":"https:\/\/stonehouse.se\/en\/wp-json\/wp\/v2\/product_cat?post=71897"},{"taxonomy":"product_tag","embeddable":true,"href":"https:\/\/stonehouse.se\/en\/wp-json\/wp\/v2\/product_tag?post=71897"}],"curies":[{"name":"wp","href":"https:\/\/api.w.org\/{rel}","templated":true}]}}