
{"id":72569,"date":"2024-09-02T12:37:09","date_gmt":"2024-09-02T10:37:09","guid":{"rendered":"https:\/\/stonehouse.se\/produkt\/assa-abloy-s5565113084-kortlasare-pcr40em-svart-iii\/"},"modified":"2026-04-09T11:36:46","modified_gmt":"2026-04-09T09:36:46","slug":"assa-abloy-s5565113084-kortlasare-pcr40em-svart-iii","status":"publish","type":"product","link":"https:\/\/stonehouse.se\/en\/product\/assa-abloy-s5565113084-kortlasare-pcr40em-svart-iii\/","title":{"rendered":"ASSA ABLOY S5565113084 Kortl\u00e4sare Pcr40em Svart Iii"},"content":{"rendered":"<h2 class=\"display-4 d-none d-md-block\">Product information<\/h2>\n<div id=\"collapseProductInformation\" class=\"product-presentation__accordion collapse d-md-block\">\n<div class=\"mb-3\">Porttelefon ECP30 \u00e4r en anv\u00e4ndarv\u00e4nlig porttelefon med inbyggd ber\u00f6ringsfri EM-l\u00e4sare och kodl\u00e5s. Inga namntavlor beh\u00f6vs d\u00e5 telefonen har belyst 3-radig display f\u00f6r att presentera namn p\u00e5 de boende.Porttelefonen ringer upp den boendes egna telefon. Om l\u00e4genheten \u00e4r k\u00e4nd kan \u00e4ven snabbnummer anv\u00e4ndas f\u00f6r att ringa upp.<\/div>\n<div class=\"mb-3\">Vid svar f\u00e5r sedan bes\u00f6karen ett svarsmeddelande i displayen som exempelvis informerar om v\u00e5ningsplan.Porttelefonen har upplysta tangenter och digital ljudhantering f\u00f6r b\u00e4sta anv\u00e4ndarmilj\u00f6.<\/div>\n<div class=\"mb-3\">Namnlistan i displayen samt snabbnumren kan schemastyras oberoende av varandra f\u00f6r att m\u00f6jligg\u00f6ra avst\u00e4ngning av namnlistan nattetid och d\u00e5 enbart acceptera direktnummer.ECP35 ansluts till centralenhet 9017 som kan hantera upp till \u00e5tta porttelefoner. Utbyggnad kan ske med upp till \u00e5tta porttelefoner i steg om tv\u00e5 anslutningar medloopkort 9018ES. Centralen ing\u00e5r i ARX systemet och ansluts till det publika telefonn\u00e4tet\/lokal v\u00e4xel med en SIP-konverter. Eller via IP telefontj\u00e4nsten ARX Tele, som tillhandah\u00e5ller m\u00f6jligheten till fler samtidiga samtal till enfast m\u00e5nadskostnad.M\u00e5tt: (hxbxd) 264x82x38 mm<\/div>\n<\/div>","protected":false},"excerpt":{"rendered":"<p>ASSA ABLOY S5565113084 Kortl\u00e4sare Pcr40em Svart Iii<\/p>","protected":false},"featured_media":81102,"template":"","meta":{"_acf_changed":false},"product_brand":[],"product_cat":[3466],"product_tag":[3465],"class_list":{"0":"post-72569","1":"product","2":"type-product","3":"status-publish","4":"has-post-thumbnail","6":"product_cat-assa-passer-lasare-port","7":"product_tag-assa-passer-lasare-port","8":"product_shipping_class-tunga-paket","9":"pa_brands-abloy","10":"tm-no-options","12":"first","13":"outofstock","14":"sale","15":"taxable","16":"shipping-taxable","17":"product-type-simple"},"acf":[],"_links":{"self":[{"href":"https:\/\/stonehouse.se\/en\/wp-json\/wp\/v2\/product\/72569","targetHints":{"allow":["GET"]}}],"collection":[{"href":"https:\/\/stonehouse.se\/en\/wp-json\/wp\/v2\/product"}],"about":[{"href":"https:\/\/stonehouse.se\/en\/wp-json\/wp\/v2\/types\/product"}],"wp:featuredmedia":[{"embeddable":true,"href":"https:\/\/stonehouse.se\/en\/wp-json\/wp\/v2\/media\/81102"}],"wp:attachment":[{"href":"https:\/\/stonehouse.se\/en\/wp-json\/wp\/v2\/media?parent=72569"}],"wp:term":[{"taxonomy":"product_brand","embeddable":true,"href":"https:\/\/stonehouse.se\/en\/wp-json\/wp\/v2\/product_brand?post=72569"},{"taxonomy":"product_cat","embeddable":true,"href":"https:\/\/stonehouse.se\/en\/wp-json\/wp\/v2\/product_cat?post=72569"},{"taxonomy":"product_tag","embeddable":true,"href":"https:\/\/stonehouse.se\/en\/wp-json\/wp\/v2\/product_tag?post=72569"}],"curies":[{"name":"wp","href":"https:\/\/api.w.org\/{rel}","templated":true}]}}