
{"id":72579,"date":"2024-09-02T12:37:11","date_gmt":"2024-09-02T10:37:11","guid":{"rendered":"https:\/\/stonehouse.se\/produkt\/assa-abloy-s559685984-vandalsakert-skydd-for-pando-secure-reader\/"},"modified":"2026-04-09T11:36:13","modified_gmt":"2026-04-09T09:36:13","slug":"assa-abloy-s559685984-vandalsakert-skydd-for-pando-secure-reader","status":"publish","type":"product","link":"https:\/\/stonehouse.se\/en\/product\/assa-abloy-s559685984-vandalsakert-skydd-for-pando-secure-reader\/","title":{"rendered":"ASSA ABLOY S559685984 Vandals\u00e4kert skydd f\u00f6r Pando Secure Reader"},"content":{"rendered":"<h2 class=\"display-4 d-none d-md-block\">Product information<\/h2>\n<div id=\"collapseProductInformation\" class=\"product-presentation__accordion collapse d-md-block\">\n<div class=\"mb-3\">Vandalskydd som s\u00e4tts \u00f6ver befintligt skall vid behov \u00f6kat skydd mot yttre p\u00e5verkan. Tillverkat i svart slagt\u00e5ligt PETG plast.<\/div>\n<\/div>","protected":false},"excerpt":{"rendered":"<p>ASSA ABLOY S559685984 Vandals\u00e4kert skydd f\u00f6r Pando Secure Reader<\/p>","protected":false},"featured_media":81170,"template":"","meta":{"_acf_changed":false},"product_brand":[],"product_cat":[3466],"product_tag":[3465],"class_list":{"0":"post-72579","1":"product","2":"type-product","3":"status-publish","4":"has-post-thumbnail","6":"product_cat-assa-passer-lasare-port","7":"product_tag-assa-passer-lasare-port","8":"product_shipping_class-tunga-paket","9":"pa_brands-abloy","10":"tm-no-options","12":"first","13":"instock","14":"sale","15":"taxable","16":"shipping-taxable","17":"product-type-simple"},"acf":[],"_links":{"self":[{"href":"https:\/\/stonehouse.se\/en\/wp-json\/wp\/v2\/product\/72579","targetHints":{"allow":["GET"]}}],"collection":[{"href":"https:\/\/stonehouse.se\/en\/wp-json\/wp\/v2\/product"}],"about":[{"href":"https:\/\/stonehouse.se\/en\/wp-json\/wp\/v2\/types\/product"}],"wp:featuredmedia":[{"embeddable":true,"href":"https:\/\/stonehouse.se\/en\/wp-json\/wp\/v2\/media\/81170"}],"wp:attachment":[{"href":"https:\/\/stonehouse.se\/en\/wp-json\/wp\/v2\/media?parent=72579"}],"wp:term":[{"taxonomy":"product_brand","embeddable":true,"href":"https:\/\/stonehouse.se\/en\/wp-json\/wp\/v2\/product_brand?post=72579"},{"taxonomy":"product_cat","embeddable":true,"href":"https:\/\/stonehouse.se\/en\/wp-json\/wp\/v2\/product_cat?post=72579"},{"taxonomy":"product_tag","embeddable":true,"href":"https:\/\/stonehouse.se\/en\/wp-json\/wp\/v2\/product_tag?post=72579"}],"curies":[{"name":"wp","href":"https:\/\/api.w.org\/{rel}","templated":true}]}}