
{"id":72593,"date":"2024-09-02T12:37:11","date_gmt":"2024-09-02T10:37:11","guid":{"rendered":"https:\/\/stonehouse.se\/produkt\/assa-abloy-pando-secure-go-kontaktlos-kortlasare-med-bakgrundsbelyst-knappsats-ip54-12-24v-dc-s559885j084\/"},"modified":"2026-04-09T11:35:54","modified_gmt":"2026-04-09T09:35:54","slug":"assa-abloy-pando-secure-go-kontaktlos-kortlasare-med-bakgrundsbelyst-knappsats-ip54-12-24v-dc-s559885j084","status":"publish","type":"product","link":"https:\/\/stonehouse.se\/en\/product\/assa-abloy-pando-secure-go-kontaktlos-kortlasare-med-bakgrundsbelyst-knappsats-ip54-12-24v-dc-s559885j084\/","title":{"rendered":"ASSA ABLOY Pando Secure Go Kontaktl\u00f6s kortl\u00e4sare med bakgrundsbelyst knappsats, IP54, 12-24V DC (S559885J084)"},"content":{"rendered":"<h2 class=\"display-4 d-none d-md-block\">Product information<\/h2>\n<div id=\"collapseProductInformation\" class=\"product-presentation__accordion collapse d-md-block\">\n<div class=\"mb-3\">ASSA Pando\u2122 Secure \u00e4r en ber\u00f6ringsfri, generisk l\u00e4sare. Tidl\u00f6s och ergonomisk design med utbytbara skal som medf\u00f6r olika f\u00e4rgval. Levereras med svart skal i grundutf\u00f6rande. Flera f\u00e4rger finns att k\u00f6pa som tillval. M\u00f6jlighet finns \u00e4ven att best\u00e4lla kundunika f\u00e4rger. L\u00e4sarna \u00e4r anpassade f\u00f6r in- och utomhusbruk.Pando Secure st\u00f6djer ett flertal kortteknologier vilket ger en optimal m\u00f6jlighet till en anpassad s\u00e4kerhet f\u00f6r just ditt passersystem. Dessutom kan tv\u00e5 samtidiga kortteknologier hanteras, vilket skapar m\u00f6jlighet att succesivt migrera fr\u00e5n exempelvis MIFARE Classic till MIFARE DESFire EV1, utan att beh\u00f6va dubbla passerkort.F\u00f6r enkelt handhavande har l\u00e4saren upplysta symboler f\u00f6r kommunikation med anv\u00e4ndaren, gr\u00f6n och r\u00f6d indikering f\u00f6r larmstatus, indikering f\u00f6r giltigt och ogiltigt kort samt indikering f\u00f6r PIN-kod. Knappsatsen \u00e4r bakgrundsbelyst och knapparna \u00e4r slitt\u00e5liga av rostfritt st\u00e5l. Pando Secure st\u00f6der Hi-O\u2122 kommunikation med d\u00f6rrcentral. Med hj\u00e4lp av Hi-O\u2122 kan varje enhet (l\u00e4sare, l\u00e5s, o.s.v.) erbjuda intelligent drift\u00f6vervakning i realtid.Mobile Access med krypterad SEOS. UID\/Serienummeravl\u00e4sning av kort\/tagg i grundutf\u00f6rande. Kan konfigureras f\u00f6r krypterad DESFire-applikationsl\u00e4sning med High Secure Cards.Kommunikation med Hi-O till :DAC530\/DAC564\/DAC630 eller LCU9101\u2022 Snabb l\u00e4sning p\u00e5 30-40 mm l\u00e4savst\u00e5nd\u2022 L\u00e4steknik generisk 13,56MHz (MIFARE Classic, MIFARE Plus (niv\u00e5 1 och 3), MIFARE DESFire EV1, iCLASS och SEOS)\u2022 Har inbyggda sabotagekontakter mot skal och v\u00e4ggMaterial: halon-\/halogenfri ABS-gjuten bottenplattaSp\u00e4nning: 12-24V DC 50-85 mATemperaturomr\u00e5de: -25 till +70\u00baCM\u00e5tt: (bxhxd) 62x157x22 mm<\/div>\n<\/div>","protected":false},"excerpt":{"rendered":"<p>ASSA ABLOY Pando Secure Go Kontaktl\u00f6s kortl\u00e4sare med bakgrundsbelyst knappsats, IP54, 12-24V DC (S559885J084)<\/p>","protected":false},"featured_media":81151,"template":"","meta":{"_acf_changed":false},"product_brand":[],"product_cat":[3466],"product_tag":[3465],"class_list":{"0":"post-72593","1":"product","2":"type-product","3":"status-publish","4":"has-post-thumbnail","6":"product_cat-assa-passer-lasare-port","7":"product_tag-assa-passer-lasare-port","8":"product_shipping_class-tunga-paket","9":"pa_brands-abloy","10":"tm-no-options","12":"first","13":"onbackorder","14":"sale","15":"taxable","16":"shipping-taxable","17":"product-type-simple"},"acf":[],"_links":{"self":[{"href":"https:\/\/stonehouse.se\/en\/wp-json\/wp\/v2\/product\/72593","targetHints":{"allow":["GET"]}}],"collection":[{"href":"https:\/\/stonehouse.se\/en\/wp-json\/wp\/v2\/product"}],"about":[{"href":"https:\/\/stonehouse.se\/en\/wp-json\/wp\/v2\/types\/product"}],"wp:featuredmedia":[{"embeddable":true,"href":"https:\/\/stonehouse.se\/en\/wp-json\/wp\/v2\/media\/81151"}],"wp:attachment":[{"href":"https:\/\/stonehouse.se\/en\/wp-json\/wp\/v2\/media?parent=72593"}],"wp:term":[{"taxonomy":"product_brand","embeddable":true,"href":"https:\/\/stonehouse.se\/en\/wp-json\/wp\/v2\/product_brand?post=72593"},{"taxonomy":"product_cat","embeddable":true,"href":"https:\/\/stonehouse.se\/en\/wp-json\/wp\/v2\/product_cat?post=72593"},{"taxonomy":"product_tag","embeddable":true,"href":"https:\/\/stonehouse.se\/en\/wp-json\/wp\/v2\/product_tag?post=72593"}],"curies":[{"name":"wp","href":"https:\/\/api.w.org\/{rel}","templated":true}]}}