
{"id":72595,"date":"2024-09-02T12:37:12","date_gmt":"2024-09-02T10:37:12","guid":{"rendered":"https:\/\/stonehouse.se\/produkt\/assa-abloy-s559886j085-pando-display-go-kontaktlos-kortlasare-med-bakgrundsbelyst-knappsats-stod-for-desfire-kort-ip54\/"},"modified":"2026-04-09T11:33:38","modified_gmt":"2026-04-09T09:33:38","slug":"assa-abloy-s559886j085-pando-display-go-kontaktlos-kortlasare-med-bakgrundsbelyst-knappsats-stod-for-desfire-kort-ip54","status":"publish","type":"product","link":"https:\/\/stonehouse.se\/en\/product\/assa-abloy-s559886j085-pando-display-go-kontaktlos-kortlasare-med-bakgrundsbelyst-knappsats-stod-for-desfire-kort-ip54\/","title":{"rendered":"ASSA ABLOY S559886J085 Pando Display Go Kontaktl\u00f6s kortl\u00e4sare med bakgrundsbelyst knappsats, st\u00f6d f\u00f6r DESFire-kort, IP54"},"content":{"rendered":"<h3 id=\"pdp_productoverview\" class=\"item-headertop rd-prod-overview-hygiene\">Produkt\u00f6versikt<\/h3>\n<div class=\"pd-overview-details pd-show-full-overview\">\n<div class=\"headernamehrnone\">ASSA ABLOY Pando\u2122 Display Go \u00e4r en ber\u00f6ringsfri generisk l\u00e4sare f\u00f6r fysiska kort och taggar samt mobila kort. L\u00e4saren anv\u00e4nds f\u00f6r passage och drift av ARX Alarm vid d\u00f6rren eller som en kontrollpanel. ASSA ABLOY Pando\u2122 Display Go kan ocks\u00e5 anv\u00e4ndas som en offline uppdateringsl\u00e4sare med DESFire-kort\/taggar.<\/div>\n<div class=\"row headername\">\n<div class=\"item-header rd-hyg-item-header\"><strong>Huvudsakliga egenskaper<\/strong><\/div>\n<div class=\"row\">\n<ul>\n<li>L\u00e4steknologi &#8211; Generisk 13,56MHz (Mifare Classic, Mifare Ultralight (UID), Mifare DESFire EV1\/EV2\/EV3, NFC, iClass och SEOS)<\/li>\n<li>Str\u00f6mf\u00f6rbrukning Min 40mA, Max 48mA<\/li>\n<li>Sp\u00e4nningsmatning 12 \u2013 24V DC<\/li>\n<li>M\u00e5tt (mm) B 70 x H 185 x D 23<\/li>\n<li>Effektf\u00f6rbrukning 1,5W<\/li>\n<li>Temperaturomr\u00e5de -25\u00b0C till +55\u00b0C<\/li>\n<li>Luftfuktighet 5% &#8211; 95%<\/li>\n<li>IP-klassning IP54<\/li>\n<li>Vikt 324g<\/li>\n<\/ul>\n<\/div>\n<\/div>\n<\/div>","protected":false},"excerpt":{"rendered":"<p>ASSA ABLOY S559886J085 Pando Display Go Kontaktl\u00f6s kortl\u00e4sare med bakgrundsbelyst knappsats, st\u00f6d f\u00f6r DESFire-kort, IP54<\/p>","protected":false},"featured_media":81253,"template":"","meta":{"_acf_changed":false},"product_brand":[],"product_cat":[3466],"product_tag":[3465],"class_list":{"0":"post-72595","1":"product","2":"type-product","3":"status-publish","4":"has-post-thumbnail","6":"product_cat-assa-passer-lasare-port","7":"product_tag-assa-passer-lasare-port","8":"product_shipping_class-tunga-paket","9":"pa_brands-abloy","10":"tm-no-options","12":"first","13":"onbackorder","14":"sale","15":"taxable","16":"shipping-taxable","17":"product-type-simple"},"acf":[],"_links":{"self":[{"href":"https:\/\/stonehouse.se\/en\/wp-json\/wp\/v2\/product\/72595","targetHints":{"allow":["GET"]}}],"collection":[{"href":"https:\/\/stonehouse.se\/en\/wp-json\/wp\/v2\/product"}],"about":[{"href":"https:\/\/stonehouse.se\/en\/wp-json\/wp\/v2\/types\/product"}],"wp:featuredmedia":[{"embeddable":true,"href":"https:\/\/stonehouse.se\/en\/wp-json\/wp\/v2\/media\/81253"}],"wp:attachment":[{"href":"https:\/\/stonehouse.se\/en\/wp-json\/wp\/v2\/media?parent=72595"}],"wp:term":[{"taxonomy":"product_brand","embeddable":true,"href":"https:\/\/stonehouse.se\/en\/wp-json\/wp\/v2\/product_brand?post=72595"},{"taxonomy":"product_cat","embeddable":true,"href":"https:\/\/stonehouse.se\/en\/wp-json\/wp\/v2\/product_cat?post=72595"},{"taxonomy":"product_tag","embeddable":true,"href":"https:\/\/stonehouse.se\/en\/wp-json\/wp\/v2\/product_tag?post=72595"}],"curies":[{"name":"wp","href":"https:\/\/api.w.org\/{rel}","templated":true}]}}