
{"id":72601,"date":"2024-09-02T13:20:30","date_gmt":"2024-09-02T11:20:30","guid":{"rendered":"https:\/\/stonehouse.se\/?post_type=product&#038;p=72601"},"modified":"2026-04-09T11:33:29","modified_gmt":"2026-04-09T09:33:29","slug":"assa-abloy-s559018160-loopkort-9018","status":"publish","type":"product","link":"https:\/\/stonehouse.se\/en\/product\/assa-abloy-s559018160-loopkort-9018\/","title":{"rendered":"ASSA ABLOY S559018160 Loopkort 9018"},"content":{"rendered":"<p>Loopkort 9018ES. F\u00f6r utbyggnad av centralenhet LCU9017. Varje extra kort ger plats f\u00f6r ytterligare tv\u00e5 porttelefoner.<\/p>","protected":false},"excerpt":{"rendered":"<p>ASSA ABLOY S559018160 Loopkort 9018<\/p>","protected":false},"featured_media":81123,"template":"","meta":{"_acf_changed":false},"product_brand":[],"product_cat":[3467],"product_tag":[3464],"class_list":{"0":"post-72601","1":"product","2":"type-product","3":"status-publish","4":"has-post-thumbnail","6":"product_cat-assa-passer-central","7":"product_tag-assa-passer-central","8":"product_shipping_class-tunga-paket","9":"pa_brands-abloy","10":"tm-no-options","12":"first","13":"instock","14":"sale","15":"taxable","16":"shipping-taxable","17":"product-type-simple"},"acf":[],"_links":{"self":[{"href":"https:\/\/stonehouse.se\/en\/wp-json\/wp\/v2\/product\/72601","targetHints":{"allow":["GET"]}}],"collection":[{"href":"https:\/\/stonehouse.se\/en\/wp-json\/wp\/v2\/product"}],"about":[{"href":"https:\/\/stonehouse.se\/en\/wp-json\/wp\/v2\/types\/product"}],"wp:featuredmedia":[{"embeddable":true,"href":"https:\/\/stonehouse.se\/en\/wp-json\/wp\/v2\/media\/81123"}],"wp:attachment":[{"href":"https:\/\/stonehouse.se\/en\/wp-json\/wp\/v2\/media?parent=72601"}],"wp:term":[{"taxonomy":"product_brand","embeddable":true,"href":"https:\/\/stonehouse.se\/en\/wp-json\/wp\/v2\/product_brand?post=72601"},{"taxonomy":"product_cat","embeddable":true,"href":"https:\/\/stonehouse.se\/en\/wp-json\/wp\/v2\/product_cat?post=72601"},{"taxonomy":"product_tag","embeddable":true,"href":"https:\/\/stonehouse.se\/en\/wp-json\/wp\/v2\/product_tag?post=72601"}],"curies":[{"name":"wp","href":"https:\/\/api.w.org\/{rel}","templated":true}]}}