
{"id":72609,"date":"2024-09-02T13:20:31","date_gmt":"2024-09-02T11:20:31","guid":{"rendered":"https:\/\/stonehouse.se\/produkt\/assa-abloy-s5591013160-loopkort-9101-d3\/"},"modified":"2026-04-09T11:33:25","modified_gmt":"2026-04-09T09:33:25","slug":"assa-abloy-s5591013160-loopkort-9101-d3","status":"publish","type":"product","link":"https:\/\/stonehouse.se\/en\/product\/assa-abloy-s5591013160-loopkort-9101-d3\/","title":{"rendered":"ASSA ABLOY S5591013160 Loopkort 9101 D3"},"content":{"rendered":"<p>Loppkort till centralenhet LCU911 eller RX9101. Anslutningsm\u00f6jlighet f\u00f6r tre stycken d\u00f6rrmilj\u00f6er med DAC\/PCR\/DBL. Har tv\u00e5 programmerbara rel\u00e4er, blockeringsing\u00e5ng, extern larmtillslagsing\u00e5ng.<\/p>","protected":false},"excerpt":{"rendered":"<p>ASSA ABLOY S5591013160 Loopkort 9101 D3<\/p>","protected":false},"featured_media":81121,"template":"","meta":{"_acf_changed":false},"product_brand":[],"product_cat":[3467],"product_tag":[3464],"class_list":{"0":"post-72609","1":"product","2":"type-product","3":"status-publish","4":"has-post-thumbnail","6":"product_cat-assa-passer-central","7":"product_tag-assa-passer-central","8":"product_shipping_class-tunga-paket","9":"pa_brands-abloy","10":"tm-no-options","12":"first","13":"onbackorder","14":"sale","15":"taxable","16":"shipping-taxable","17":"product-type-simple"},"acf":[],"_links":{"self":[{"href":"https:\/\/stonehouse.se\/en\/wp-json\/wp\/v2\/product\/72609","targetHints":{"allow":["GET"]}}],"collection":[{"href":"https:\/\/stonehouse.se\/en\/wp-json\/wp\/v2\/product"}],"about":[{"href":"https:\/\/stonehouse.se\/en\/wp-json\/wp\/v2\/types\/product"}],"wp:featuredmedia":[{"embeddable":true,"href":"https:\/\/stonehouse.se\/en\/wp-json\/wp\/v2\/media\/81121"}],"wp:attachment":[{"href":"https:\/\/stonehouse.se\/en\/wp-json\/wp\/v2\/media?parent=72609"}],"wp:term":[{"taxonomy":"product_brand","embeddable":true,"href":"https:\/\/stonehouse.se\/en\/wp-json\/wp\/v2\/product_brand?post=72609"},{"taxonomy":"product_cat","embeddable":true,"href":"https:\/\/stonehouse.se\/en\/wp-json\/wp\/v2\/product_cat?post=72609"},{"taxonomy":"product_tag","embeddable":true,"href":"https:\/\/stonehouse.se\/en\/wp-json\/wp\/v2\/product_tag?post=72609"}],"curies":[{"name":"wp","href":"https:\/\/api.w.org\/{rel}","templated":true}]}}