
{"id":72615,"date":"2024-09-02T13:20:31","date_gmt":"2024-09-02T11:20:31","guid":{"rendered":"https:\/\/stonehouse.se\/produkt\/assa-abloy-s5590169n085-in-utgangsenhet-sio-2-16\/"},"modified":"2026-04-09T11:35:47","modified_gmt":"2026-04-09T09:35:47","slug":"assa-abloy-s5590169n085-in-utgangsenhet-sio-2-16","status":"publish","type":"product","link":"https:\/\/stonehouse.se\/en\/product\/assa-abloy-s5590169n085-in-utgangsenhet-sio-2-16\/","title":{"rendered":"ASSA ABLOY S5590169N085 In\/Utg\u00e5ngsenhet Sio 2-16"},"content":{"rendered":"<h3 id=\"pdp_productoverview\" class=\"item-headertop rd-prod-overview-hygiene\">Produkt\u00f6versikt<\/h3>\n<div class=\"pd-overview-details pd-show-full-overview\">\n<div class=\"headernamehrnone\">Uppt\u00e4ck effektiviteten hos ASSA ABLOY S5590169N085 In\/Utg\u00e5ngsenhet Sio 2-16, en robust enhet med 16 rel\u00e4utg\u00e5ngar f\u00f6r m\u00e5ngsidig styrning. Den drivs med en 24-28V DC-str\u00f6mf\u00f6rs\u00f6rjning och s\u00e4kerst\u00e4ller tillf\u00f6rlitlig prestanda. L\u00e4tt p\u00e5 bara 0,386 kg, det \u00e4r l\u00e4tt att installera och hantera.<\/div>\n<div class=\"headernamehrnone\">Den h\u00e4r enheten \u00e4r idealisk f\u00f6r att f\u00f6rb\u00e4ttra s\u00e4kerheten och automationssystem, och \u00e4r ett m\u00e5ste f\u00f6r proffs som s\u00f6ker toppklassiga l\u00f6sningar. Missa inte det, f\u00f6rb\u00e4ttra din installation idag!<\/div>\n<\/div>\n<div><\/div>\n<div class=\"pd-overview-details pd-show-full-overview\">\n<div class=\"row headername\">\n<div class=\"item-header rd-hyg-item-header\"><strong>Huvudsakliga egenskaper<\/strong><\/div>\n<div class=\"row\">\n<ul>\n<li>16 Rel\u00e4utg\u00e5ngar<\/li>\n<li>Matningssp\u00e4nning 24-28V DC<\/li>\n<li>Vikt 0,386 kg<\/li>\n<\/ul>\n<\/div>\n<\/div>\n<\/div>","protected":false},"excerpt":{"rendered":"<p>ASSA ABLOY S5590169N085 In\/Utg\u00e5ngsenhet Sio 2-16<\/p>","protected":false},"featured_media":81119,"template":"","meta":{"_acf_changed":false},"product_brand":[],"product_cat":[3467],"product_tag":[3464],"class_list":{"0":"post-72615","1":"product","2":"type-product","3":"status-publish","4":"has-post-thumbnail","6":"product_cat-assa-passer-central","7":"product_tag-assa-passer-central","8":"product_shipping_class-tunga-paket","9":"pa_brands-abloy","10":"tm-no-options","12":"first","13":"onbackorder","14":"sale","15":"taxable","16":"shipping-taxable","17":"product-type-simple"},"acf":[],"_links":{"self":[{"href":"https:\/\/stonehouse.se\/en\/wp-json\/wp\/v2\/product\/72615","targetHints":{"allow":["GET"]}}],"collection":[{"href":"https:\/\/stonehouse.se\/en\/wp-json\/wp\/v2\/product"}],"about":[{"href":"https:\/\/stonehouse.se\/en\/wp-json\/wp\/v2\/types\/product"}],"wp:featuredmedia":[{"embeddable":true,"href":"https:\/\/stonehouse.se\/en\/wp-json\/wp\/v2\/media\/81119"}],"wp:attachment":[{"href":"https:\/\/stonehouse.se\/en\/wp-json\/wp\/v2\/media?parent=72615"}],"wp:term":[{"taxonomy":"product_brand","embeddable":true,"href":"https:\/\/stonehouse.se\/en\/wp-json\/wp\/v2\/product_brand?post=72615"},{"taxonomy":"product_cat","embeddable":true,"href":"https:\/\/stonehouse.se\/en\/wp-json\/wp\/v2\/product_cat?post=72615"},{"taxonomy":"product_tag","embeddable":true,"href":"https:\/\/stonehouse.se\/en\/wp-json\/wp\/v2\/product_tag?post=72615"}],"curies":[{"name":"wp","href":"https:\/\/api.w.org\/{rel}","templated":true}]}}