
{"id":72617,"date":"2024-09-02T13:20:31","date_gmt":"2024-09-02T11:20:31","guid":{"rendered":"https:\/\/stonehouse.se\/produkt\/assa-abloy-s559185160-loopcort-9101r4850\/"},"modified":"2026-04-09T11:35:48","modified_gmt":"2026-04-09T09:35:48","slug":"assa-abloy-s559185160-loopcort-9101r4850","status":"publish","type":"product","link":"https:\/\/stonehouse.se\/en\/product\/assa-abloy-s559185160-loopcort-9101r4850\/","title":{"rendered":"ASSA ABLOY S559185160 Loopcort 9101r4850"},"content":{"rendered":"<h2 class=\"display-4 d-none d-md-block\">Product information<\/h2>\n<div id=\"collapseProductInformation\" class=\"product-presentation__accordion collapse d-md-block\">\n<div class=\"mb-3\">Loopkort till centralenhet LCU9101\/RX9101. Anslutningsm\u00f6jlighet f\u00f6r Aperio-l\u00e4sare med Comhub. Upp till 15 stycken l\u00e4sare kan anslutas.<\/div>\n<\/div>","protected":false},"excerpt":{"rendered":"<p>ASSA ABLOY S559185160 Loopcort 9101r4850<\/p>","protected":false},"featured_media":81169,"template":"","meta":{"_acf_changed":false},"product_brand":[],"product_cat":[3467],"product_tag":[3464],"class_list":{"0":"post-72617","1":"product","2":"type-product","3":"status-publish","4":"has-post-thumbnail","6":"product_cat-assa-passer-central","7":"product_tag-assa-passer-central","8":"product_shipping_class-tunga-paket","9":"pa_brands-abloy","10":"tm-no-options","12":"first","13":"instock","14":"sale","15":"taxable","16":"shipping-taxable","17":"product-type-simple"},"acf":[],"_links":{"self":[{"href":"https:\/\/stonehouse.se\/en\/wp-json\/wp\/v2\/product\/72617","targetHints":{"allow":["GET"]}}],"collection":[{"href":"https:\/\/stonehouse.se\/en\/wp-json\/wp\/v2\/product"}],"about":[{"href":"https:\/\/stonehouse.se\/en\/wp-json\/wp\/v2\/types\/product"}],"wp:featuredmedia":[{"embeddable":true,"href":"https:\/\/stonehouse.se\/en\/wp-json\/wp\/v2\/media\/81169"}],"wp:attachment":[{"href":"https:\/\/stonehouse.se\/en\/wp-json\/wp\/v2\/media?parent=72617"}],"wp:term":[{"taxonomy":"product_brand","embeddable":true,"href":"https:\/\/stonehouse.se\/en\/wp-json\/wp\/v2\/product_brand?post=72617"},{"taxonomy":"product_cat","embeddable":true,"href":"https:\/\/stonehouse.se\/en\/wp-json\/wp\/v2\/product_cat?post=72617"},{"taxonomy":"product_tag","embeddable":true,"href":"https:\/\/stonehouse.se\/en\/wp-json\/wp\/v2\/product_tag?post=72617"}],"curies":[{"name":"wp","href":"https:\/\/api.w.org\/{rel}","templated":true}]}}