
{"id":72619,"date":"2024-09-02T13:20:31","date_gmt":"2024-09-02T11:20:31","guid":{"rendered":"https:\/\/stonehouse.se\/produkt\/assa-abloy-dac630-dorrkontrollenhet-och-sio6-4-tillaggskort-s5566504000\/"},"modified":"2026-04-09T11:37:35","modified_gmt":"2026-04-09T09:37:35","slug":"assa-abloy-dac630-dorrkontrollenhet-och-sio6-4-tillaggskort-s5566504000","status":"publish","type":"product","link":"https:\/\/stonehouse.se\/en\/product\/assa-abloy-dac630-dorrkontrollenhet-och-sio6-4-tillaggskort-s5566504000\/","title":{"rendered":"ASSA ABLOY DAC630 d\u00f6rrkontrollenhet och SIO6-4 till\u00e4ggskort (S5566504000)"},"content":{"rendered":"<h3 id=\"pdp_productoverview\" class=\"item-headertop rd-prod-overview-hygiene\">Produkt\u00f6versikt<\/h3>\n<div class=\"pd-overview-details pd-show-full-overview\">\n<div class=\"headernamehrnone\">DAC630 \u00e4r b\u00e5de en kommunikationsenhet och en intelligent terminalblock som \u00e4r utformad f\u00f6r att monteras i varje d\u00f6rrmilj\u00f6. Till varje enhet kan ett elektriskt l\u00e5s, ett motorl\u00e5s, en l\u00e4sare och en \u00f6ppningsknapp anslutas. DAC630 \u00e4r en Hi-O-enhet som kan anslutas till en Hi-O-buss, men den kan ocks\u00e5 anv\u00e4ndas som en traditionell DAC och sedan anslutas till icke-Hi-O-enheter, t.ex. l\u00e4sare, elektriska l\u00e5s och \u00f6ppningsknappar. Hi-O inneb\u00e4r att enheterna har en inbyggd processor och kommunicerar med varandra f\u00f6r att m\u00f6jligg\u00f6ra plug-and-play-installation. Med hj\u00e4lp av Hi-O kan varje enhet erbjuda intelligent drift\u00f6vervakning i realtid.SIO6-4 ansluts tillsammans med DAC 630 i samma sk\u00e5p. SIO6-4 har sex ing\u00e5ngar och fyra utg\u00e5ngar, varav tre \u00e4r rel\u00e4utg\u00e5ngar med NO\/NC-val via en jumper och en \u00f6vervakad transistorutg\u00e5ng. De sex ing\u00e5ngarna \u00e4r programmerbara och kan fungera som normalt \u00f6ppna eller normalt st\u00e4ngda, dubbelbalanserade med valfria motst\u00e5ndsv\u00e4rden (standard 2K2 ohm). Trippelbalansering \u00e4r ocks\u00e5 m\u00f6jlig n\u00e4r t\u00e4ckningslarm fr\u00e5n detektorer anv\u00e4nds. SIO6-4-kortet kan hantera str\u00f6mslingor p\u00e5 alla ing\u00e5ngar, t.ex. slinganslutna glasdetektorer och branddetektorer. Alla in- och utg\u00e5ngar har LED-indikeringar f\u00f6r att f\u00f6renkla installation och fels\u00f6kning.<\/div>\n<div class=\"row headername\">\n<div class=\"item-header rd-hyg-item-header\"><strong>Huvudsakliga egenskaper<\/strong><\/div>\n<div class=\"row\">\n<ul>\n<li>6 ing\u00e5ngar<\/li>\n<li>3-Relay-utg\u00e5ngar<\/li>\n<li>1-\u00d6vervakad transistorutg\u00e5ng<\/li>\n<li>Aux 12V DC<\/li>\n<li>Matningssp\u00e4nning 12-30V DC 12-24V AC (SIO6-4-kortet matas via DAC:s interna sp\u00e4nning)<\/li>\n<li>50 mA Str\u00f6mf\u00f6rbrukning<\/li>\n<li>Temperaturomr\u00e5de 10 till 40\u00b0C<\/li>\n<li>Luftfuktighet 75% (icke-kondenserande)<\/li>\n<li>Milj\u00f6klass 2<\/li>\n<\/ul>\n<\/div>\n<\/div>\n<\/div>","protected":false},"excerpt":{"rendered":"<p>ASSA ABLOY DAC630 d\u00f6rrkontrollenhet och SIO6-4 till\u00e4ggskort (S5566504000)<\/p>","protected":false},"featured_media":81167,"template":"","meta":{"_acf_changed":false},"product_brand":[],"product_cat":[3467],"product_tag":[3464],"class_list":{"0":"post-72619","1":"product","2":"type-product","3":"status-publish","4":"has-post-thumbnail","6":"product_cat-assa-passer-central","7":"product_tag-assa-passer-central","8":"product_shipping_class-tunga-paket","9":"pa_brands-abloy","10":"tm-no-options","12":"first","13":"instock","14":"sale","15":"taxable","16":"shipping-taxable","17":"product-type-simple"},"acf":[],"_links":{"self":[{"href":"https:\/\/stonehouse.se\/en\/wp-json\/wp\/v2\/product\/72619","targetHints":{"allow":["GET"]}}],"collection":[{"href":"https:\/\/stonehouse.se\/en\/wp-json\/wp\/v2\/product"}],"about":[{"href":"https:\/\/stonehouse.se\/en\/wp-json\/wp\/v2\/types\/product"}],"wp:featuredmedia":[{"embeddable":true,"href":"https:\/\/stonehouse.se\/en\/wp-json\/wp\/v2\/media\/81167"}],"wp:attachment":[{"href":"https:\/\/stonehouse.se\/en\/wp-json\/wp\/v2\/media?parent=72619"}],"wp:term":[{"taxonomy":"product_brand","embeddable":true,"href":"https:\/\/stonehouse.se\/en\/wp-json\/wp\/v2\/product_brand?post=72619"},{"taxonomy":"product_cat","embeddable":true,"href":"https:\/\/stonehouse.se\/en\/wp-json\/wp\/v2\/product_cat?post=72619"},{"taxonomy":"product_tag","embeddable":true,"href":"https:\/\/stonehouse.se\/en\/wp-json\/wp\/v2\/product_tag?post=72619"}],"curies":[{"name":"wp","href":"https:\/\/api.w.org\/{rel}","templated":true}]}}